{"id":4110,"date":"2024-10-08T16:45:05","date_gmt":"2024-10-08T14:45:05","guid":{"rendered":"https:\/\/lamalaguetatour.com\/wizyty-na-arenie-walk-bykow-w-maladze\/"},"modified":"2025-07-17T10:12:16","modified_gmt":"2025-07-17T08:12:16","slug":"wizyty-na-arenie-walk-bykow-w-maladze","status":"publish","type":"page","link":"https:\/\/lamalaguetatour.com\/pl\/wizyty-na-arenie-walk-bykow-w-maladze\/","title":{"rendered":"Wizyty na arenie walk byk\u00f3w w Maladze"},"content":{"rendered":"<section class=\"l-section wpb_row height_large\"><div class=\"l-section-h i-cf\"><div class=\"g-cols vc_row via_grid cols_1 laptops-cols_inherit tablets-cols_inherit mobiles-cols_1 valign_top type_default stacking_default\"><div class=\"wpb_column vc_column_container us_custom_733cf2a7 has_bg_color\"><div class=\"vc_column-inner\"><div class=\"wpb_text_column\"><div class=\"wpb_wrapper\"><h2 style=\"text-align: center;\"><span style=\"color: #ffffff;\">Kup bilety na wycieczk\u0119<\/span><\/h2>\n<\/div><\/div><div class=\"w-separator size_large\"><\/div><div class=\"g-cols wpb_row via_grid cols_3 laptops-cols_inherit tablets-cols_inherit mobiles-cols_1 valign_top type_default stacking_default\" style=\"--columns-gap:3rem;\"><div class=\"wpb_column vc_column_container us_custom_50e50144 has_bg_color\"><div class=\"vc_column-inner\"><div class=\"wpb_text_column\"><div class=\"wpb_wrapper\"><h3 style=\"text-align: center;\">Wizyta indywidualna<\/h3>\n<p style=\"text-align: center;\">Audioprzewodnik + Wizyta na arenie byk\u00f3w + Muzeum + Wci\u0105gaj\u0105ce do\u015bwiadczenia<\/p>\n<\/div><\/div><div class=\"w-separator size_small\"><\/div><div class=\"w-btn-wrapper align_center\"><a class=\"w-btn us-btn-style_1 icon_atleft\" href=\"https:\/\/lamalaguetatour.com\/visitas-individuales\/\"><i class=\"fas fa-ticket-alt\"><\/i><span class=\"w-btn-label\">Kup bilety<\/span><\/a><\/div><\/div><\/div><div class=\"wpb_column vc_column_container us_custom_50e50144 has_bg_color\"><div class=\"vc_column-inner\"><div class=\"wpb_text_column\"><div class=\"wpb_wrapper\"><h3 style=\"text-align: center;\">Prywatna wizyta<\/h3>\n<div class=\"wpb_text_column\">\n<div class=\"wpb_wrapper\">\n<p style=\"text-align: center;\">Prywatny przewodnik + Wizyta na arenie byk\u00f3w + Muzeum + Wci\u0105gaj\u0105ce do\u015bwiadczenia<\/p>\n<\/div>\n<\/div>\n<\/div><\/div><div class=\"w-separator size_small\"><\/div><div class=\"w-btn-wrapper align_center\"><a class=\"w-btn us-btn-style_1 icon_atleft\" href=\"https:\/\/lamalaguetatour.com\/pl\/prywatna-wycieczka-z-przewodnikiem\/\"><i class=\"fas fa-ticket-alt\"><\/i><span class=\"w-btn-label\">Kup bilety<\/span><\/a><\/div><\/div><\/div><div class=\"wpb_column vc_column_container us_custom_a4a6f251 has_bg_color\"><div class=\"vc_column-inner\"><div class=\"wpb_text_column\"><div class=\"wpb_wrapper\"><h3 style=\"text-align: center;\">Wej\u015bcie grupowe<\/h3>\n<p style=\"text-align: center;\"><span>Prywatny przewodnik + Wizyta na arenie byk\u00f3w + Muzeum + Wci\u0105gaj\u0105ce do\u015bwiadczenia<\/span><\/p>\n<\/div><\/div><div class=\"w-separator size_small\"><\/div><div class=\"w-btn-wrapper align_center\"><a class=\"w-btn us-btn-style_1 icon_atleft\" href=\"https:\/\/lamalaguetatour.com\/visita-guiada-para-grupos\/\"><i class=\"fas fa-ticket-alt\"><\/i><span class=\"w-btn-label\">Kup bilety<\/span><\/a><\/div><\/div><\/div><\/div><div class=\"w-separator size_medium\"><\/div><\/div><\/div><\/div><\/div><\/section>\n","protected":false},"excerpt":{"rendered":"Kup bilety na wycieczk\u0119 Wizyta indywidualna Audioprzewodnik + Wizyta na arenie byk\u00f3w + Muzeum + Wci\u0105gaj\u0105ce do\u015bwiadczenia Kup biletyPrywatna wizyta Prywatny przewodnik + Wizyta na arenie byk\u00f3w + Muzeum + Wci\u0105gaj\u0105ce do\u015bwiadczenia Kup biletyWej\u015bcie grupowe Prywatny przewodnik + Wizyta na arenie byk\u00f3w + Muzeum + Wci\u0105gaj\u0105ce do\u015bwiadczenia Kup bilety","protected":false},"author":2,"featured_media":0,"parent":0,"menu_order":0,"comment_status":"closed","ping_status":"closed","template":"","meta":{"footnotes":""},"class_list":["post-4110","page","type-page","status-publish","hentry"],"yoast_head":"<!-- This site is optimized with the Yoast SEO plugin v27.5 - https:\/\/yoast.com\/product\/yoast-seo-wordpress\/ -->\n<title>Zwiedzanie Plaza de Toros i Muzeum Immersivo | La Malagueta Tour<\/title>\n<meta name=\"description\" content=\"Poznaj tradycj\u0119 walk byk\u00f3w podczas wycieczki Bullring + Bullfighting Museum of Malaga, La Malagueta Tour | Zarezerwuj bilet tutaj.\" \/>\n<meta name=\"robots\" content=\"noindex, follow\" \/>\n<meta property=\"og:locale\" content=\"pl_PL\" \/>\n<meta property=\"og:type\" content=\"article\" \/>\n<meta property=\"og:title\" content=\"Zwiedzanie Plaza de Toros i Muzeum Immersivo | La Malagueta Tour\" \/>\n<meta property=\"og:description\" content=\"Poznaj tradycj\u0119 walk byk\u00f3w podczas wycieczki Bullring + Bullfighting Museum of Malaga, La Malagueta Tour | Zarezerwuj bilet tutaj.\" \/>\n<meta property=\"og:url\" content=\"https:\/\/lamalaguetatour.com\/pl\/wizyty-na-arenie-walk-bykow-w-maladze\/\" \/>\n<meta property=\"og:site_name\" content=\"La Malagueta Tour\" \/>\n<meta property=\"article:publisher\" content=\"https:\/\/www.facebook.com\/plazamalaguetatour\/\" \/>\n<meta property=\"article:modified_time\" content=\"2025-07-17T08:12:16+00:00\" \/>\n<meta name=\"twitter:card\" content=\"summary_large_image\" \/>\n<meta name=\"twitter:label1\" content=\"Szacowany czas czytania\" \/>\n\t<meta name=\"twitter:data1\" content=\"2 minuty\" \/>\n<script type=\"application\/ld+json\" class=\"yoast-schema-graph\">{\"@context\":\"https:\\\/\\\/schema.org\",\"@graph\":[{\"@type\":\"WebPage\",\"@id\":\"https:\\\/\\\/lamalaguetatour.com\\\/pl\\\/wizyty-na-arenie-walk-bykow-w-maladze\\\/\",\"url\":\"https:\\\/\\\/lamalaguetatour.com\\\/pl\\\/wizyty-na-arenie-walk-bykow-w-maladze\\\/\",\"name\":\"Zwiedzanie Plaza de Toros i Muzeum Immersivo | La Malagueta Tour\",\"isPartOf\":{\"@id\":\"https:\\\/\\\/lamalaguetatour.com\\\/pl\\\/#website\"},\"datePublished\":\"2024-10-08T14:45:05+00:00\",\"dateModified\":\"2025-07-17T08:12:16+00:00\",\"description\":\"Poznaj tradycj\u0119 walk byk\u00f3w podczas wycieczki Bullring + Bullfighting Museum of Malaga, La Malagueta Tour | Zarezerwuj bilet tutaj.\",\"breadcrumb\":{\"@id\":\"https:\\\/\\\/lamalaguetatour.com\\\/pl\\\/wizyty-na-arenie-walk-bykow-w-maladze\\\/#breadcrumb\"},\"inLanguage\":\"pl-PL\",\"potentialAction\":[{\"@type\":\"ReadAction\",\"target\":[\"https:\\\/\\\/lamalaguetatour.com\\\/pl\\\/wizyty-na-arenie-walk-bykow-w-maladze\\\/\"]}]},{\"@type\":\"BreadcrumbList\",\"@id\":\"https:\\\/\\\/lamalaguetatour.com\\\/pl\\\/wizyty-na-arenie-walk-bykow-w-maladze\\\/#breadcrumb\",\"itemListElement\":[{\"@type\":\"ListItem\",\"position\":1,\"name\":\"Portada\",\"item\":\"https:\\\/\\\/lamalaguetatour.com\\\/pl\\\/\"},{\"@type\":\"ListItem\",\"position\":2,\"name\":\"Wizyty na arenie walk byk\u00f3w w Maladze\"}]},{\"@type\":\"WebSite\",\"@id\":\"https:\\\/\\\/lamalaguetatour.com\\\/pl\\\/#website\",\"url\":\"https:\\\/\\\/lamalaguetatour.com\\\/pl\\\/\",\"name\":\"La Malagueta Tour\",\"description\":\"Tour Plaza de Toros M\u00e1laga\",\"publisher\":{\"@id\":\"https:\\\/\\\/lamalaguetatour.com\\\/pl\\\/#organization\"},\"potentialAction\":[{\"@type\":\"SearchAction\",\"target\":{\"@type\":\"EntryPoint\",\"urlTemplate\":\"https:\\\/\\\/lamalaguetatour.com\\\/pl\\\/?s={search_term_string}\"},\"query-input\":{\"@type\":\"PropertyValueSpecification\",\"valueRequired\":true,\"valueName\":\"search_term_string\"}}],\"inLanguage\":\"pl-PL\"},{\"@type\":\"Organization\",\"@id\":\"https:\\\/\\\/lamalaguetatour.com\\\/pl\\\/#organization\",\"name\":\"La Malagueta Tour\",\"url\":\"https:\\\/\\\/lamalaguetatour.com\\\/pl\\\/\",\"logo\":{\"@type\":\"ImageObject\",\"inLanguage\":\"pl-PL\",\"@id\":\"https:\\\/\\\/lamalaguetatour.com\\\/pl\\\/#\\\/schema\\\/logo\\\/image\\\/\",\"url\":\"https:\\\/\\\/lamalaguetatour.com\\\/wp-content\\\/uploads\\\/2024\\\/12\\\/cropped-Logo.webp\",\"contentUrl\":\"https:\\\/\\\/lamalaguetatour.com\\\/wp-content\\\/uploads\\\/2024\\\/12\\\/cropped-Logo.webp\",\"width\":512,\"height\":512,\"caption\":\"La Malagueta Tour\"},\"image\":{\"@id\":\"https:\\\/\\\/lamalaguetatour.com\\\/pl\\\/#\\\/schema\\\/logo\\\/image\\\/\"},\"sameAs\":[\"https:\\\/\\\/www.facebook.com\\\/plazamalaguetatour\\\/\",\"https:\\\/\\\/www.instagram.com\\\/plazamalagueta_tour\\\/\"]}]}<\/script>\n<!-- \/ Yoast SEO plugin. -->","yoast_head_json":{"title":"Zwiedzanie Plaza de Toros i Muzeum Immersivo | La Malagueta Tour","description":"Poznaj tradycj\u0119 walk byk\u00f3w podczas wycieczki Bullring + Bullfighting Museum of Malaga, La Malagueta Tour | Zarezerwuj bilet tutaj.","robots":{"index":"noindex","follow":"follow"},"og_locale":"pl_PL","og_type":"article","og_title":"Zwiedzanie Plaza de Toros i Muzeum Immersivo | La Malagueta Tour","og_description":"Poznaj tradycj\u0119 walk byk\u00f3w podczas wycieczki Bullring + Bullfighting Museum of Malaga, La Malagueta Tour | Zarezerwuj bilet tutaj.","og_url":"https:\/\/lamalaguetatour.com\/pl\/wizyty-na-arenie-walk-bykow-w-maladze\/","og_site_name":"La Malagueta Tour","article_publisher":"https:\/\/www.facebook.com\/plazamalaguetatour\/","article_modified_time":"2025-07-17T08:12:16+00:00","twitter_card":"summary_large_image","twitter_misc":{"Szacowany czas czytania":"2 minuty"},"schema":{"@context":"https:\/\/schema.org","@graph":[{"@type":"WebPage","@id":"https:\/\/lamalaguetatour.com\/pl\/wizyty-na-arenie-walk-bykow-w-maladze\/","url":"https:\/\/lamalaguetatour.com\/pl\/wizyty-na-arenie-walk-bykow-w-maladze\/","name":"Zwiedzanie Plaza de Toros i Muzeum Immersivo | La Malagueta Tour","isPartOf":{"@id":"https:\/\/lamalaguetatour.com\/pl\/#website"},"datePublished":"2024-10-08T14:45:05+00:00","dateModified":"2025-07-17T08:12:16+00:00","description":"Poznaj tradycj\u0119 walk byk\u00f3w podczas wycieczki Bullring + Bullfighting Museum of Malaga, La Malagueta Tour | Zarezerwuj bilet tutaj.","breadcrumb":{"@id":"https:\/\/lamalaguetatour.com\/pl\/wizyty-na-arenie-walk-bykow-w-maladze\/#breadcrumb"},"inLanguage":"pl-PL","potentialAction":[{"@type":"ReadAction","target":["https:\/\/lamalaguetatour.com\/pl\/wizyty-na-arenie-walk-bykow-w-maladze\/"]}]},{"@type":"BreadcrumbList","@id":"https:\/\/lamalaguetatour.com\/pl\/wizyty-na-arenie-walk-bykow-w-maladze\/#breadcrumb","itemListElement":[{"@type":"ListItem","position":1,"name":"Portada","item":"https:\/\/lamalaguetatour.com\/pl\/"},{"@type":"ListItem","position":2,"name":"Wizyty na arenie walk byk\u00f3w w Maladze"}]},{"@type":"WebSite","@id":"https:\/\/lamalaguetatour.com\/pl\/#website","url":"https:\/\/lamalaguetatour.com\/pl\/","name":"La Malagueta Tour","description":"Tour Plaza de Toros M\u00e1laga","publisher":{"@id":"https:\/\/lamalaguetatour.com\/pl\/#organization"},"potentialAction":[{"@type":"SearchAction","target":{"@type":"EntryPoint","urlTemplate":"https:\/\/lamalaguetatour.com\/pl\/?s={search_term_string}"},"query-input":{"@type":"PropertyValueSpecification","valueRequired":true,"valueName":"search_term_string"}}],"inLanguage":"pl-PL"},{"@type":"Organization","@id":"https:\/\/lamalaguetatour.com\/pl\/#organization","name":"La Malagueta Tour","url":"https:\/\/lamalaguetatour.com\/pl\/","logo":{"@type":"ImageObject","inLanguage":"pl-PL","@id":"https:\/\/lamalaguetatour.com\/pl\/#\/schema\/logo\/image\/","url":"https:\/\/lamalaguetatour.com\/wp-content\/uploads\/2024\/12\/cropped-Logo.webp","contentUrl":"https:\/\/lamalaguetatour.com\/wp-content\/uploads\/2024\/12\/cropped-Logo.webp","width":512,"height":512,"caption":"La Malagueta Tour"},"image":{"@id":"https:\/\/lamalaguetatour.com\/pl\/#\/schema\/logo\/image\/"},"sameAs":["https:\/\/www.facebook.com\/plazamalaguetatour\/","https:\/\/www.instagram.com\/plazamalagueta_tour\/"]}]}},"_links":{"self":[{"href":"https:\/\/lamalaguetatour.com\/pl\/wp-json\/wp\/v2\/pages\/4110","targetHints":{"allow":["GET"]}}],"collection":[{"href":"https:\/\/lamalaguetatour.com\/pl\/wp-json\/wp\/v2\/pages"}],"about":[{"href":"https:\/\/lamalaguetatour.com\/pl\/wp-json\/wp\/v2\/types\/page"}],"author":[{"embeddable":true,"href":"https:\/\/lamalaguetatour.com\/pl\/wp-json\/wp\/v2\/users\/2"}],"replies":[{"embeddable":true,"href":"https:\/\/lamalaguetatour.com\/pl\/wp-json\/wp\/v2\/comments?post=4110"}],"version-history":[{"count":2,"href":"https:\/\/lamalaguetatour.com\/pl\/wp-json\/wp\/v2\/pages\/4110\/revisions"}],"predecessor-version":[{"id":4117,"href":"https:\/\/lamalaguetatour.com\/pl\/wp-json\/wp\/v2\/pages\/4110\/revisions\/4117"}],"wp:attachment":[{"href":"https:\/\/lamalaguetatour.com\/pl\/wp-json\/wp\/v2\/media?parent=4110"}],"curies":[{"name":"wp","href":"https:\/\/api.w.org\/{rel}","templated":true}]}}