{"id":4036,"date":"2025-07-10T12:28:25","date_gmt":"2025-07-10T10:28:25","guid":{"rendered":"https:\/\/lamalaguetatour.com\/bilety-na-walki-bykow-w-maladze\/"},"modified":"2026-02-16T10:49:00","modified_gmt":"2026-02-16T09:49:00","slug":"bilety-na-walki-bykow-w-maladze","status":"publish","type":"page","link":"https:\/\/lamalaguetatour.com\/pl\/bilety-na-walki-bykow-w-maladze\/","title":{"rendered":"Bilety na walki byk\u00f3w w Maladze"},"content":{"rendered":"<section class=\"l-section wpb_row height_large with_img\"><div class=\"l-section-img\" role=\"img\" aria-label=\"Wizyty na arenie walk byk\u00f3w w Maladze\" data-img-width=\"1550\" data-img-height=\"775\" style=\"background-image: url(https:\/\/lamalaguetatour.com\/wp-content\/uploads\/2024\/11\/Visitas-plaza-de-toros-malaga.webp);\"><\/div><div class=\"l-section-overlay\" style=\"background:rgba(0,0,0,0.62)\"><\/div><div class=\"l-section-h i-cf\"><div class=\"g-cols vc_row via_grid cols_1 laptops-cols_inherit tablets-cols_inherit mobiles-cols_1 valign_top type_default stacking_default\"><div class=\"wpb_column vc_column_container\"><div class=\"vc_column-inner\"><div class=\"wpb_text_column us_custom_60e9caca us_animate_this\"><div class=\"wpb_wrapper\"><h1 style=\"text-align: center;\"><span style=\"color: #ffffff;\"><strong>Bilety na walki byk\u00f3w Malaga 2026<\/strong><\/span><\/h1>\n<p style=\"text-align: center;\"><span style=\"color: #ffffff;\"><strong>Zarezerwuj bilety i zapewnij sobie miejsce na ulubion\u0105 walk\u0119 byk\u00f3w<\/strong><\/span><\/p>\n<\/div><\/div><\/div><\/div><\/div><\/div><\/section><section class=\"l-section wpb_row us_custom_60e9caca us_animate_this height_medium\"><div class=\"l-section-h i-cf\"><div class=\"g-cols vc_row via_grid cols_2 laptops-cols_inherit tablets-cols_inherit mobiles-cols_1 valign_top type_default stacking_default\"><div class=\"wpb_column vc_column_container\"><div class=\"vc_column-inner\"><div class=\"wpb_text_column\"><div class=\"wpb_wrapper\"><h2>Kalendarz Targ\u00f3w Walk Byk\u00f3w w Maladze 2026<\/h2>\n<p>Chcesz zobaczy\u0107 walk\u0119 byk\u00f3w na kultowej arenie La Malagueta? Ju\u017c teraz mo\u017cesz kupi\u0107 bilety na walki byk\u00f3w. <a href=\"https:\/\/plazadetoroslamalagueta.com\/en\/malaga-bullfight-tickets\/\"><strong data-start=\"57\" data-end=\"148\">Sprawd\u017a harmonogram i wybierz walk\u0119, kt\u00f3ra najbardziej Ci\u0119 interesuje<\/strong>:<\/a><\/p>\n<p><strong>Kalendarz 2026<\/strong><\/p>\n<ul>\n<li><strong>Walka byk\u00f3w Picassiana: <\/strong>4 kwietnia 2026 r. o godz. 18:00. Potwierdzenie torreador\u00f3w wkr\u00f3tce.<\/li>\n<li><strong>Jarmark sierpniowy:<\/strong> Daty do potwierdzenia, oko\u0142o 13-22 sierpnia<\/li>\n<\/ul>\n<\/div><\/div><\/div><\/div><div class=\"wpb_column vc_column_container\"><div class=\"vc_column-inner\"><div class=\"w-image style_shadow-1 align_none\"><a href=\"https:\/\/plazadetoroslamalagueta.com\/entradas-corrida-de-toros-malaga\/\" aria-label=\"malaga-1\" class=\"w-image-h\"><img decoding=\"async\" width=\"512\" height=\"1024\" src=\"https:\/\/lamalaguetatour.com\/wp-content\/uploads\/2025\/07\/malaga-1-512x1024.jpg\" class=\"attachment-large size-large\" alt=\"\" loading=\"lazy\" srcset=\"https:\/\/lamalaguetatour.com\/wp-content\/uploads\/2025\/07\/malaga-1-512x1024.jpg 512w, https:\/\/lamalaguetatour.com\/wp-content\/uploads\/2025\/07\/malaga-1-150x300.jpg 150w, https:\/\/lamalaguetatour.com\/wp-content\/uploads\/2025\/07\/malaga-1-600x1199.jpg 600w, https:\/\/lamalaguetatour.com\/wp-content\/uploads\/2025\/07\/malaga-1.jpg 900w\" sizes=\"auto, (max-width: 512px) 100vw, 512px\" \/><\/a><\/div><\/div><\/div><\/div><\/div><\/section><section class=\"l-section wpb_row height_small\"><div class=\"l-section-overlay\" style=\"background:rgba(196,196,196,0.46)\"><\/div><div class=\"l-section-h i-cf\"><div class=\"g-cols vc_row via_grid cols_1 laptops-cols_inherit tablets-cols_inherit mobiles-cols_1 valign_top type_default stacking_default\"><div class=\"wpb_column vc_column_container\"><div class=\"vc_column-inner\"><div class=\"wpb_text_column us_custom_60e9caca us_animate_this\"><div class=\"wpb_wrapper\"><h3 style=\"text-align: center;\"><strong>BILETY VIP I KARNETY SEZONOWE <\/strong><\/h3>\n<\/div><\/div><\/div><\/div><\/div><\/div><\/section><section class=\"l-section wpb_row height_small\"><div class=\"l-section-overlay\" style=\"background:rgba(196,196,196,0.46)\"><\/div><div class=\"l-section-h i-cf\"><div class=\"g-cols vc_row via_grid cols_5 laptops-cols_inherit tablets-cols_inherit mobiles-cols_1 valign_top type_default stacking_default\"><div class=\"wpb_column vc_column_container\"><div class=\"vc_column-inner\"><\/div><\/div><div class=\"wpb_column vc_column_container us_custom_60e9caca us_animate_this\"><div class=\"vc_column-inner\"><div class=\"wpb_text_column\"><div class=\"wpb_wrapper\"><h4 class=\"product_title entry-title\" style=\"text-align: center;\">Osoby VIP<\/h4>\n<\/div><\/div><div class=\"w-separator size_small\"><\/div><div class=\"w-image style_shadow-1 has_ratio align_none\"><a href=\"https:\/\/plazadetoroslamalagueta.com\/palcos-vip-entradas-toros\/\" aria-label=\"Entrada-individual\" class=\"w-image-h\"><div style=\"padding-bottom:100%\"><\/div><img decoding=\"async\" width=\"922\" height=\"1024\" src=\"https:\/\/lamalaguetatour.com\/wp-content\/uploads\/2025\/07\/Entrada-individual-922x1024.webp\" class=\"attachment-large size-large\" alt=\"\" loading=\"lazy\" \/><\/a><\/div><div class=\"w-separator size_small\"><\/div><div class=\"w-btn-wrapper align_center\"><a class=\"w-btn us-btn-style_2\" href=\"https:\/\/plazadetoroslamalagueta.com\/palcos-vip-entradas-toros\/\"><span class=\"w-btn-label\">KSI\u0104\u017bKA<\/span><\/a><\/div><\/div><\/div><div class=\"wpb_column vc_column_container us_custom_60e9caca us_animate_this\"><div class=\"vc_column-inner\"><div class=\"wpb_text_column\"><div class=\"wpb_wrapper\"><h4 class=\"product_title entry-title\" style=\"text-align: center;\">Prywatne lo\u017ce VIP<\/h4>\n<\/div><\/div><div class=\"w-separator size_small\"><\/div><div class=\"w-image style_shadow-1 has_ratio align_none\"><a href=\"https:\/\/plazadetoroslamalagueta.com\/palcos-vip-entradas-toros\/\" aria-label=\"Palco-vip\" class=\"w-image-h\"><div style=\"padding-bottom:100%\"><\/div><img decoding=\"async\" width=\"922\" height=\"1024\" src=\"https:\/\/lamalaguetatour.com\/wp-content\/uploads\/2025\/07\/Palco-vip-922x1024.webp\" class=\"attachment-large size-large\" alt=\"\" loading=\"lazy\" \/><\/a><\/div><div class=\"w-separator size_small\"><\/div><div class=\"w-btn-wrapper align_center\"><a class=\"w-btn us-btn-style_2\" href=\"https:\/\/plazadetoroslamalagueta.com\/palcos-vip-entradas-toros\/\"><span class=\"w-btn-label\">KSI\u0104\u017bKA<\/span><\/a><\/div><\/div><\/div><div class=\"wpb_column vc_column_container us_custom_60e9caca us_animate_this\"><div class=\"vc_column-inner\"><div class=\"wpb_text_column\"><div class=\"wpb_wrapper\"><h4 class=\"product_title entry-title\" style=\"text-align: center;\">Karnety na rok 2026<\/h4>\n<\/div><\/div><div class=\"w-separator size_small\"><\/div><div class=\"w-image style_shadow-1 has_ratio align_none\"><a href=\"https:\/\/plazadetoroslamalagueta.com\/abonos\/\" aria-label=\"Corridas de toros\" class=\"w-image-h\"><div style=\"padding-bottom:100%\"><\/div><img decoding=\"async\" width=\"1024\" height=\"720\" src=\"https:\/\/lamalaguetatour.com\/wp-content\/uploads\/2024\/11\/Corridas-de-toros-1024x720.jpg\" class=\"attachment-large size-large\" alt=\"Evento taurino\" loading=\"lazy\" \/><\/a><\/div><div class=\"w-separator size_small\"><\/div><div class=\"w-btn-wrapper align_center\"><a class=\"w-btn us-btn-style_2\" href=\"https:\/\/plazadetoroslamalagueta.com\/abonos\/\"><span class=\"w-btn-label\">KSI\u0104\u017bKA<\/span><\/a><\/div><\/div><\/div><div class=\"wpb_column vc_column_container\"><div class=\"vc_column-inner\"><\/div><\/div><\/div><\/div><\/section><section class=\"l-section wpb_row us_custom_60e9caca us_animate_this height_small\"><div class=\"l-section-h i-cf\"><div class=\"g-cols vc_row via_grid cols_2 laptops-cols_inherit tablets-cols_inherit mobiles-cols_1 valign_top type_default stacking_default\" style=\"--columns-gap:3.2rem;\"><div class=\"wpb_column vc_column_container\"><div class=\"vc_column-inner\"><div class=\"wpb_text_column\"><div class=\"wpb_wrapper\"><h3>O sierpniowych targach walk byk\u00f3w w Maladze<\/h3>\n<\/div><\/div><div class=\"w-separator size_small\"><\/div><div class=\"wpb_text_column\"><div class=\"wpb_wrapper\"><p data-start=\"97\" data-end=\"438\"><strong data-start=\"97\" data-end=\"127\"><a href=\"https:\/\/malagataurina.es\/\">Targi walk byk\u00f3w w Maladze<\/a><\/strong> to jedno z najwspanialszych i najbardziej oczekiwanych wydarze\u0144 w kalendarzu walk byk\u00f3w. Targi odbywaj\u0105 si\u0119 co roku w sierpniu na kultowej arenie walk byk\u00f3w La Malagueta. Gromadz\u0105 si\u0119 tam fani z ca\u0142ego \u015bwiata, staj\u0105c si\u0119 miejscem spotka\u0144, na kt\u00f3rym celebruje si\u0119 tradycj\u0119 i emocje towarzysz\u0105ce walkom byk\u00f3w.<\/p>\n<p data-start=\"440\" data-end=\"1026\">W tych dniach <strong data-start=\"459\" data-end=\"506\">Malaga t\u0119tni walkami byk\u00f3w i \u015bwi\u0105teczn\u0105 atmosfer\u0105.<\/strong> Ulice s\u0105 udekorowane motywami zwi\u0105zanymi z walkami byk\u00f3w, a bary i restauracje oferuj\u0105 szeroki wyb\u00f3r tapas i typowych da\u0144, kt\u00f3rymi mo\u017cna si\u0119 delektowa\u0107 przed lub po ka\u017cdej walce byk\u00f3w. Miasto zamienia si\u0119 w t\u0119tni\u0105ce \u017cyciem miejsce, witaj\u0105ce go\u015bci ze wszystkich stron, kt\u00f3rzy przyje\u017cd\u017caj\u0105, aby na w\u0142asnej sk\u00f3rze odczu\u0107 intensywno\u015b\u0107 ka\u017cdego zadania. Przez ca\u0142y tydzie\u0144 zar\u00f3wno uznane gwiazdy, jak i m\u0142odzi obiecuj\u0105cy zawodnicy walk byk\u00f3w spotykaj\u0105 si\u0119, aby walczy\u0107 o chwa\u0142\u0119, stawiaj\u0105c czo\u0142a pot\u0119\u017cnym bykom z presti\u017cowych hiszpa\u0144skich rancz.<\/p>\n<\/div><\/div><\/div><\/div><div class=\"wpb_column vc_column_container\"><div class=\"vc_column-inner\"><div class=\"w-separator size_medium\"><\/div><div class=\"w-image style_shadow-1 align_none\"><div class=\"w-image-h\"><img decoding=\"async\" width=\"624\" height=\"385\" src=\"https:\/\/lamalaguetatour.com\/wp-content\/uploads\/2024\/11\/Manouel-Ortiz.jpg\" class=\"attachment-large size-large\" alt=\"\" loading=\"lazy\" srcset=\"https:\/\/lamalaguetatour.com\/wp-content\/uploads\/2024\/11\/Manouel-Ortiz.jpg 624w, https:\/\/lamalaguetatour.com\/wp-content\/uploads\/2024\/11\/Manouel-Ortiz-600x370.jpg 600w, https:\/\/lamalaguetatour.com\/wp-content\/uploads\/2024\/11\/Manouel-Ortiz-300x185.jpg 300w\" sizes=\"auto, (max-width: 624px) 100vw, 624px\" \/><\/div><\/div><div class=\"w-separator size_medium\"><\/div><\/div><\/div><\/div><\/div><\/section>\n","protected":false},"excerpt":{"rendered":"Bilety na walki byk\u00f3w Malaga 2026 Zarezerwuj bilety i zapewnij sobie miejsce na ulubion\u0105 walk\u0119 byk\u00f3w Kalendarz Targ\u00f3w Walk Byk\u00f3w w Maladze 2026 Chcesz zobaczy\u0107 walk\u0119 byk\u00f3w na kultowej arenie La Malagueta? Ju\u017c teraz mo\u017cesz kupi\u0107 bilety na walki byk\u00f3w. Sprawd\u017a harmonogram i wybierz walk\u0119, kt\u00f3ra najbardziej Ci\u0119 interesuje: Kalendarz 2026 Walka byk\u00f3w Picassiana: 4...","protected":false},"author":2,"featured_media":0,"parent":0,"menu_order":0,"comment_status":"closed","ping_status":"closed","template":"","meta":{"footnotes":""},"class_list":["post-4036","page","type-page","status-publish","hentry"],"yoast_head":"<!-- This site is optimized with the Yoast SEO plugin v27.5 - https:\/\/yoast.com\/product\/yoast-seo-wordpress\/ -->\n<title>Bilety na walki byk\u00f3w w Maladze | Plaza de Toros La Malagueta<\/title>\n<meta name=\"description\" content=\"Programaci\u00f3n de las corridas de toros en la Plaza de La Malagueta | Toda la informaci\u00f3n sobre las entradas toros M\u00e1laga.\" \/>\n<meta name=\"robots\" content=\"index, follow, max-snippet:-1, max-image-preview:large, max-video-preview:-1\" \/>\n<link rel=\"canonical\" href=\"https:\/\/lamalaguetatour.com\/pl\/bilety-na-walki-bykow-w-maladze\/\" \/>\n<meta property=\"og:locale\" content=\"pl_PL\" \/>\n<meta property=\"og:type\" content=\"article\" \/>\n<meta property=\"og:title\" content=\"Bilety na walki byk\u00f3w w Maladze | Plaza de Toros La Malagueta\" \/>\n<meta property=\"og:description\" content=\"Programaci\u00f3n de las corridas de toros en la Plaza de La Malagueta | Toda la informaci\u00f3n sobre las entradas toros M\u00e1laga.\" \/>\n<meta property=\"og:url\" content=\"https:\/\/lamalaguetatour.com\/pl\/bilety-na-walki-bykow-w-maladze\/\" \/>\n<meta property=\"og:site_name\" content=\"La Malagueta Tour\" \/>\n<meta property=\"article:publisher\" content=\"https:\/\/www.facebook.com\/plazamalaguetatour\/\" \/>\n<meta property=\"article:modified_time\" content=\"2026-02-16T09:49:00+00:00\" \/>\n<meta name=\"twitter:card\" content=\"summary_large_image\" \/>\n<meta name=\"twitter:label1\" content=\"Szacowany czas czytania\" \/>\n\t<meta name=\"twitter:data1\" content=\"2 minuty\" \/>\n<script type=\"application\/ld+json\" class=\"yoast-schema-graph\">{\"@context\":\"https:\\\/\\\/schema.org\",\"@graph\":[{\"@type\":\"WebPage\",\"@id\":\"https:\\\/\\\/lamalaguetatour.com\\\/pl\\\/bilety-na-walki-bykow-w-maladze\\\/\",\"url\":\"https:\\\/\\\/lamalaguetatour.com\\\/pl\\\/bilety-na-walki-bykow-w-maladze\\\/\",\"name\":\"Bilety na walki byk\u00f3w w Maladze | Plaza de Toros La Malagueta\",\"isPartOf\":{\"@id\":\"https:\\\/\\\/lamalaguetatour.com\\\/pl\\\/#website\"},\"datePublished\":\"2025-07-10T10:28:25+00:00\",\"dateModified\":\"2026-02-16T09:49:00+00:00\",\"description\":\"Programaci\u00f3n de las corridas de toros en la Plaza de La Malagueta | Toda la informaci\u00f3n sobre las entradas toros M\u00e1laga.\",\"breadcrumb\":{\"@id\":\"https:\\\/\\\/lamalaguetatour.com\\\/pl\\\/bilety-na-walki-bykow-w-maladze\\\/#breadcrumb\"},\"inLanguage\":\"pl-PL\",\"potentialAction\":[{\"@type\":\"ReadAction\",\"target\":[\"https:\\\/\\\/lamalaguetatour.com\\\/pl\\\/bilety-na-walki-bykow-w-maladze\\\/\"]}]},{\"@type\":\"BreadcrumbList\",\"@id\":\"https:\\\/\\\/lamalaguetatour.com\\\/pl\\\/bilety-na-walki-bykow-w-maladze\\\/#breadcrumb\",\"itemListElement\":[{\"@type\":\"ListItem\",\"position\":1,\"name\":\"Portada\",\"item\":\"https:\\\/\\\/lamalaguetatour.com\\\/pl\\\/\"},{\"@type\":\"ListItem\",\"position\":2,\"name\":\"Bilety na walki byk\u00f3w w Maladze\"}]},{\"@type\":\"WebSite\",\"@id\":\"https:\\\/\\\/lamalaguetatour.com\\\/pl\\\/#website\",\"url\":\"https:\\\/\\\/lamalaguetatour.com\\\/pl\\\/\",\"name\":\"La Malagueta Tour\",\"description\":\"Tour Plaza de Toros M\u00e1laga\",\"publisher\":{\"@id\":\"https:\\\/\\\/lamalaguetatour.com\\\/pl\\\/#organization\"},\"potentialAction\":[{\"@type\":\"SearchAction\",\"target\":{\"@type\":\"EntryPoint\",\"urlTemplate\":\"https:\\\/\\\/lamalaguetatour.com\\\/pl\\\/?s={search_term_string}\"},\"query-input\":{\"@type\":\"PropertyValueSpecification\",\"valueRequired\":true,\"valueName\":\"search_term_string\"}}],\"inLanguage\":\"pl-PL\"},{\"@type\":\"Organization\",\"@id\":\"https:\\\/\\\/lamalaguetatour.com\\\/pl\\\/#organization\",\"name\":\"La Malagueta Tour\",\"url\":\"https:\\\/\\\/lamalaguetatour.com\\\/pl\\\/\",\"logo\":{\"@type\":\"ImageObject\",\"inLanguage\":\"pl-PL\",\"@id\":\"https:\\\/\\\/lamalaguetatour.com\\\/pl\\\/#\\\/schema\\\/logo\\\/image\\\/\",\"url\":\"https:\\\/\\\/lamalaguetatour.com\\\/wp-content\\\/uploads\\\/2024\\\/12\\\/cropped-Logo.webp\",\"contentUrl\":\"https:\\\/\\\/lamalaguetatour.com\\\/wp-content\\\/uploads\\\/2024\\\/12\\\/cropped-Logo.webp\",\"width\":512,\"height\":512,\"caption\":\"La Malagueta Tour\"},\"image\":{\"@id\":\"https:\\\/\\\/lamalaguetatour.com\\\/pl\\\/#\\\/schema\\\/logo\\\/image\\\/\"},\"sameAs\":[\"https:\\\/\\\/www.facebook.com\\\/plazamalaguetatour\\\/\",\"https:\\\/\\\/www.instagram.com\\\/plazamalagueta_tour\\\/\"]}]}<\/script>\n<!-- \/ Yoast SEO plugin. -->","yoast_head_json":{"title":"Bilety na walki byk\u00f3w w Maladze | Plaza de Toros La Malagueta","description":"Programaci\u00f3n de las corridas de toros en la Plaza de La Malagueta | Toda la informaci\u00f3n sobre las entradas toros M\u00e1laga.","robots":{"index":"index","follow":"follow","max-snippet":"max-snippet:-1","max-image-preview":"max-image-preview:large","max-video-preview":"max-video-preview:-1"},"canonical":"https:\/\/lamalaguetatour.com\/pl\/bilety-na-walki-bykow-w-maladze\/","og_locale":"pl_PL","og_type":"article","og_title":"Bilety na walki byk\u00f3w w Maladze | Plaza de Toros La Malagueta","og_description":"Programaci\u00f3n de las corridas de toros en la Plaza de La Malagueta | Toda la informaci\u00f3n sobre las entradas toros M\u00e1laga.","og_url":"https:\/\/lamalaguetatour.com\/pl\/bilety-na-walki-bykow-w-maladze\/","og_site_name":"La Malagueta Tour","article_publisher":"https:\/\/www.facebook.com\/plazamalaguetatour\/","article_modified_time":"2026-02-16T09:49:00+00:00","twitter_card":"summary_large_image","twitter_misc":{"Szacowany czas czytania":"2 minuty"},"schema":{"@context":"https:\/\/schema.org","@graph":[{"@type":"WebPage","@id":"https:\/\/lamalaguetatour.com\/pl\/bilety-na-walki-bykow-w-maladze\/","url":"https:\/\/lamalaguetatour.com\/pl\/bilety-na-walki-bykow-w-maladze\/","name":"Bilety na walki byk\u00f3w w Maladze | Plaza de Toros La Malagueta","isPartOf":{"@id":"https:\/\/lamalaguetatour.com\/pl\/#website"},"datePublished":"2025-07-10T10:28:25+00:00","dateModified":"2026-02-16T09:49:00+00:00","description":"Programaci\u00f3n de las corridas de toros en la Plaza de La Malagueta | Toda la informaci\u00f3n sobre las entradas toros M\u00e1laga.","breadcrumb":{"@id":"https:\/\/lamalaguetatour.com\/pl\/bilety-na-walki-bykow-w-maladze\/#breadcrumb"},"inLanguage":"pl-PL","potentialAction":[{"@type":"ReadAction","target":["https:\/\/lamalaguetatour.com\/pl\/bilety-na-walki-bykow-w-maladze\/"]}]},{"@type":"BreadcrumbList","@id":"https:\/\/lamalaguetatour.com\/pl\/bilety-na-walki-bykow-w-maladze\/#breadcrumb","itemListElement":[{"@type":"ListItem","position":1,"name":"Portada","item":"https:\/\/lamalaguetatour.com\/pl\/"},{"@type":"ListItem","position":2,"name":"Bilety na walki byk\u00f3w w Maladze"}]},{"@type":"WebSite","@id":"https:\/\/lamalaguetatour.com\/pl\/#website","url":"https:\/\/lamalaguetatour.com\/pl\/","name":"La Malagueta Tour","description":"Tour Plaza de Toros M\u00e1laga","publisher":{"@id":"https:\/\/lamalaguetatour.com\/pl\/#organization"},"potentialAction":[{"@type":"SearchAction","target":{"@type":"EntryPoint","urlTemplate":"https:\/\/lamalaguetatour.com\/pl\/?s={search_term_string}"},"query-input":{"@type":"PropertyValueSpecification","valueRequired":true,"valueName":"search_term_string"}}],"inLanguage":"pl-PL"},{"@type":"Organization","@id":"https:\/\/lamalaguetatour.com\/pl\/#organization","name":"La Malagueta Tour","url":"https:\/\/lamalaguetatour.com\/pl\/","logo":{"@type":"ImageObject","inLanguage":"pl-PL","@id":"https:\/\/lamalaguetatour.com\/pl\/#\/schema\/logo\/image\/","url":"https:\/\/lamalaguetatour.com\/wp-content\/uploads\/2024\/12\/cropped-Logo.webp","contentUrl":"https:\/\/lamalaguetatour.com\/wp-content\/uploads\/2024\/12\/cropped-Logo.webp","width":512,"height":512,"caption":"La Malagueta Tour"},"image":{"@id":"https:\/\/lamalaguetatour.com\/pl\/#\/schema\/logo\/image\/"},"sameAs":["https:\/\/www.facebook.com\/plazamalaguetatour\/","https:\/\/www.instagram.com\/plazamalagueta_tour\/"]}]}},"_links":{"self":[{"href":"https:\/\/lamalaguetatour.com\/pl\/wp-json\/wp\/v2\/pages\/4036","targetHints":{"allow":["GET"]}}],"collection":[{"href":"https:\/\/lamalaguetatour.com\/pl\/wp-json\/wp\/v2\/pages"}],"about":[{"href":"https:\/\/lamalaguetatour.com\/pl\/wp-json\/wp\/v2\/types\/page"}],"author":[{"embeddable":true,"href":"https:\/\/lamalaguetatour.com\/pl\/wp-json\/wp\/v2\/users\/2"}],"replies":[{"embeddable":true,"href":"https:\/\/lamalaguetatour.com\/pl\/wp-json\/wp\/v2\/comments?post=4036"}],"version-history":[{"count":9,"href":"https:\/\/lamalaguetatour.com\/pl\/wp-json\/wp\/v2\/pages\/4036\/revisions"}],"predecessor-version":[{"id":4625,"href":"https:\/\/lamalaguetatour.com\/pl\/wp-json\/wp\/v2\/pages\/4036\/revisions\/4625"}],"wp:attachment":[{"href":"https:\/\/lamalaguetatour.com\/pl\/wp-json\/wp\/v2\/media?parent=4036"}],"curies":[{"name":"wp","href":"https:\/\/api.w.org\/{rel}","templated":true}]}}