{"id":4014,"date":"2025-04-14T11:59:57","date_gmt":"2025-04-14T09:59:57","guid":{"rendered":"https:\/\/lamalaguetatour.com\/sklep\/"},"modified":"2025-07-17T10:09:45","modified_gmt":"2025-07-17T08:09:45","slug":"sklep","status":"publish","type":"page","link":"https:\/\/lamalaguetatour.com\/pl\/sklep\/","title":{"rendered":"Sklep"},"content":{"rendered":"<section class=\"l-section wpb_row hide_on_tablets hide_on_mobiles height_huge color_primary with_img\"><div class=\"l-section-img\" role=\"img\" aria-label=\"Obrazek\" data-img-width=\"2560\" data-img-height=\"1440\" style=\"background-image: url(https:\/\/lamalaguetatour.com\/wp-content\/uploads\/2025\/04\/Tienda-La-Malagueta-22-scaled.jpg);\"><\/div><div class=\"l-section-overlay\" style=\"background:linear-gradient(90deg,rgba(27,18,47,0.65),rgba(54,54,54,0))\"><\/div><div class=\"l-section-h i-cf\"><div class=\"g-cols vc_row via_grid cols_2 laptops-cols_inherit tablets-cols_inherit mobiles-cols_1 valign_top type_default stacking_default\"><div class=\"wpb_column vc_column_container\"><div class=\"vc_column-inner\"><div class=\"w-separator size_medium\"><\/div><h1 class=\"w-text\"><span class=\"w-text-h\"><span class=\"w-text-value\">Sklep z upominkami w La Malagueta<\/span><\/span><\/h1><div class=\"w-separator size_small\"><\/div><div class=\"wpb_text_column\"><div class=\"wpb_wrapper\"><p class=\"\" data-start=\"355\" data-end=\"400\"><strong data-start=\"355\" data-end=\"400\">Witamy w sercu Malagi, w kt\u00f3rym odbywaj\u0105 si\u0119 walki byk\u00f3w.<\/strong><\/p>\n<\/div><\/div><div class=\"w-separator size_large\"><\/div><\/div><\/div><div class=\"wpb_column vc_column_container\"><div class=\"vc_column-inner\"><\/div><\/div><\/div><\/div><\/section><section class=\"l-section wpb_row us_custom_f9d0b101 hide_on_default hide_on_laptops height_huge color_primary with_img parallax_ver parallaxdir_reversed\" id=\"m\u00f3vil\"><div class=\"l-section-img\" role=\"img\" aria-label=\"Obrazek\" data-img-width=\"2560\" data-img-height=\"1440\" style=\"background-image: url(https:\/\/lamalaguetatour.com\/wp-content\/uploads\/2025\/04\/Tienda-La-Malagueta-13-scaled.jpg);\"><\/div><div class=\"l-section-overlay\" style=\"background:linear-gradient(90deg,rgba(27,18,47,0.50),rgba(54,54,54,0))\"><\/div><div class=\"l-section-h i-cf\"><div class=\"g-cols vc_row via_grid cols_2 laptops-cols_inherit tablets-cols_inherit mobiles-cols_1 valign_top type_default stacking_default\"><div class=\"wpb_column vc_column_container\"><div class=\"vc_column-inner\"><div class=\"w-separator size_medium\"><\/div><h1 class=\"w-text\"><span class=\"w-text-h\"><span class=\"w-text-value\">Toroshopping w La Malagueta<\/span><\/span><\/h1><div class=\"w-separator size_small\"><\/div><div class=\"wpb_text_column\"><div class=\"wpb_wrapper\"><p class=\"\" data-start=\"355\" data-end=\"400\"><strong data-start=\"355\" data-end=\"400\">Witamy w sercu Malagi, w kt\u00f3rym odbywaj\u0105 si\u0119 walki byk\u00f3w.<\/strong><\/p>\n<\/div><\/div><div class=\"w-separator size_large\"><\/div><\/div><\/div><div class=\"wpb_column vc_column_container\"><div class=\"vc_column-inner\"><\/div><\/div><\/div><\/div><\/section><section class=\"l-section wpb_row height_large\"><div class=\"l-section-h i-cf\"><div class=\"g-cols vc_row via_grid cols_2 laptops-cols_inherit tablets-cols_inherit mobiles-cols_1 valign_top type_default stacking_default\"><div class=\"wpb_column vc_column_container\"><div class=\"vc_column-inner\"><div class=\"w-separator size_medium\"><\/div><h2 class=\"w-text\"><span class=\"w-text-h\"><span class=\"w-text-value\">\ud83d\udccd Odwied\u017a nas w Bullring of Malaga<\/span><\/span><\/h2><div class=\"wpb_text_column\"><div class=\"wpb_wrapper\"><p>W naszym przytulnym sklepie wewn\u0105trz areny walk byk\u00f3w oferujemy staranny wyb\u00f3r <strong>produkt\u00f3w<\/strong> <strong>inspirowanych<\/strong> <strong>walkami by<\/strong>k\u00f3w, idealnych dla mi\u0142o\u015bnik\u00f3w <strong>\u015bwiata walk byk\u00f3w<\/strong>, <strong>kolekcjoner\u00f3w<\/strong> lub tych, kt\u00f3rzy szukaj\u0105 <strong>oryginalnej pami\u0105tki z wizyty w mie\u015bcie.<\/strong><\/p>\n<p><strong>Co mo\u017cna znale\u017a\u0107 w naszym sklepie fizycznym?<\/strong><\/p>\n<p>\ud83e\uddf8 Zabawki dla dzieci i doros\u0142ych zwi\u0105zane z walkami byk\u00f3w<br \/>\n\ud83c\udf92 Torby, plecaki i akcesoria z motywami walk byk\u00f3w<br \/>\n\ud83e\udde6 Skarpetki, szaliki i bransoletki z hiszpa\u0144skimi inspiracjami<br \/>\n\ud83d\udc02 Repliki walk byk\u00f3w<br \/>\n\ud83c\udf81 Autentyczne pami\u0105tki z La Malagueta<br \/>\n\ud83d\uddbc\ufe0f Sztuka, dekoracje i inne&#8230;<\/p>\n<\/div><\/div><div class=\"w-separator size_small\"><\/div><div class=\"w-btn-wrapper align_none\"><a class=\"w-btn us-btn-style_2 us_custom_74e2e327 has_text_color\" href=\"https:\/\/g.co\/kgs\/ibeFe57\"><span class=\"w-btn-label\">Jak si\u0119 tam dosta\u0107<\/span><\/a><\/div><\/div><\/div><div class=\"wpb_column vc_column_container\"><div class=\"vc_column-inner\"><div class=\"w-image us_custom_368e09ba align_none\"><div class=\"w-image-h\"><img decoding=\"async\" width=\"1024\" height=\"576\" src=\"https:\/\/lamalaguetatour.com\/wp-content\/uploads\/2025\/04\/Tienda-La-Malagueta-1-1-1024x576.jpg\" class=\"attachment-large size-large\" alt=\"\" loading=\"lazy\" srcset=\"https:\/\/lamalaguetatour.com\/wp-content\/uploads\/2025\/04\/Tienda-La-Malagueta-1-1-1024x576.jpg 1024w, https:\/\/lamalaguetatour.com\/wp-content\/uploads\/2025\/04\/Tienda-La-Malagueta-1-1-300x169.jpg 300w, https:\/\/lamalaguetatour.com\/wp-content\/uploads\/2025\/04\/Tienda-La-Malagueta-1-1-600x338.jpg 600w\" sizes=\"auto, (max-width: 1024px) 100vw, 1024px\" \/><\/div><\/div><\/div><\/div><\/div><\/div><\/section><section class=\"l-section wpb_row height_large\"><div class=\"l-section-h i-cf\"><div class=\"g-cols vc_row via_grid cols_2 laptops-cols_inherit tablets-cols_inherit mobiles-cols_1 valign_top type_default stacking_default\"><div class=\"wpb_column vc_column_container\"><div class=\"vc_column-inner\"><div class=\"w-image us_custom_368e09ba align_none\"><div class=\"w-image-h\"><img decoding=\"async\" width=\"1024\" height=\"576\" src=\"https:\/\/lamalaguetatour.com\/wp-content\/uploads\/2025\/04\/Tienda-La-Malagueta-15-1024x576.jpg\" class=\"attachment-large size-large\" alt=\"\" loading=\"lazy\" srcset=\"https:\/\/lamalaguetatour.com\/wp-content\/uploads\/2025\/04\/Tienda-La-Malagueta-15-1024x576.jpg 1024w, https:\/\/lamalaguetatour.com\/wp-content\/uploads\/2025\/04\/Tienda-La-Malagueta-15-300x169.jpg 300w, https:\/\/lamalaguetatour.com\/wp-content\/uploads\/2025\/04\/Tienda-La-Malagueta-15-600x338.jpg 600w\" sizes=\"auto, (max-width: 1024px) 100vw, 1024px\" \/><\/div><\/div><\/div><\/div><div class=\"wpb_column vc_column_container\"><div class=\"vc_column-inner\"><div class=\"w-separator size_medium\"><\/div><h2 class=\"w-text\"><span class=\"w-text-h\"><span class=\"w-text-value\">\u2764\ufe0f K\u0105cik dla mi\u0142o\u015bnik\u00f3w walk byk\u00f3w<\/span><\/span><\/h2><div class=\"wpb_text_column\"><div class=\"wpb_wrapper\"><p>W Toroshopping od ponad 15 lat przybli\u017camy sztuk\u0119 walki byk\u00f3w ludziom na ca\u0142ym \u015bwiecie. Czy to w naszym sklepie stacjonarnym, na targach, czy za po\u015brednictwem naszej strony internetowej, chcemy podtrzymywa\u0107 pasj\u0119 do walk byk\u00f3w za pomoc\u0105 wysokiej jako\u015bci produkt\u00f3w, wykonanych z mi\u0142o\u015bci\u0105 i szacunkiem dla naszych tradycji.<\/p>\n<\/div><\/div><\/div><\/div><\/div><\/div><\/section><section class=\"l-section wpb_row height_large\"><div class=\"l-section-h i-cf\"><div class=\"g-cols vc_row via_grid cols_1 laptops-cols_inherit tablets-cols_inherit mobiles-cols_1 valign_top type_default stacking_default\"><div class=\"wpb_column vc_column_container\"><div class=\"vc_column-inner\"><div class=\"w-gallery fit_cover type_grid ratio_1x1 count_8\" style=\"--columns:4;--items-gap:10px;\"><div class=\"w-gallery-list\"><div class=\"w-gallery-item\"><div class=\"w-gallery-item-img\"><img loading=\"lazy\" decoding=\"async\" width=\"1024\" height=\"576\" src=\"https:\/\/lamalaguetatour.com\/wp-content\/uploads\/2025\/04\/Tienda-La-Malagueta-9-1024x576.jpg\" class=\"attachment-large size-large\" alt=\"\" srcset=\"https:\/\/lamalaguetatour.com\/wp-content\/uploads\/2025\/04\/Tienda-La-Malagueta-9-1024x576.jpg 1024w, https:\/\/lamalaguetatour.com\/wp-content\/uploads\/2025\/04\/Tienda-La-Malagueta-9-300x169.jpg 300w, https:\/\/lamalaguetatour.com\/wp-content\/uploads\/2025\/04\/Tienda-La-Malagueta-9-600x338.jpg 600w\" sizes=\"auto, (max-width: 1024px) 100vw, 1024px\" \/><\/div><\/div><div class=\"w-gallery-item\"><div class=\"w-gallery-item-img\"><img loading=\"lazy\" decoding=\"async\" width=\"1024\" height=\"576\" src=\"https:\/\/lamalaguetatour.com\/wp-content\/uploads\/2025\/04\/Tienda-La-Malagueta-22-1024x576.jpg\" class=\"attachment-large size-large\" alt=\"\" srcset=\"https:\/\/lamalaguetatour.com\/wp-content\/uploads\/2025\/04\/Tienda-La-Malagueta-22-1024x576.jpg 1024w, https:\/\/lamalaguetatour.com\/wp-content\/uploads\/2025\/04\/Tienda-La-Malagueta-22-300x169.jpg 300w, https:\/\/lamalaguetatour.com\/wp-content\/uploads\/2025\/04\/Tienda-La-Malagueta-22-600x338.jpg 600w\" sizes=\"auto, (max-width: 1024px) 100vw, 1024px\" \/><\/div><\/div><div class=\"w-gallery-item\"><div class=\"w-gallery-item-img\"><img loading=\"lazy\" decoding=\"async\" width=\"1024\" height=\"576\" src=\"https:\/\/lamalaguetatour.com\/wp-content\/uploads\/2025\/04\/Tienda-La-Malagueta-18-1024x576.jpg\" class=\"attachment-large size-large\" alt=\"\" srcset=\"https:\/\/lamalaguetatour.com\/wp-content\/uploads\/2025\/04\/Tienda-La-Malagueta-18-1024x576.jpg 1024w, https:\/\/lamalaguetatour.com\/wp-content\/uploads\/2025\/04\/Tienda-La-Malagueta-18-300x169.jpg 300w, https:\/\/lamalaguetatour.com\/wp-content\/uploads\/2025\/04\/Tienda-La-Malagueta-18-600x338.jpg 600w\" sizes=\"auto, (max-width: 1024px) 100vw, 1024px\" \/><\/div><\/div><div class=\"w-gallery-item\"><div class=\"w-gallery-item-img\"><img loading=\"lazy\" decoding=\"async\" width=\"1024\" height=\"576\" src=\"https:\/\/lamalaguetatour.com\/wp-content\/uploads\/2025\/04\/Tienda-La-Malagueta-2-1024x576.jpg\" class=\"attachment-large size-large\" alt=\"\" srcset=\"https:\/\/lamalaguetatour.com\/wp-content\/uploads\/2025\/04\/Tienda-La-Malagueta-2-1024x576.jpg 1024w, https:\/\/lamalaguetatour.com\/wp-content\/uploads\/2025\/04\/Tienda-La-Malagueta-2-300x169.jpg 300w, https:\/\/lamalaguetatour.com\/wp-content\/uploads\/2025\/04\/Tienda-La-Malagueta-2-600x338.jpg 600w\" sizes=\"auto, (max-width: 1024px) 100vw, 1024px\" \/><\/div><\/div><div class=\"w-gallery-item\"><div class=\"w-gallery-item-img\"><img loading=\"lazy\" decoding=\"async\" width=\"1024\" height=\"576\" src=\"https:\/\/lamalaguetatour.com\/wp-content\/uploads\/2025\/04\/Tienda-La-Malagueta-10-1024x576.jpg\" class=\"attachment-large size-large\" alt=\"\" srcset=\"https:\/\/lamalaguetatour.com\/wp-content\/uploads\/2025\/04\/Tienda-La-Malagueta-10-1024x576.jpg 1024w, https:\/\/lamalaguetatour.com\/wp-content\/uploads\/2025\/04\/Tienda-La-Malagueta-10-300x169.jpg 300w, https:\/\/lamalaguetatour.com\/wp-content\/uploads\/2025\/04\/Tienda-La-Malagueta-10-600x338.jpg 600w\" sizes=\"auto, (max-width: 1024px) 100vw, 1024px\" \/><\/div><\/div><div class=\"w-gallery-item\"><div class=\"w-gallery-item-img\"><img loading=\"lazy\" decoding=\"async\" width=\"1024\" height=\"576\" src=\"https:\/\/lamalaguetatour.com\/wp-content\/uploads\/2025\/04\/Tienda-La-Malagueta-13-1-1024x576.jpg\" class=\"attachment-large size-large\" alt=\"\" srcset=\"https:\/\/lamalaguetatour.com\/wp-content\/uploads\/2025\/04\/Tienda-La-Malagueta-13-1-1024x576.jpg 1024w, https:\/\/lamalaguetatour.com\/wp-content\/uploads\/2025\/04\/Tienda-La-Malagueta-13-1-300x169.jpg 300w, https:\/\/lamalaguetatour.com\/wp-content\/uploads\/2025\/04\/Tienda-La-Malagueta-13-1-600x338.jpg 600w\" sizes=\"auto, (max-width: 1024px) 100vw, 1024px\" \/><\/div><\/div><div class=\"w-gallery-item\"><div class=\"w-gallery-item-img\"><img loading=\"lazy\" decoding=\"async\" width=\"1024\" height=\"576\" src=\"https:\/\/lamalaguetatour.com\/wp-content\/uploads\/2025\/04\/Tienda-La-Malagueta-8-1024x576.jpg\" class=\"attachment-large size-large\" alt=\"\" srcset=\"https:\/\/lamalaguetatour.com\/wp-content\/uploads\/2025\/04\/Tienda-La-Malagueta-8-1024x576.jpg 1024w, https:\/\/lamalaguetatour.com\/wp-content\/uploads\/2025\/04\/Tienda-La-Malagueta-8-300x169.jpg 300w, https:\/\/lamalaguetatour.com\/wp-content\/uploads\/2025\/04\/Tienda-La-Malagueta-8-600x338.jpg 600w\" sizes=\"auto, (max-width: 1024px) 100vw, 1024px\" \/><\/div><\/div><div class=\"w-gallery-item\"><div class=\"w-gallery-item-img\"><img loading=\"lazy\" decoding=\"async\" width=\"1024\" height=\"576\" src=\"https:\/\/lamalaguetatour.com\/wp-content\/uploads\/2025\/04\/Tienda-La-Malagueta-18-1-1024x576.jpg\" class=\"attachment-large size-large\" alt=\"\" srcset=\"https:\/\/lamalaguetatour.com\/wp-content\/uploads\/2025\/04\/Tienda-La-Malagueta-18-1-1024x576.jpg 1024w, https:\/\/lamalaguetatour.com\/wp-content\/uploads\/2025\/04\/Tienda-La-Malagueta-18-1-300x169.jpg 300w, https:\/\/lamalaguetatour.com\/wp-content\/uploads\/2025\/04\/Tienda-La-Malagueta-18-1-600x338.jpg 600w\" sizes=\"auto, (max-width: 1024px) 100vw, 1024px\" \/><\/div><\/div><\/div><\/div><\/div><\/div><\/div><\/div><\/section><section class=\"l-section wpb_row height_large\"><div class=\"l-section-h i-cf\"><div class=\"g-cols vc_row via_grid cols_2 laptops-cols_inherit tablets-cols_inherit mobiles-cols_1 valign_top type_default stacking_default\"><div class=\"wpb_column vc_column_container\"><div class=\"vc_column-inner\"><div class=\"w-separator size_medium\"><\/div><div class=\"w-image us_custom_368e09ba align_none\"><div class=\"w-image-h\"><img decoding=\"async\" width=\"1024\" height=\"1024\" src=\"https:\/\/lamalaguetatour.com\/wp-content\/uploads\/2025\/04\/Post-instagram-1024x1024.jpg\" class=\"attachment-large size-large\" alt=\"\" loading=\"lazy\" srcset=\"https:\/\/lamalaguetatour.com\/wp-content\/uploads\/2025\/04\/Post-instagram-1024x1024.jpg 1024w, https:\/\/lamalaguetatour.com\/wp-content\/uploads\/2025\/04\/Post-instagram-300x300.jpg 300w, https:\/\/lamalaguetatour.com\/wp-content\/uploads\/2025\/04\/Post-instagram-150x150.jpg 150w, https:\/\/lamalaguetatour.com\/wp-content\/uploads\/2025\/04\/Post-instagram-600x600.jpg 600w, https:\/\/lamalaguetatour.com\/wp-content\/uploads\/2025\/04\/Post-instagram.jpg 1080w\" sizes=\"auto, (max-width: 1024px) 100vw, 1024px\" \/><\/div><\/div><div class=\"w-separator size_small\"><\/div><div class=\"w-btn-wrapper align_none\"><a class=\"w-btn us-btn-style_2\" href=\"https:\/\/www.toroshopping.com\/\"><span class=\"w-btn-label\">Strona internetowa<\/span><\/a><\/div><\/div><\/div><div class=\"wpb_column vc_column_container\"><div class=\"vc_column-inner\"><h2 class=\"w-text\"><span class=\"w-text-h\"><span class=\"w-text-value\">\ud83d\udecd\ufe0f Toroshopping.com &#8211; Tw\u00f3j sklep internetowy z walkami byk\u00f3w<\/span><\/span><\/h2><div class=\"wpb_text_column\"><div class=\"wpb_wrapper\"><p class=\"\" data-start=\"1677\" data-end=\"1852\">Je\u015bli nie mo\u017cesz przyjecha\u0107 do Malagi, nie ma problemu! W naszym <strong data-start=\"1730\" data-end=\"1747\">sklepie internetowym<\/strong> dost\u0119pna jest szeroka kolekcja produkt\u00f3w do walki byk\u00f3w, kt\u00f3re wysy\u0142amy na terenie ca\u0142ej Hiszpanii i za granic\u0119.  <\/p>\n<p class=\"\" data-start=\"1854\" data-end=\"1983\">Przegl\u0105daj ca\u0142y nasz katalog w domu, z nowymi kolekcjami, ofertami i ekskluzywnymi produktami, bezpo\u015brednio z naszej strony internetowej:<\/p>\n<p class=\"\" data-start=\"1985\" data-end=\"2040\">\ud83d\udc49 <a class=\"\" href=\"https:\/\/www.toroshopping.com\" target=\"_new\" rel=\"noopener\" data-start=\"1988\" data-end=\"2040\">www.toroshopping.com<\/a><\/p>\n<\/div><\/div><\/div><\/div><\/div><\/div><\/section>\n","protected":false},"excerpt":{"rendered":"Sklep z upominkami w La MalaguetaWitamy w sercu Malagi, w kt\u00f3rym odbywaj\u0105 si\u0119 walki byk\u00f3w. Toroshopping w La MalaguetaWitamy w sercu Malagi, w kt\u00f3rym odbywaj\u0105 si\u0119 walki byk\u00f3w. \ud83d\udccd Odwied\u017a nas w Bullring of MalagaW naszym przytulnym sklepie wewn\u0105trz areny walk byk\u00f3w oferujemy staranny wyb\u00f3r produkt\u00f3w inspirowanych walkami byk\u00f3w, idealnych dla mi\u0142o\u015bnik\u00f3w \u015bwiata walk byk\u00f3w,...","protected":false},"author":2,"featured_media":0,"parent":0,"menu_order":0,"comment_status":"closed","ping_status":"closed","template":"","meta":{"footnotes":""},"class_list":["post-4014","page","type-page","status-publish","hentry"],"yoast_head":"<!-- This site is optimized with the Yoast SEO plugin v27.5 - https:\/\/yoast.com\/product\/yoast-seo-wordpress\/ -->\n<title>Sklep prezent\u00f3w - La Malagueta Tour<\/title>\n<meta name=\"description\" content=\"Podczas wizyty na arenie byk\u00f3w Malagueta mo\u017cesz odwiedzi\u0107 nasz sklep z pami\u0105tkami i kupi\u0107 pami\u0105tk\u0119 z Malagi.\" \/>\n<meta name=\"robots\" content=\"index, follow, max-snippet:-1, max-image-preview:large, max-video-preview:-1\" \/>\n<link rel=\"canonical\" href=\"https:\/\/lamalaguetatour.com\/pl\/sklep\/\" \/>\n<meta property=\"og:locale\" content=\"pl_PL\" \/>\n<meta property=\"og:type\" content=\"article\" \/>\n<meta property=\"og:title\" content=\"Sklep prezent\u00f3w - La Malagueta Tour\" \/>\n<meta property=\"og:description\" content=\"Podczas wizyty na arenie byk\u00f3w Malagueta mo\u017cesz odwiedzi\u0107 nasz sklep z pami\u0105tkami i kupi\u0107 pami\u0105tk\u0119 z Malagi.\" \/>\n<meta property=\"og:url\" content=\"https:\/\/lamalaguetatour.com\/pl\/sklep\/\" \/>\n<meta property=\"og:site_name\" content=\"La Malagueta Tour\" \/>\n<meta property=\"article:publisher\" content=\"https:\/\/www.facebook.com\/plazamalaguetatour\/\" \/>\n<meta property=\"article:modified_time\" content=\"2025-07-17T08:09:45+00:00\" \/>\n<meta name=\"twitter:card\" content=\"summary_large_image\" \/>\n<meta name=\"twitter:label1\" content=\"Szacowany czas czytania\" \/>\n\t<meta name=\"twitter:data1\" content=\"3 minuty\" \/>\n<script type=\"application\/ld+json\" class=\"yoast-schema-graph\">{\"@context\":\"https:\\\/\\\/schema.org\",\"@graph\":[{\"@type\":\"WebPage\",\"@id\":\"https:\\\/\\\/lamalaguetatour.com\\\/pl\\\/sklep\\\/\",\"url\":\"https:\\\/\\\/lamalaguetatour.com\\\/pl\\\/sklep\\\/\",\"name\":\"Sklep prezent\u00f3w - La Malagueta Tour\",\"isPartOf\":{\"@id\":\"https:\\\/\\\/lamalaguetatour.com\\\/pl\\\/#website\"},\"datePublished\":\"2025-04-14T09:59:57+00:00\",\"dateModified\":\"2025-07-17T08:09:45+00:00\",\"description\":\"Podczas wizyty na arenie byk\u00f3w Malagueta mo\u017cesz odwiedzi\u0107 nasz sklep z pami\u0105tkami i kupi\u0107 pami\u0105tk\u0119 z Malagi.\",\"breadcrumb\":{\"@id\":\"https:\\\/\\\/lamalaguetatour.com\\\/pl\\\/sklep\\\/#breadcrumb\"},\"inLanguage\":\"pl-PL\",\"potentialAction\":[{\"@type\":\"ReadAction\",\"target\":[\"https:\\\/\\\/lamalaguetatour.com\\\/pl\\\/sklep\\\/\"]}]},{\"@type\":\"BreadcrumbList\",\"@id\":\"https:\\\/\\\/lamalaguetatour.com\\\/pl\\\/sklep\\\/#breadcrumb\",\"itemListElement\":[{\"@type\":\"ListItem\",\"position\":1,\"name\":\"Portada\",\"item\":\"https:\\\/\\\/lamalaguetatour.com\\\/pl\\\/\"},{\"@type\":\"ListItem\",\"position\":2,\"name\":\"Sklep\"}]},{\"@type\":\"WebSite\",\"@id\":\"https:\\\/\\\/lamalaguetatour.com\\\/pl\\\/#website\",\"url\":\"https:\\\/\\\/lamalaguetatour.com\\\/pl\\\/\",\"name\":\"La Malagueta Tour\",\"description\":\"Tour Plaza de Toros M\u00e1laga\",\"publisher\":{\"@id\":\"https:\\\/\\\/lamalaguetatour.com\\\/pl\\\/#organization\"},\"potentialAction\":[{\"@type\":\"SearchAction\",\"target\":{\"@type\":\"EntryPoint\",\"urlTemplate\":\"https:\\\/\\\/lamalaguetatour.com\\\/pl\\\/?s={search_term_string}\"},\"query-input\":{\"@type\":\"PropertyValueSpecification\",\"valueRequired\":true,\"valueName\":\"search_term_string\"}}],\"inLanguage\":\"pl-PL\"},{\"@type\":\"Organization\",\"@id\":\"https:\\\/\\\/lamalaguetatour.com\\\/pl\\\/#organization\",\"name\":\"La Malagueta Tour\",\"url\":\"https:\\\/\\\/lamalaguetatour.com\\\/pl\\\/\",\"logo\":{\"@type\":\"ImageObject\",\"inLanguage\":\"pl-PL\",\"@id\":\"https:\\\/\\\/lamalaguetatour.com\\\/pl\\\/#\\\/schema\\\/logo\\\/image\\\/\",\"url\":\"https:\\\/\\\/lamalaguetatour.com\\\/wp-content\\\/uploads\\\/2024\\\/12\\\/cropped-Logo.webp\",\"contentUrl\":\"https:\\\/\\\/lamalaguetatour.com\\\/wp-content\\\/uploads\\\/2024\\\/12\\\/cropped-Logo.webp\",\"width\":512,\"height\":512,\"caption\":\"La Malagueta Tour\"},\"image\":{\"@id\":\"https:\\\/\\\/lamalaguetatour.com\\\/pl\\\/#\\\/schema\\\/logo\\\/image\\\/\"},\"sameAs\":[\"https:\\\/\\\/www.facebook.com\\\/plazamalaguetatour\\\/\",\"https:\\\/\\\/www.instagram.com\\\/plazamalagueta_tour\\\/\"]}]}<\/script>\n<!-- \/ Yoast SEO plugin. -->","yoast_head_json":{"title":"Sklep prezent\u00f3w - La Malagueta Tour","description":"Podczas wizyty na arenie byk\u00f3w Malagueta mo\u017cesz odwiedzi\u0107 nasz sklep z pami\u0105tkami i kupi\u0107 pami\u0105tk\u0119 z Malagi.","robots":{"index":"index","follow":"follow","max-snippet":"max-snippet:-1","max-image-preview":"max-image-preview:large","max-video-preview":"max-video-preview:-1"},"canonical":"https:\/\/lamalaguetatour.com\/pl\/sklep\/","og_locale":"pl_PL","og_type":"article","og_title":"Sklep prezent\u00f3w - La Malagueta Tour","og_description":"Podczas wizyty na arenie byk\u00f3w Malagueta mo\u017cesz odwiedzi\u0107 nasz sklep z pami\u0105tkami i kupi\u0107 pami\u0105tk\u0119 z Malagi.","og_url":"https:\/\/lamalaguetatour.com\/pl\/sklep\/","og_site_name":"La Malagueta Tour","article_publisher":"https:\/\/www.facebook.com\/plazamalaguetatour\/","article_modified_time":"2025-07-17T08:09:45+00:00","twitter_card":"summary_large_image","twitter_misc":{"Szacowany czas czytania":"3 minuty"},"schema":{"@context":"https:\/\/schema.org","@graph":[{"@type":"WebPage","@id":"https:\/\/lamalaguetatour.com\/pl\/sklep\/","url":"https:\/\/lamalaguetatour.com\/pl\/sklep\/","name":"Sklep prezent\u00f3w - La Malagueta Tour","isPartOf":{"@id":"https:\/\/lamalaguetatour.com\/pl\/#website"},"datePublished":"2025-04-14T09:59:57+00:00","dateModified":"2025-07-17T08:09:45+00:00","description":"Podczas wizyty na arenie byk\u00f3w Malagueta mo\u017cesz odwiedzi\u0107 nasz sklep z pami\u0105tkami i kupi\u0107 pami\u0105tk\u0119 z Malagi.","breadcrumb":{"@id":"https:\/\/lamalaguetatour.com\/pl\/sklep\/#breadcrumb"},"inLanguage":"pl-PL","potentialAction":[{"@type":"ReadAction","target":["https:\/\/lamalaguetatour.com\/pl\/sklep\/"]}]},{"@type":"BreadcrumbList","@id":"https:\/\/lamalaguetatour.com\/pl\/sklep\/#breadcrumb","itemListElement":[{"@type":"ListItem","position":1,"name":"Portada","item":"https:\/\/lamalaguetatour.com\/pl\/"},{"@type":"ListItem","position":2,"name":"Sklep"}]},{"@type":"WebSite","@id":"https:\/\/lamalaguetatour.com\/pl\/#website","url":"https:\/\/lamalaguetatour.com\/pl\/","name":"La Malagueta Tour","description":"Tour Plaza de Toros M\u00e1laga","publisher":{"@id":"https:\/\/lamalaguetatour.com\/pl\/#organization"},"potentialAction":[{"@type":"SearchAction","target":{"@type":"EntryPoint","urlTemplate":"https:\/\/lamalaguetatour.com\/pl\/?s={search_term_string}"},"query-input":{"@type":"PropertyValueSpecification","valueRequired":true,"valueName":"search_term_string"}}],"inLanguage":"pl-PL"},{"@type":"Organization","@id":"https:\/\/lamalaguetatour.com\/pl\/#organization","name":"La Malagueta Tour","url":"https:\/\/lamalaguetatour.com\/pl\/","logo":{"@type":"ImageObject","inLanguage":"pl-PL","@id":"https:\/\/lamalaguetatour.com\/pl\/#\/schema\/logo\/image\/","url":"https:\/\/lamalaguetatour.com\/wp-content\/uploads\/2024\/12\/cropped-Logo.webp","contentUrl":"https:\/\/lamalaguetatour.com\/wp-content\/uploads\/2024\/12\/cropped-Logo.webp","width":512,"height":512,"caption":"La Malagueta Tour"},"image":{"@id":"https:\/\/lamalaguetatour.com\/pl\/#\/schema\/logo\/image\/"},"sameAs":["https:\/\/www.facebook.com\/plazamalaguetatour\/","https:\/\/www.instagram.com\/plazamalagueta_tour\/"]}]}},"_links":{"self":[{"href":"https:\/\/lamalaguetatour.com\/pl\/wp-json\/wp\/v2\/pages\/4014","targetHints":{"allow":["GET"]}}],"collection":[{"href":"https:\/\/lamalaguetatour.com\/pl\/wp-json\/wp\/v2\/pages"}],"about":[{"href":"https:\/\/lamalaguetatour.com\/pl\/wp-json\/wp\/v2\/types\/page"}],"author":[{"embeddable":true,"href":"https:\/\/lamalaguetatour.com\/pl\/wp-json\/wp\/v2\/users\/2"}],"replies":[{"embeddable":true,"href":"https:\/\/lamalaguetatour.com\/pl\/wp-json\/wp\/v2\/comments?post=4014"}],"version-history":[{"count":2,"href":"https:\/\/lamalaguetatour.com\/pl\/wp-json\/wp\/v2\/pages\/4014\/revisions"}],"predecessor-version":[{"id":4046,"href":"https:\/\/lamalaguetatour.com\/pl\/wp-json\/wp\/v2\/pages\/4014\/revisions\/4046"}],"wp:attachment":[{"href":"https:\/\/lamalaguetatour.com\/pl\/wp-json\/wp\/v2\/media?parent=4014"}],"curies":[{"name":"wp","href":"https:\/\/api.w.org\/{rel}","templated":true}]}}