{"id":920,"date":"2024-10-03T15:13:38","date_gmt":"2024-10-03T13:13:38","guid":{"rendered":"https:\/\/lamalaguetatour.com\/avviso-legale\/"},"modified":"2024-12-09T12:07:11","modified_gmt":"2024-12-09T11:07:11","slug":"avviso-legale","status":"publish","type":"page","link":"https:\/\/lamalaguetatour.com\/it\/avviso-legale\/","title":{"rendered":"Avviso legale"},"content":{"rendered":"<section class=\"l-section wpb_row height_large\"><div class=\"l-section-h i-cf\"><div class=\"g-cols vc_row via_grid cols_1 laptops-cols_inherit tablets-cols_inherit mobiles-cols_1 valign_top type_default stacking_default\"><div class=\"wpb_column vc_column_container\"><div class=\"vc_column-inner\"><div class=\"wpb_text_column\"><div class=\"wpb_wrapper\"><h1>AVVISO LEGALE<\/h1>\n<p>In ottemperanza all&#8217;obbligo di informazione di cui all&#8217;articolo 10 della Legge 34\/2002, dell&#8217;11 luglio, sui Servizi della Societ\u00e0 dell&#8217;Informazione e del Commercio Elettronico (LSSICE), il proprietario del sito web ti informa di quanto segue:<\/p>\n<ul>\n<li style=\"list-style-type: none;\">\n<ul>\n<li>Nome dell&#8217;azienda: Toroshopping, S.L.<\/li>\n<li>PARTITA IVA: B92950146<\/li>\n<li>Indirizzo: Centro Melior Vasari. Urbanizaci\u00f3n La Alzambra, 3, Local 1, 29660 &#8211; Marbella (M\u00e1laga) <\/li>\n<\/ul>\n<\/li>\n<\/ul>\n<p>Registrato nel Registro Mercantile di Malaga nel volume 4566, foglio 11, sezione, numero di pagina MA-98915, iscrizione 1.<\/p>\n<ul>\n<li>Autorizzazione amministrativa: Servizio di gestione delle visite turistiche per l&#8217;arena di Malaga e CEIT.<\/li>\n<\/ul>\n<p>Nei limiti stabiliti dalla legge, Toroshopping, S.L. non si assume alcuna responsabilit\u00e0 per la mancanza di veridicit\u00e0, completezza, aggiornamento e accuratezza dei dati o delle informazioni contenute nelle sue pagine web. I contenuti e le informazioni non impegnano Toroshopping, S.L. n\u00e9 costituiscono opinioni, consigli o consulenze legali di alcun tipo, trattandosi di un servizio offerto a scopo informativo e divulgativo. Le pagine Internet di Toroshopping, S.L. possono contenere link ad altre pagine di terzi che Toroshopping, S.L. non pu\u00f2 controllare. Pertanto, Toroshopping, S.L. non pu\u00f2 assumersi la responsabilit\u00e0 per i contenuti che possono apparire sui siti di terzi. I testi, le immagini, i suoni, le animazioni, il software e il resto dei contenuti inclusi in questo sito web sono di propriet\u00e0 esclusiva di Toroshopping, S.L. o dei suoi licenziatari. Qualsiasi atto di trasmissione, distribuzione, trasferimento, riproduzione, archiviazione o comunicazione pubblica totale o parziale deve avere l&#8217;espresso consenso di Toroshopping, S.L.. Allo stesso modo, per accedere ad alcuni dei servizi che Toroshopping, S.L. offre attraverso il sito web, \u00e8 necessario fornire alcuni dati personali. In conformit\u00e0 alle disposizioni del Regolamento (UE) 2016\/679 del Parlamento Europeo e del Consiglio del 27 aprile 2016 relativo alla protezione delle persone fisiche con riguardo al trattamento dei dati personali, nonch\u00e9 alla libera circolazione di tali dati, ti informiamo che, compilando questi moduli, i tuoi dati personali saranno inseriti e trattati negli archivi di Toroshopping, S.L. al fine di fornirti e offrirti i nostri servizi, nonch\u00e9 per informarti dei miglioramenti apportati al sito web. Ti informiamo inoltre che in qualsiasi momento avrai la possibilit\u00e0 di esercitare i tuoi diritti di accesso, rettifica, cancellazione, opposizione, limitazione e portabilit\u00e0 dei tuoi dati personali, gratuitamente, inviando un&#8217;e-mail a: info@toroshopping.com o all&#8217;indirizzo: Centro Melior Vasari. Urbanizaci\u00f3n La Alzambra, 3, Local 1, 29660 &#8211; Marbella (M\u00e1laga).<\/p>\n<\/div><\/div><\/div><\/div><\/div><\/div><\/section>\n","protected":false},"excerpt":{"rendered":"AVVISO LEGALE In ottemperanza all&#8217;obbligo di informazione di cui all&#8217;articolo 10 della Legge 34\/2002, dell&#8217;11 luglio, sui Servizi della Societ\u00e0 dell&#8217;Informazione e del Commercio Elettronico (LSSICE), il proprietario del sito web ti informa di quanto segue: Nome dell&#8217;azienda: Toroshopping, S.L. PARTITA IVA: B92950146 Indirizzo: Centro Melior Vasari. Urbanizaci\u00f3n La Alzambra, 3, Local 1, 29660 &#8211;...","protected":false},"author":2,"featured_media":0,"parent":0,"menu_order":0,"comment_status":"closed","ping_status":"open","template":"","meta":{"footnotes":""},"class_list":["post-920","page","type-page","status-publish","hentry"],"yoast_head":"<!-- This site is optimized with the Yoast SEO plugin v27.5 - https:\/\/yoast.com\/product\/yoast-seo-wordpress\/ -->\n<title>Avviso legale - La Malagueta Tour<\/title>\n<meta name=\"robots\" content=\"noindex, follow\" \/>\n<meta property=\"og:locale\" content=\"it_IT\" \/>\n<meta property=\"og:type\" content=\"article\" \/>\n<meta property=\"og:title\" content=\"Avviso legale - La Malagueta Tour\" \/>\n<meta property=\"og:url\" content=\"https:\/\/lamalaguetatour.com\/it\/avviso-legale\/\" \/>\n<meta property=\"og:site_name\" content=\"La Malagueta Tour\" \/>\n<meta property=\"article:publisher\" content=\"https:\/\/www.facebook.com\/plazamalaguetatour\/\" \/>\n<meta property=\"article:modified_time\" content=\"2024-12-09T11:07:11+00:00\" \/>\n<meta name=\"twitter:card\" content=\"summary_large_image\" \/>\n<meta name=\"twitter:label1\" content=\"Tempo di lettura stimato\" \/>\n\t<meta name=\"twitter:data1\" content=\"2 minuti\" \/>\n<script type=\"application\/ld+json\" class=\"yoast-schema-graph\">{\"@context\":\"https:\\\/\\\/schema.org\",\"@graph\":[{\"@type\":\"WebPage\",\"@id\":\"https:\\\/\\\/lamalaguetatour.com\\\/it\\\/avviso-legale\\\/\",\"url\":\"https:\\\/\\\/lamalaguetatour.com\\\/it\\\/avviso-legale\\\/\",\"name\":\"Avviso legale - La Malagueta Tour\",\"isPartOf\":{\"@id\":\"https:\\\/\\\/lamalaguetatour.com\\\/it\\\/#website\"},\"datePublished\":\"2024-10-03T13:13:38+00:00\",\"dateModified\":\"2024-12-09T11:07:11+00:00\",\"breadcrumb\":{\"@id\":\"https:\\\/\\\/lamalaguetatour.com\\\/it\\\/avviso-legale\\\/#breadcrumb\"},\"inLanguage\":\"it-IT\",\"potentialAction\":[{\"@type\":\"ReadAction\",\"target\":[\"https:\\\/\\\/lamalaguetatour.com\\\/it\\\/avviso-legale\\\/\"]}]},{\"@type\":\"BreadcrumbList\",\"@id\":\"https:\\\/\\\/lamalaguetatour.com\\\/it\\\/avviso-legale\\\/#breadcrumb\",\"itemListElement\":[{\"@type\":\"ListItem\",\"position\":1,\"name\":\"Portada\",\"item\":\"https:\\\/\\\/lamalaguetatour.com\\\/it\\\/\"},{\"@type\":\"ListItem\",\"position\":2,\"name\":\"Avviso legale\"}]},{\"@type\":\"WebSite\",\"@id\":\"https:\\\/\\\/lamalaguetatour.com\\\/it\\\/#website\",\"url\":\"https:\\\/\\\/lamalaguetatour.com\\\/it\\\/\",\"name\":\"La Malagueta Tour\",\"description\":\"Tour Plaza de Toros M\u00e1laga\",\"publisher\":{\"@id\":\"https:\\\/\\\/lamalaguetatour.com\\\/it\\\/#organization\"},\"potentialAction\":[{\"@type\":\"SearchAction\",\"target\":{\"@type\":\"EntryPoint\",\"urlTemplate\":\"https:\\\/\\\/lamalaguetatour.com\\\/it\\\/?s={search_term_string}\"},\"query-input\":{\"@type\":\"PropertyValueSpecification\",\"valueRequired\":true,\"valueName\":\"search_term_string\"}}],\"inLanguage\":\"it-IT\"},{\"@type\":\"Organization\",\"@id\":\"https:\\\/\\\/lamalaguetatour.com\\\/it\\\/#organization\",\"name\":\"La Malagueta Tour\",\"url\":\"https:\\\/\\\/lamalaguetatour.com\\\/it\\\/\",\"logo\":{\"@type\":\"ImageObject\",\"inLanguage\":\"it-IT\",\"@id\":\"https:\\\/\\\/lamalaguetatour.com\\\/it\\\/#\\\/schema\\\/logo\\\/image\\\/\",\"url\":\"https:\\\/\\\/lamalaguetatour.com\\\/wp-content\\\/uploads\\\/2024\\\/12\\\/cropped-Logo.webp\",\"contentUrl\":\"https:\\\/\\\/lamalaguetatour.com\\\/wp-content\\\/uploads\\\/2024\\\/12\\\/cropped-Logo.webp\",\"width\":512,\"height\":512,\"caption\":\"La Malagueta Tour\"},\"image\":{\"@id\":\"https:\\\/\\\/lamalaguetatour.com\\\/it\\\/#\\\/schema\\\/logo\\\/image\\\/\"},\"sameAs\":[\"https:\\\/\\\/www.facebook.com\\\/plazamalaguetatour\\\/\",\"https:\\\/\\\/www.instagram.com\\\/plazamalagueta_tour\\\/\"]}]}<\/script>\n<!-- \/ Yoast SEO plugin. -->","yoast_head_json":{"title":"Avviso legale - La Malagueta Tour","robots":{"index":"noindex","follow":"follow"},"og_locale":"it_IT","og_type":"article","og_title":"Avviso legale - La Malagueta Tour","og_url":"https:\/\/lamalaguetatour.com\/it\/avviso-legale\/","og_site_name":"La Malagueta Tour","article_publisher":"https:\/\/www.facebook.com\/plazamalaguetatour\/","article_modified_time":"2024-12-09T11:07:11+00:00","twitter_card":"summary_large_image","twitter_misc":{"Tempo di lettura stimato":"2 minuti"},"schema":{"@context":"https:\/\/schema.org","@graph":[{"@type":"WebPage","@id":"https:\/\/lamalaguetatour.com\/it\/avviso-legale\/","url":"https:\/\/lamalaguetatour.com\/it\/avviso-legale\/","name":"Avviso legale - La Malagueta Tour","isPartOf":{"@id":"https:\/\/lamalaguetatour.com\/it\/#website"},"datePublished":"2024-10-03T13:13:38+00:00","dateModified":"2024-12-09T11:07:11+00:00","breadcrumb":{"@id":"https:\/\/lamalaguetatour.com\/it\/avviso-legale\/#breadcrumb"},"inLanguage":"it-IT","potentialAction":[{"@type":"ReadAction","target":["https:\/\/lamalaguetatour.com\/it\/avviso-legale\/"]}]},{"@type":"BreadcrumbList","@id":"https:\/\/lamalaguetatour.com\/it\/avviso-legale\/#breadcrumb","itemListElement":[{"@type":"ListItem","position":1,"name":"Portada","item":"https:\/\/lamalaguetatour.com\/it\/"},{"@type":"ListItem","position":2,"name":"Avviso legale"}]},{"@type":"WebSite","@id":"https:\/\/lamalaguetatour.com\/it\/#website","url":"https:\/\/lamalaguetatour.com\/it\/","name":"La Malagueta Tour","description":"Tour Plaza de Toros M\u00e1laga","publisher":{"@id":"https:\/\/lamalaguetatour.com\/it\/#organization"},"potentialAction":[{"@type":"SearchAction","target":{"@type":"EntryPoint","urlTemplate":"https:\/\/lamalaguetatour.com\/it\/?s={search_term_string}"},"query-input":{"@type":"PropertyValueSpecification","valueRequired":true,"valueName":"search_term_string"}}],"inLanguage":"it-IT"},{"@type":"Organization","@id":"https:\/\/lamalaguetatour.com\/it\/#organization","name":"La Malagueta Tour","url":"https:\/\/lamalaguetatour.com\/it\/","logo":{"@type":"ImageObject","inLanguage":"it-IT","@id":"https:\/\/lamalaguetatour.com\/it\/#\/schema\/logo\/image\/","url":"https:\/\/lamalaguetatour.com\/wp-content\/uploads\/2024\/12\/cropped-Logo.webp","contentUrl":"https:\/\/lamalaguetatour.com\/wp-content\/uploads\/2024\/12\/cropped-Logo.webp","width":512,"height":512,"caption":"La Malagueta Tour"},"image":{"@id":"https:\/\/lamalaguetatour.com\/it\/#\/schema\/logo\/image\/"},"sameAs":["https:\/\/www.facebook.com\/plazamalaguetatour\/","https:\/\/www.instagram.com\/plazamalagueta_tour\/"]}]}},"_links":{"self":[{"href":"https:\/\/lamalaguetatour.com\/it\/wp-json\/wp\/v2\/pages\/920","targetHints":{"allow":["GET"]}}],"collection":[{"href":"https:\/\/lamalaguetatour.com\/it\/wp-json\/wp\/v2\/pages"}],"about":[{"href":"https:\/\/lamalaguetatour.com\/it\/wp-json\/wp\/v2\/types\/page"}],"author":[{"embeddable":true,"href":"https:\/\/lamalaguetatour.com\/it\/wp-json\/wp\/v2\/users\/2"}],"replies":[{"embeddable":true,"href":"https:\/\/lamalaguetatour.com\/it\/wp-json\/wp\/v2\/comments?post=920"}],"version-history":[{"count":2,"href":"https:\/\/lamalaguetatour.com\/it\/wp-json\/wp\/v2\/pages\/920\/revisions"}],"predecessor-version":[{"id":924,"href":"https:\/\/lamalaguetatour.com\/it\/wp-json\/wp\/v2\/pages\/920\/revisions\/924"}],"wp:attachment":[{"href":"https:\/\/lamalaguetatour.com\/it\/wp-json\/wp\/v2\/media?parent=920"}],"curies":[{"name":"wp","href":"https:\/\/api.w.org\/{rel}","templated":true}]}}