{"id":4591,"date":"2025-07-10T12:28:25","date_gmt":"2025-07-10T10:28:25","guid":{"rendered":"https:\/\/lamalaguetatour.com\/billets-tauromachie-malaga\/"},"modified":"2026-03-15T19:21:51","modified_gmt":"2026-03-15T18:21:51","slug":"billets-corrida-malaga","status":"publish","type":"page","link":"https:\/\/lamalaguetatour.com\/fr\/billets-corrida-malaga\/","title":{"rendered":"Les Corridas \u00e0 Malaga"},"content":{"rendered":"<section class=\"l-section wpb_row height_large with_img\"><div class=\"l-section-img\" role=\"img\" aria-label=\"Visites guid\u00e9es des ar\u00e8nes\" data-img-width=\"1550\" data-img-height=\"775\" style=\"background-image: url(https:\/\/lamalaguetatour.com\/wp-content\/uploads\/2024\/11\/Visitas-plaza-de-toros-malaga.webp);\"><\/div><div class=\"l-section-overlay\" style=\"background:rgba(0,0,0,0.62)\"><\/div><div class=\"l-section-h i-cf\"><div class=\"g-cols vc_row via_grid cols_1 laptops-cols_inherit tablets-cols_inherit mobiles-cols_1 valign_top type_default stacking_default\"><div class=\"wpb_column vc_column_container\"><div class=\"vc_column-inner\"><div class=\"wpb_text_column us_custom_60e9caca us_animate_this\"><div class=\"wpb_wrapper\"><h1 style=\"text-align: center;\"><span style=\"color: #ffffff;\"><strong>Billets de Corrida Malaga 2026<\/strong><\/span><\/h1>\n<p class=\"p1\" style=\"text-align: center;\"><span style=\"color: #ffffff;\"><b>R\u00e9servez vos billets et vivez une exp\u00e9rience taurine unique dans les embl\u00e9matiques ar\u00e8nes de La Malagueta.<\/b><\/span><\/p>\n<\/div><\/div><\/div><\/div><\/div><\/div><\/section><section class=\"l-section wpb_row height_small\"><div class=\"l-section-overlay\" style=\"background:rgba(196,196,196,0.46)\"><\/div><div class=\"l-section-h i-cf\"><div class=\"g-cols vc_row via_grid cols_1 laptops-cols_inherit tablets-cols_inherit mobiles-cols_1 valign_top type_default stacking_default\"><div class=\"wpb_column vc_column_container\"><div class=\"vc_column-inner\"><div class=\"w-actionbox color_light controls_right\"><div class=\"w-actionbox-text\"><h2 class=\"w-actionbox-title\">\ud83c\udfa8 Pack Sp\u00e9cial : Visite La Malagueta + Corrida Picassiana \u2013 4 avril 2026<\/h2><\/div><\/div><div class=\"w-separator size_medium\"><\/div><div class=\"wpb_text_column\"><div class=\"wpb_wrapper\"><p class=\"p1\">Envie de vivre le 4 avril d&rsquo;une fa\u00e7on inoubliable? Nous vous proposons une <strong>double exp\u00e9rience unique<\/strong> : commencez la journ\u00e9e par une visite guid\u00e9e des ar\u00e8nes La Malagueta, d\u00e9couvrez leurs recoins historiques, le mus\u00e9e immersif et l&rsquo;exposition d&rsquo;affiches taurines\u2026 puis revenez l&rsquo;apr\u00e8s-midi en tant que spectateur pour assister \u00e0 la Corrida Picassiana 2026.<b><\/b><\/p>\n<p class=\"p1\"><b>Une matin\u00e9e de culture et de patrimoine, un apr\u00e8s-midi d&rsquo;\u00e9motion et d&rsquo;art taurin. Tout dans le m\u00eame cadre d&rsquo;exception.<\/b><\/p>\n<p class=\"p1\"><b>Que comprend le pack ?<\/b><\/p>\n<ul class=\"ul1\">\n<li class=\"li2\"><span class=\"s1\"><\/span><span class=\"s2\">\u2705<\/span> Visite des ar\u00e8nes La Malagueta (visite du site, mus\u00e9e immersif et exposition temporaire d&rsquo;affiches taurines)<\/li>\n<li class=\"li2\"><span class=\"s1\"><\/span><span class=\"s2\">\u2705<\/span> Billet pour la Corrida Picassiana \u2014 samedi 4 avril \u00e0 18h00<\/li>\n<li class=\"li2\"><span class=\"s1\"><\/span><span class=\"s2\">\u2705<\/span> R\u00e9servation en ligne s\u00e9curis\u00e9e avec confirmation imm\u00e9diate<\/li>\n<\/ul>\n<p class=\"p1\"><span class=\"s1\">\ud83d\udca1<\/span><i> Vous pouvez r\u00e9server la visite le matin \u2014 la corrida commence \u00e0 18h00. Une journ\u00e9e enti\u00e8re \u00e0 La Malagueta.<\/i><\/p>\n<\/div><\/div><\/div><\/div><\/div><\/div><\/section><section class=\"l-section wpb_row us_custom_60e9caca us_animate_this height_medium\"><div class=\"l-section-h i-cf\"><div class=\"g-cols vc_row via_grid cols_2 laptops-cols_inherit tablets-cols_inherit mobiles-cols_1 valign_top type_default stacking_default\"><div class=\"wpb_column vc_column_container\"><div class=\"vc_column-inner\"><div class=\"w-btn-wrapper align_none\"><a class=\"w-btn us-btn-style_2\" href=\"https:\/\/tickets.lamalaguetatour.com\/fr\/\"><span class=\"w-btn-label\">\ud83c\udf9f R\u00e9server la visite La Malagueta<\/span><\/a><\/div><\/div><\/div><div class=\"wpb_column vc_column_container\"><div class=\"vc_column-inner\"><div class=\"w-btn-wrapper align_none\"><a class=\"w-btn us-btn-style_2\" href=\"https:\/\/plazadetoroslamalagueta.com\/fr\/billets-pour-la-corrida-de-malaga\/\"><span class=\"w-btn-label\">\ud83d\udc02 Acheter votre billet Corrida Picassiana<\/span><\/a><\/div><\/div><\/div><\/div><\/div><\/section><section class=\"l-section wpb_row us_custom_60e9caca us_animate_this height_medium\"><div class=\"l-section-h i-cf\"><div class=\"g-cols vc_row via_grid cols_2 laptops-cols_inherit tablets-cols_inherit mobiles-cols_1 valign_top type_default stacking_default\"><div class=\"wpb_column vc_column_container\"><div class=\"vc_column-inner\"><div class=\"wpb_text_column\"><div class=\"wpb_wrapper\"><h2 class=\"p1\"><b>Calendrier Taurin M\u00e1laga 2026<\/b><\/h2>\n<p class=\"p1\"><span style=\"color: #f9b122;\"><b>Corrida Picassiana \u2013 4 avril 2026<\/b><\/span><\/p>\n<p class=\"p1\">Samedi \u00e0 18h00. Toreros : Fortes, Juan Ortega et Pablo Aguado. \u00c9levages : Puerto de San Lorenzo et El Pilar. Affiche cr\u00e9\u00e9e par Jacob Vilat\u00f3, petit-neveu de Picasso.<\/p>\n<p class=\"p1\"><span class=\"s1\">\ud83d\udc49<\/span> Acheter des billets : <span class=\"s2\">\u00e0 partir de 16,50 \u20ac<b><\/b><\/span><\/p>\n<p class=\"p3\"><span style=\"color: #f9b122;\"><b>Foire Taurine d&rsquo;Ao\u00fbt 2026<\/b><\/span><\/p>\n<p class=\"p1\">Dates approximatives : du 13 au 22 ao\u00fbt. Programme et billets disponibles prochainement.<\/p>\n<p class=\"p4\"><span class=\"s1\">\ud83d\udc49<\/span> Abonnez-vous \u00e0 notre newsletter pour \u00eatre inform\u00e9 en avant-premi\u00e8re.<\/p>\n<\/div><\/div><\/div><\/div><div class=\"wpb_column vc_column_container\"><div class=\"vc_column-inner\"><div class=\"w-image style_shadow-1 align_none\"><a href=\"https:\/\/plazadetoroslamalagueta.com\/entradas-corrida-de-toros-malaga\/\" aria-label=\"PICASSIANA-2026\" class=\"w-image-h\"><img decoding=\"async\" width=\"510\" height=\"1024\" src=\"https:\/\/lamalaguetatour.com\/wp-content\/uploads\/2026\/03\/PICASSIANA-2026-2-510x1024.jpeg\" class=\"attachment-large size-large\" alt=\"\" loading=\"lazy\" srcset=\"https:\/\/lamalaguetatour.com\/wp-content\/uploads\/2026\/03\/PICASSIANA-2026-2-510x1024.jpeg 510w, https:\/\/lamalaguetatour.com\/wp-content\/uploads\/2026\/03\/PICASSIANA-2026-2-149x300.jpeg 149w, https:\/\/lamalaguetatour.com\/wp-content\/uploads\/2026\/03\/PICASSIANA-2026-2-600x1205.jpeg 600w, https:\/\/lamalaguetatour.com\/wp-content\/uploads\/2026\/03\/PICASSIANA-2026-2.jpeg 996w\" sizes=\"auto, (max-width: 510px) 100vw, 510px\" \/><\/a><\/div><\/div><\/div><\/div><\/div><\/section><section class=\"l-section wpb_row height_small\"><div class=\"l-section-overlay\" style=\"background:rgba(196,196,196,0.46)\"><\/div><div class=\"l-section-h i-cf\"><div class=\"g-cols vc_row via_grid cols_1 laptops-cols_inherit tablets-cols_inherit mobiles-cols_1 valign_top type_default stacking_default\"><div class=\"wpb_column vc_column_container\"><div class=\"vc_column-inner\"><div class=\"wpb_text_column us_custom_60e9caca us_animate_this\"><div class=\"wpb_wrapper\"><h3 style=\"text-align: center;\"><strong>BILLETS STANDARD ET L\u00d4GES VIP<\/strong><\/h3>\n<\/div><\/div><\/div><\/div><\/div><\/div><\/section><section class=\"l-section wpb_row height_small\"><div class=\"l-section-overlay\" style=\"background:rgba(196,196,196,0.46)\"><\/div><div class=\"l-section-h i-cf\"><div class=\"g-cols vc_row via_grid cols_5 laptops-cols_inherit tablets-cols_inherit mobiles-cols_1 valign_top type_default stacking_default\"><div class=\"wpb_column vc_column_container\"><div class=\"vc_column-inner\"><\/div><\/div><div class=\"wpb_column vc_column_container us_custom_60e9caca us_animate_this\"><div class=\"vc_column-inner\"><div class=\"wpb_text_column\"><div class=\"wpb_wrapper\"><h4 class=\"product_title entry-title\" style=\"text-align: center;\">Billets VIP<\/h4>\n<\/div><\/div><div class=\"w-separator size_small\"><\/div><div class=\"w-image style_shadow-1 has_ratio align_none\"><a href=\"https:\/\/plazadetoroslamalagueta.com\/palcos-vip-entradas-toros\/\" aria-label=\"Entrada-individual\" class=\"w-image-h\"><div style=\"padding-bottom:100%\"><\/div><img decoding=\"async\" width=\"922\" height=\"1024\" src=\"https:\/\/lamalaguetatour.com\/wp-content\/uploads\/2025\/07\/Entrada-individual-922x1024.webp\" class=\"attachment-large size-large\" alt=\"\" loading=\"lazy\" \/><\/a><\/div><div class=\"w-separator size_small\"><\/div><div class=\"w-btn-wrapper align_center\"><a class=\"w-btn us-btn-style_2\" target=\"_blank\" href=\"https:\/\/plazadetoroslamalagueta.com\/fr\/loges-vip\/\"><span class=\"w-btn-label\">R\u00c9SERVEZ ICI<\/span><\/a><\/div><\/div><\/div><div class=\"wpb_column vc_column_container us_custom_60e9caca us_animate_this\"><div class=\"vc_column-inner\"><div class=\"wpb_text_column\"><div class=\"wpb_wrapper\"><h4 class=\"product_title entry-title\" style=\"text-align: center;\">L\u00f4ges VIP priv\u00e9es<\/h4>\n<\/div><\/div><div class=\"w-separator size_small\"><\/div><div class=\"w-image style_shadow-1 has_ratio align_none\"><a href=\"https:\/\/plazadetoroslamalagueta.com\/palcos-vip-entradas-toros\/\" aria-label=\"Palco-vip\" class=\"w-image-h\"><div style=\"padding-bottom:100%\"><\/div><img decoding=\"async\" width=\"922\" height=\"1024\" src=\"https:\/\/lamalaguetatour.com\/wp-content\/uploads\/2025\/07\/Palco-vip-922x1024.webp\" class=\"attachment-large size-large\" alt=\"\" loading=\"lazy\" \/><\/a><\/div><div class=\"w-separator size_small\"><\/div><div class=\"w-btn-wrapper align_center\"><a class=\"w-btn us-btn-style_2\" target=\"_blank\" href=\"https:\/\/plazadetoroslamalagueta.com\/fr\/loges-vip\/\"><span class=\"w-btn-label\">R\u00c9SERVEZ ICI<\/span><\/a><\/div><\/div><\/div><div class=\"wpb_column vc_column_container us_custom_60e9caca us_animate_this\"><div class=\"vc_column-inner\"><div class=\"wpb_text_column\"><div class=\"wpb_wrapper\"><h4 class=\"product_title entry-title\" style=\"text-align: center;\">Billets Soleil et Ombre<\/h4>\n<\/div><\/div><div class=\"w-separator size_small\"><\/div><div class=\"w-image style_shadow-1 has_ratio align_none\"><a href=\"https:\/\/plazadetoroslamalagueta.com\/abonos\/\" aria-label=\"corridas\" class=\"w-image-h\"><div style=\"padding-bottom:100%\"><\/div><img decoding=\"async\" width=\"1024\" height=\"720\" src=\"https:\/\/lamalaguetatour.com\/wp-content\/uploads\/2024\/11\/Corridas-de-toros-1024x720.jpg\" class=\"attachment-large size-large\" alt=\"\u00c9v\u00e9nement taurin\" loading=\"lazy\" \/><\/a><\/div><div class=\"w-separator size_small\"><\/div><div class=\"w-btn-wrapper align_center\"><a class=\"w-btn us-btn-style_2\" target=\"_blank\" href=\"https:\/\/plazadetoroslamalagueta.com\/fr\/billets-pour-la-corrida-de-malaga\/\"><span class=\"w-btn-label\">R\u00c9SERVEZ ICI<\/span><\/a><\/div><\/div><\/div><div class=\"wpb_column vc_column_container\"><div class=\"vc_column-inner\"><\/div><\/div><\/div><\/div><\/section><section class=\"l-section wpb_row us_custom_60e9caca us_animate_this height_small\"><div class=\"l-section-h i-cf\"><div class=\"g-cols vc_row via_grid cols_2 laptops-cols_inherit tablets-cols_inherit mobiles-cols_1 valign_top type_default stacking_default\" style=\"--columns-gap:3.2rem;\"><div class=\"wpb_column vc_column_container\"><div class=\"vc_column-inner\"><div class=\"wpb_text_column\"><div class=\"wpb_wrapper\"><h3 class=\"p1\"><span class=\"s1\">\ud83c\udfa8<\/span><b> \u00c0 propos de la Corrida Picassiana de M\u00e1laga<\/b><\/h3>\n<\/div><\/div><div class=\"w-separator size_small\"><\/div><div class=\"wpb_text_column\"><div class=\"wpb_wrapper\"><p class=\"p1\">La Corrida Picassiana est l&rsquo;\u00e9v\u00e9nement taurin le plus singulier de l&rsquo;ann\u00e9e \u00e0 M\u00e1laga : un hommage artistique \u00e0 Pablo Picasso, g\u00e9nie universel n\u00e9 dans cette ville, qui transforme l&rsquo;apr\u00e8s-midi en une exp\u00e9rience o\u00f9 tauromachie et art se conjuguent. Chaque \u00e9dition, l&rsquo;artiste choisi pour l&rsquo;affiche officielle cr\u00e9e une sc\u00e9nographie et des costumes uniques inspir\u00e9s de l&rsquo;oeuvre picassienne.<\/p>\n<p class=\"p1\">En 2026, l&rsquo;affiche a \u00e9t\u00e9 cr\u00e9\u00e9e par Jacob Vilat\u00f3, petit-neveu de Picasso lui-m\u00eame.<\/p>\n<p class=\"p1\">Cet \u00e9v\u00e9nement associe tradition taurine andalouse, art et culture malague\u00f1os, dans le cadre unique d&rsquo;ar\u00e8nes historiques face \u00e0 la mer.<b><\/b><\/p>\n<\/div><\/div><\/div><\/div><div class=\"wpb_column vc_column_container\"><div class=\"vc_column-inner\"><div class=\"w-separator size_medium\"><\/div><div class=\"w-image style_shadow-1 align_none\"><div class=\"w-image-h\"><img decoding=\"async\" width=\"768\" height=\"830\" src=\"https:\/\/lamalaguetatour.com\/wp-content\/uploads\/2026\/03\/Captura-de-pantalla-2026-03-15-a-las-19.20.31.png\" class=\"attachment-large size-large\" alt=\"\" loading=\"lazy\" srcset=\"https:\/\/lamalaguetatour.com\/wp-content\/uploads\/2026\/03\/Captura-de-pantalla-2026-03-15-a-las-19.20.31.png 768w, https:\/\/lamalaguetatour.com\/wp-content\/uploads\/2026\/03\/Captura-de-pantalla-2026-03-15-a-las-19.20.31-278x300.png 278w, https:\/\/lamalaguetatour.com\/wp-content\/uploads\/2026\/03\/Captura-de-pantalla-2026-03-15-a-las-19.20.31-600x648.png 600w\" sizes=\"auto, (max-width: 768px) 100vw, 768px\" \/><\/div><\/div><div class=\"w-separator size_medium\"><\/div><\/div><\/div><\/div><\/div><\/section><section class=\"l-section wpb_row us_custom_60e9caca us_animate_this height_small\"><div class=\"l-section-h i-cf\"><div class=\"g-cols vc_row via_grid cols_2 laptops-cols_inherit tablets-cols_inherit mobiles-cols_1 valign_top type_default stacking_default\" style=\"--columns-gap:3.2rem;\"><div class=\"wpb_column vc_column_container\"><div class=\"vc_column-inner\"><div class=\"w-separator size_medium\"><\/div><div class=\"w-image style_shadow-1 align_none\"><div class=\"w-image-h\"><img decoding=\"async\" width=\"624\" height=\"385\" src=\"https:\/\/lamalaguetatour.com\/wp-content\/uploads\/2024\/11\/Manouel-Ortiz.jpg\" class=\"attachment-large size-large\" alt=\"\" loading=\"lazy\" srcset=\"https:\/\/lamalaguetatour.com\/wp-content\/uploads\/2024\/11\/Manouel-Ortiz.jpg 624w, https:\/\/lamalaguetatour.com\/wp-content\/uploads\/2024\/11\/Manouel-Ortiz-600x370.jpg 600w, https:\/\/lamalaguetatour.com\/wp-content\/uploads\/2024\/11\/Manouel-Ortiz-300x185.jpg 300w\" sizes=\"auto, (max-width: 624px) 100vw, 624px\" \/><\/div><\/div><div class=\"w-separator size_medium\"><\/div><\/div><\/div><div class=\"wpb_column vc_column_container\"><div class=\"vc_column-inner\"><div class=\"wpb_text_column\"><div class=\"wpb_wrapper\"><h3>A propos de la Feria du mois d&rsquo;ao\u00fbt \u00e0 Malaga<\/h3>\n<\/div><\/div><div class=\"w-separator size_small\"><\/div><div class=\"wpb_text_column\"><div class=\"wpb_wrapper\"><p data-start=\"97\" data-end=\"438\"><strong data-start=\"97\" data-end=\"127\">La <a href=\"https:\/\/malagataurina.es\/\">corrida de Malaga<\/a><\/strong> est l&rsquo;un des \u00e9v\u00e9nements les plus remarquables et les plus attendus du calendrier taurin. Organis\u00e9e chaque ann\u00e9e au mois d&rsquo;ao\u00fbt dans l&#8217;embl\u00e9matique Plaza de Toros de La Malagueta, cette foire rassemble des amateurs du monde entier, ce qui en fait un lieu de rencontre o\u00f9 l&rsquo;on c\u00e9l\u00e8bre la tradition et l&rsquo;enthousiasme de la tauromachie.<\/p>\n<p data-start=\"440\" data-end=\"1026\">Pendant ces journ\u00e9es, <strong data-start=\"459\" data-end=\"506\">Malaga vibre dans une ambiance tauromachique et festive<\/strong>. Les rues sont d\u00e9cor\u00e9es de motifs taurins, et les bars et restaurants proposent une s\u00e9lection vari\u00e9e de tapas et de plats typiques \u00e0 d\u00e9guster avant ou apr\u00e8s chaque corrida. La ville se transforme en une v\u00e9ritable ruche, accueillant des visiteurs venus de loin pour vivre de pr\u00e8s l&rsquo;intensit\u00e9 de chaque corrida. Tout au long de la semaine, des personnalit\u00e9s reconnues et de jeunes toreros prometteurs se retrouvent pour lutter pour la gloire, face \u00e0 d&rsquo;imposants taureaux issus de prestigieux haras espagnols.<\/p>\n<\/div><\/div><\/div><\/div><\/div><\/div><\/section>\n","protected":false},"excerpt":{"rendered":"Billets de Corrida Malaga 2026 R\u00e9servez vos billets et vivez une exp\u00e9rience taurine unique dans les embl\u00e9matiques ar\u00e8nes de La Malagueta. \ud83c\udfa8 Pack Sp\u00e9cial : Visite La Malagueta + Corrida Picassiana \u2013 4 avril 2026Envie de vivre le 4 avril d&rsquo;une fa\u00e7on inoubliable? Nous vous proposons une double exp\u00e9rience unique : commencez la journ\u00e9e par...","protected":false},"author":2,"featured_media":0,"parent":0,"menu_order":0,"comment_status":"closed","ping_status":"closed","template":"","meta":{"footnotes":""},"class_list":["post-4591","page","type-page","status-publish","hentry"],"yoast_head":"<!-- This site is optimized with the Yoast SEO plugin v27.5 - https:\/\/yoast.com\/product\/yoast-seo-wordpress\/ -->\n<title>Billets Corrida M\u00e1laga 2026 | Visite + Corrida | La Malagueta<\/title>\n<meta name=\"description\" content=\"Achetez vos billets pour les Corridas \u00e0 M\u00e1laga. Combinez la visite des ar\u00e8nes avec votre billets de corrida. Vente officielle en ligne.\" \/>\n<meta name=\"robots\" content=\"index, follow, max-snippet:-1, max-image-preview:large, max-video-preview:-1\" \/>\n<link rel=\"canonical\" href=\"https:\/\/lamalaguetatour.com\/fr\/billets-corrida-malaga\/\" \/>\n<meta property=\"og:locale\" content=\"fr_FR\" \/>\n<meta property=\"og:type\" content=\"article\" \/>\n<meta property=\"og:title\" content=\"Billets Corrida M\u00e1laga 2026 | Visite + Corrida | La Malagueta\" \/>\n<meta property=\"og:description\" content=\"Achetez vos billets pour les Corridas \u00e0 M\u00e1laga. Combinez la visite des ar\u00e8nes avec votre billets de corrida. Vente officielle en ligne.\" \/>\n<meta property=\"og:url\" content=\"https:\/\/lamalaguetatour.com\/fr\/billets-corrida-malaga\/\" \/>\n<meta property=\"og:site_name\" content=\"La Malagueta Tour\" \/>\n<meta property=\"article:publisher\" content=\"https:\/\/www.facebook.com\/plazamalaguetatour\/\" \/>\n<meta property=\"article:modified_time\" content=\"2026-03-15T18:21:51+00:00\" \/>\n<meta name=\"twitter:card\" content=\"summary_large_image\" \/>\n<meta name=\"twitter:label1\" content=\"Dur\u00e9e de lecture estim\u00e9e\" \/>\n\t<meta name=\"twitter:data1\" content=\"3 minutes\" \/>\n<script type=\"application\/ld+json\" class=\"yoast-schema-graph\">{\"@context\":\"https:\\\/\\\/schema.org\",\"@graph\":[{\"@type\":\"WebPage\",\"@id\":\"https:\\\/\\\/lamalaguetatour.com\\\/fr\\\/billets-corrida-malaga\\\/\",\"url\":\"https:\\\/\\\/lamalaguetatour.com\\\/fr\\\/billets-corrida-malaga\\\/\",\"name\":\"Billets Corrida M\u00e1laga 2026 | Visite + Corrida | La Malagueta\",\"isPartOf\":{\"@id\":\"https:\\\/\\\/lamalaguetatour.com\\\/fr\\\/#website\"},\"datePublished\":\"2025-07-10T10:28:25+00:00\",\"dateModified\":\"2026-03-15T18:21:51+00:00\",\"description\":\"Achetez vos billets pour les Corridas \u00e0 M\u00e1laga. Combinez la visite des ar\u00e8nes avec votre billets de corrida. Vente officielle en ligne.\",\"breadcrumb\":{\"@id\":\"https:\\\/\\\/lamalaguetatour.com\\\/fr\\\/billets-corrida-malaga\\\/#breadcrumb\"},\"inLanguage\":\"fr-FR\",\"potentialAction\":[{\"@type\":\"ReadAction\",\"target\":[\"https:\\\/\\\/lamalaguetatour.com\\\/fr\\\/billets-corrida-malaga\\\/\"]}]},{\"@type\":\"BreadcrumbList\",\"@id\":\"https:\\\/\\\/lamalaguetatour.com\\\/fr\\\/billets-corrida-malaga\\\/#breadcrumb\",\"itemListElement\":[{\"@type\":\"ListItem\",\"position\":1,\"name\":\"Portada\",\"item\":\"https:\\\/\\\/lamalaguetatour.com\\\/fr\\\/\"},{\"@type\":\"ListItem\",\"position\":2,\"name\":\"Les Corridas \u00e0 Malaga\"}]},{\"@type\":\"WebSite\",\"@id\":\"https:\\\/\\\/lamalaguetatour.com\\\/fr\\\/#website\",\"url\":\"https:\\\/\\\/lamalaguetatour.com\\\/fr\\\/\",\"name\":\"La Malagueta Tour\",\"description\":\"Tour Plaza de Toros M\u00e1laga\",\"publisher\":{\"@id\":\"https:\\\/\\\/lamalaguetatour.com\\\/fr\\\/#organization\"},\"potentialAction\":[{\"@type\":\"SearchAction\",\"target\":{\"@type\":\"EntryPoint\",\"urlTemplate\":\"https:\\\/\\\/lamalaguetatour.com\\\/fr\\\/?s={search_term_string}\"},\"query-input\":{\"@type\":\"PropertyValueSpecification\",\"valueRequired\":true,\"valueName\":\"search_term_string\"}}],\"inLanguage\":\"fr-FR\"},{\"@type\":\"Organization\",\"@id\":\"https:\\\/\\\/lamalaguetatour.com\\\/fr\\\/#organization\",\"name\":\"La Malagueta Tour\",\"url\":\"https:\\\/\\\/lamalaguetatour.com\\\/fr\\\/\",\"logo\":{\"@type\":\"ImageObject\",\"inLanguage\":\"fr-FR\",\"@id\":\"https:\\\/\\\/lamalaguetatour.com\\\/fr\\\/#\\\/schema\\\/logo\\\/image\\\/\",\"url\":\"https:\\\/\\\/lamalaguetatour.com\\\/wp-content\\\/uploads\\\/2024\\\/12\\\/cropped-Logo.webp\",\"contentUrl\":\"https:\\\/\\\/lamalaguetatour.com\\\/wp-content\\\/uploads\\\/2024\\\/12\\\/cropped-Logo.webp\",\"width\":512,\"height\":512,\"caption\":\"La Malagueta Tour\"},\"image\":{\"@id\":\"https:\\\/\\\/lamalaguetatour.com\\\/fr\\\/#\\\/schema\\\/logo\\\/image\\\/\"},\"sameAs\":[\"https:\\\/\\\/www.facebook.com\\\/plazamalaguetatour\\\/\",\"https:\\\/\\\/www.instagram.com\\\/plazamalagueta_tour\\\/\"]}]}<\/script>\n<!-- \/ Yoast SEO plugin. -->","yoast_head_json":{"title":"Billets Corrida M\u00e1laga 2026 | Visite + Corrida | La Malagueta","description":"Achetez vos billets pour les Corridas \u00e0 M\u00e1laga. Combinez la visite des ar\u00e8nes avec votre billets de corrida. Vente officielle en ligne.","robots":{"index":"index","follow":"follow","max-snippet":"max-snippet:-1","max-image-preview":"max-image-preview:large","max-video-preview":"max-video-preview:-1"},"canonical":"https:\/\/lamalaguetatour.com\/fr\/billets-corrida-malaga\/","og_locale":"fr_FR","og_type":"article","og_title":"Billets Corrida M\u00e1laga 2026 | Visite + Corrida | La Malagueta","og_description":"Achetez vos billets pour les Corridas \u00e0 M\u00e1laga. Combinez la visite des ar\u00e8nes avec votre billets de corrida. Vente officielle en ligne.","og_url":"https:\/\/lamalaguetatour.com\/fr\/billets-corrida-malaga\/","og_site_name":"La Malagueta Tour","article_publisher":"https:\/\/www.facebook.com\/plazamalaguetatour\/","article_modified_time":"2026-03-15T18:21:51+00:00","twitter_card":"summary_large_image","twitter_misc":{"Dur\u00e9e de lecture estim\u00e9e":"3 minutes"},"schema":{"@context":"https:\/\/schema.org","@graph":[{"@type":"WebPage","@id":"https:\/\/lamalaguetatour.com\/fr\/billets-corrida-malaga\/","url":"https:\/\/lamalaguetatour.com\/fr\/billets-corrida-malaga\/","name":"Billets Corrida M\u00e1laga 2026 | Visite + Corrida | La Malagueta","isPartOf":{"@id":"https:\/\/lamalaguetatour.com\/fr\/#website"},"datePublished":"2025-07-10T10:28:25+00:00","dateModified":"2026-03-15T18:21:51+00:00","description":"Achetez vos billets pour les Corridas \u00e0 M\u00e1laga. Combinez la visite des ar\u00e8nes avec votre billets de corrida. Vente officielle en ligne.","breadcrumb":{"@id":"https:\/\/lamalaguetatour.com\/fr\/billets-corrida-malaga\/#breadcrumb"},"inLanguage":"fr-FR","potentialAction":[{"@type":"ReadAction","target":["https:\/\/lamalaguetatour.com\/fr\/billets-corrida-malaga\/"]}]},{"@type":"BreadcrumbList","@id":"https:\/\/lamalaguetatour.com\/fr\/billets-corrida-malaga\/#breadcrumb","itemListElement":[{"@type":"ListItem","position":1,"name":"Portada","item":"https:\/\/lamalaguetatour.com\/fr\/"},{"@type":"ListItem","position":2,"name":"Les Corridas \u00e0 Malaga"}]},{"@type":"WebSite","@id":"https:\/\/lamalaguetatour.com\/fr\/#website","url":"https:\/\/lamalaguetatour.com\/fr\/","name":"La Malagueta Tour","description":"Tour Plaza de Toros M\u00e1laga","publisher":{"@id":"https:\/\/lamalaguetatour.com\/fr\/#organization"},"potentialAction":[{"@type":"SearchAction","target":{"@type":"EntryPoint","urlTemplate":"https:\/\/lamalaguetatour.com\/fr\/?s={search_term_string}"},"query-input":{"@type":"PropertyValueSpecification","valueRequired":true,"valueName":"search_term_string"}}],"inLanguage":"fr-FR"},{"@type":"Organization","@id":"https:\/\/lamalaguetatour.com\/fr\/#organization","name":"La Malagueta Tour","url":"https:\/\/lamalaguetatour.com\/fr\/","logo":{"@type":"ImageObject","inLanguage":"fr-FR","@id":"https:\/\/lamalaguetatour.com\/fr\/#\/schema\/logo\/image\/","url":"https:\/\/lamalaguetatour.com\/wp-content\/uploads\/2024\/12\/cropped-Logo.webp","contentUrl":"https:\/\/lamalaguetatour.com\/wp-content\/uploads\/2024\/12\/cropped-Logo.webp","width":512,"height":512,"caption":"La Malagueta Tour"},"image":{"@id":"https:\/\/lamalaguetatour.com\/fr\/#\/schema\/logo\/image\/"},"sameAs":["https:\/\/www.facebook.com\/plazamalaguetatour\/","https:\/\/www.instagram.com\/plazamalagueta_tour\/"]}]}},"_links":{"self":[{"href":"https:\/\/lamalaguetatour.com\/fr\/wp-json\/wp\/v2\/pages\/4591","targetHints":{"allow":["GET"]}}],"collection":[{"href":"https:\/\/lamalaguetatour.com\/fr\/wp-json\/wp\/v2\/pages"}],"about":[{"href":"https:\/\/lamalaguetatour.com\/fr\/wp-json\/wp\/v2\/types\/page"}],"author":[{"embeddable":true,"href":"https:\/\/lamalaguetatour.com\/fr\/wp-json\/wp\/v2\/users\/2"}],"replies":[{"embeddable":true,"href":"https:\/\/lamalaguetatour.com\/fr\/wp-json\/wp\/v2\/comments?post=4591"}],"version-history":[{"count":8,"href":"https:\/\/lamalaguetatour.com\/fr\/wp-json\/wp\/v2\/pages\/4591\/revisions"}],"predecessor-version":[{"id":4874,"href":"https:\/\/lamalaguetatour.com\/fr\/wp-json\/wp\/v2\/pages\/4591\/revisions\/4874"}],"wp:attachment":[{"href":"https:\/\/lamalaguetatour.com\/fr\/wp-json\/wp\/v2\/media?parent=4591"}],"curies":[{"name":"wp","href":"https:\/\/api.w.org\/{rel}","templated":true}]}}