{"id":1183,"date":"2024-10-08T16:45:05","date_gmt":"2024-10-08T14:45:05","guid":{"rendered":"https:\/\/lamalaguetatour.com\/erreur-404\/"},"modified":"2025-07-07T12:02:18","modified_gmt":"2025-07-07T10:02:18","slug":"erreur-404","status":"publish","type":"page","link":"https:\/\/lamalaguetatour.com\/fr\/erreur-404\/","title":{"rendered":"D\u00e9couvrez la Malagueta Tour &#8211; Visite Officielle des Ar\u00e8nes de Malaga"},"content":{"rendered":"<section class=\"l-section wpb_row height_large\"><div class=\"l-section-h i-cf\"><div class=\"g-cols vc_row via_grid cols_1 laptops-cols_inherit tablets-cols_inherit mobiles-cols_1 valign_top type_default stacking_default\"><div class=\"wpb_column vc_column_container us_custom_733cf2a7 has_bg_color\"><div class=\"vc_column-inner\"><div class=\"wpb_text_column\"><div class=\"wpb_wrapper\"><h2 style=\"text-align: center;\"><span style=\"color: #ffffff;\">Achetez vos billets pour la visite<\/span><\/h2>\n<\/div><\/div><div class=\"w-separator size_large\"><\/div><div class=\"g-cols wpb_row via_grid cols_3 laptops-cols_inherit tablets-cols_inherit mobiles-cols_1 valign_top type_default stacking_default\" style=\"--columns-gap:3rem;\"><div class=\"wpb_column vc_column_container us_custom_50e50144 has_bg_color\"><div class=\"vc_column-inner\"><div class=\"wpb_text_column\"><div class=\"wpb_wrapper\"><h3 style=\"text-align: center;\">Visite individuelle<\/h3>\n<p style=\"text-align: center;\">Audioguide + Visite des ar\u00e8nes + Mus\u00e9e + Exp\u00e9riences immersives<\/p>\n<\/div><\/div><div class=\"w-separator size_small\"><\/div><div class=\"w-btn-wrapper align_center\"><a class=\"w-btn us-btn-style_1 icon_atleft\" href=\"https:\/\/lamalaguetatour.com\/fr\/visites-individuelles\/\"><i class=\"fas fa-ticket-alt\"><\/i><span class=\"w-btn-label\">Acheter des billets<\/span><\/a><\/div><\/div><\/div><div class=\"wpb_column vc_column_container us_custom_50e50144 has_bg_color\"><div class=\"vc_column-inner\"><div class=\"wpb_text_column\"><div class=\"wpb_wrapper\"><h3 style=\"text-align: center;\">Visite priv\u00e9e<\/h3>\n<div class=\"wpb_text_column\">\n<div class=\"wpb_wrapper\">\n<p style=\"text-align: center;\">Guide priv\u00e9 + Visite des ar\u00e8nes + Mus\u00e9e + Exp\u00e9riences immersives<\/p>\n<\/div>\n<\/div>\n<\/div><\/div><div class=\"w-separator size_small\"><\/div><div class=\"w-btn-wrapper align_center\"><a class=\"w-btn us-btn-style_1 icon_atleft\" href=\"https:\/\/lamalaguetatour.com\/fr\/visite-guidee-vip\/\"><i class=\"fas fa-ticket-alt\"><\/i><span class=\"w-btn-label\">Acheter des billets<\/span><\/a><\/div><\/div><\/div><div class=\"wpb_column vc_column_container us_custom_a4a6f251 has_bg_color\"><div class=\"vc_column-inner\"><div class=\"wpb_text_column\"><div class=\"wpb_wrapper\"><h3 style=\"text-align: center;\">Entr\u00e9e du groupe<\/h3>\n<p style=\"text-align: center;\"><span>Guide priv\u00e9 + Visite des ar\u00e8nes + Mus\u00e9e + Exp\u00e9riences immersives<\/span><\/p>\n<\/div><\/div><div class=\"w-separator size_small\"><\/div><div class=\"w-btn-wrapper align_center\"><a class=\"w-btn us-btn-style_1 icon_atleft\" href=\"https:\/\/lamalaguetatour.com\/fr\/visite-guidee-pour-les-groupes\/\"><i class=\"fas fa-ticket-alt\"><\/i><span class=\"w-btn-label\">Acheter des billets<\/span><\/a><\/div><\/div><\/div><\/div><div class=\"w-separator size_medium\"><\/div><\/div><\/div><\/div><\/div><\/section>\n","protected":false},"excerpt":{"rendered":"Achetez vos billets pour la visite Visite individuelle Audioguide + Visite des ar\u00e8nes + Mus\u00e9e + Exp\u00e9riences immersives Acheter des billetsVisite priv\u00e9e Guide priv\u00e9 + Visite des ar\u00e8nes + Mus\u00e9e + Exp\u00e9riences immersives Acheter des billetsEntr\u00e9e du groupe Guide priv\u00e9 + Visite des ar\u00e8nes + Mus\u00e9e + Exp\u00e9riences immersives Acheter des billets","protected":false},"author":2,"featured_media":0,"parent":0,"menu_order":0,"comment_status":"closed","ping_status":"closed","template":"","meta":{"footnotes":""},"class_list":["post-1183","page","type-page","status-publish","hentry"],"yoast_head":"<!-- This site is optimized with the Yoast SEO plugin v27.5 - https:\/\/yoast.com\/product\/yoast-seo-wordpress\/ -->\n<title>Visite des Ar\u00e8nes de Malaga et du mus\u00e9e taurin immersif | Plaza de Toros Malaga<\/title>\n<meta name=\"description\" content=\"D\u00e9couvrez la tradition de la tauromachie avec les ar\u00e8nes et le mus\u00e9e de la tauromachie de Malaga, La Malagueta Tour | R\u00e9servez votre billet ici.\" \/>\n<meta name=\"robots\" content=\"noindex, follow\" \/>\n<meta property=\"og:locale\" content=\"fr_FR\" \/>\n<meta property=\"og:type\" content=\"article\" \/>\n<meta property=\"og:title\" content=\"Visite des Ar\u00e8nes de Malaga et du mus\u00e9e taurin immersif | Plaza de Toros Malaga\" \/>\n<meta property=\"og:description\" content=\"D\u00e9couvrez la tradition de la tauromachie avec les ar\u00e8nes et le mus\u00e9e de la tauromachie de Malaga, La Malagueta Tour | R\u00e9servez votre billet ici.\" \/>\n<meta property=\"og:url\" content=\"https:\/\/lamalaguetatour.com\/fr\/erreur-404\/\" \/>\n<meta property=\"og:site_name\" content=\"La Malagueta Tour\" \/>\n<meta property=\"article:publisher\" content=\"https:\/\/www.facebook.com\/plazamalaguetatour\/\" \/>\n<meta property=\"article:modified_time\" content=\"2025-07-07T10:02:18+00:00\" \/>\n<meta name=\"twitter:card\" content=\"summary_large_image\" \/>\n<meta name=\"twitter:label1\" content=\"Dur\u00e9e de lecture estim\u00e9e\" \/>\n\t<meta name=\"twitter:data1\" content=\"2 minutes\" \/>\n<script type=\"application\/ld+json\" class=\"yoast-schema-graph\">{\"@context\":\"https:\\\/\\\/schema.org\",\"@graph\":[{\"@type\":\"WebPage\",\"@id\":\"https:\\\/\\\/lamalaguetatour.com\\\/fr\\\/erreur-404\\\/\",\"url\":\"https:\\\/\\\/lamalaguetatour.com\\\/fr\\\/erreur-404\\\/\",\"name\":\"Visite des Ar\u00e8nes de Malaga et du mus\u00e9e taurin immersif | Plaza de Toros Malaga\",\"isPartOf\":{\"@id\":\"https:\\\/\\\/lamalaguetatour.com\\\/fr\\\/#website\"},\"datePublished\":\"2024-10-08T14:45:05+00:00\",\"dateModified\":\"2025-07-07T10:02:18+00:00\",\"description\":\"D\u00e9couvrez la tradition de la tauromachie avec les ar\u00e8nes et le mus\u00e9e de la tauromachie de Malaga, La Malagueta Tour | R\u00e9servez votre billet ici.\",\"breadcrumb\":{\"@id\":\"https:\\\/\\\/lamalaguetatour.com\\\/fr\\\/erreur-404\\\/#breadcrumb\"},\"inLanguage\":\"fr-FR\",\"potentialAction\":[{\"@type\":\"ReadAction\",\"target\":[\"https:\\\/\\\/lamalaguetatour.com\\\/fr\\\/erreur-404\\\/\"]}]},{\"@type\":\"BreadcrumbList\",\"@id\":\"https:\\\/\\\/lamalaguetatour.com\\\/fr\\\/erreur-404\\\/#breadcrumb\",\"itemListElement\":[{\"@type\":\"ListItem\",\"position\":1,\"name\":\"Portada\",\"item\":\"https:\\\/\\\/lamalaguetatour.com\\\/fr\\\/\"},{\"@type\":\"ListItem\",\"position\":2,\"name\":\"D\u00e9couvrez la Malagueta Tour &#8211; Visite Officielle des Ar\u00e8nes de Malaga\"}]},{\"@type\":\"WebSite\",\"@id\":\"https:\\\/\\\/lamalaguetatour.com\\\/fr\\\/#website\",\"url\":\"https:\\\/\\\/lamalaguetatour.com\\\/fr\\\/\",\"name\":\"La Malagueta Tour\",\"description\":\"Tour Plaza de Toros M\u00e1laga\",\"publisher\":{\"@id\":\"https:\\\/\\\/lamalaguetatour.com\\\/fr\\\/#organization\"},\"potentialAction\":[{\"@type\":\"SearchAction\",\"target\":{\"@type\":\"EntryPoint\",\"urlTemplate\":\"https:\\\/\\\/lamalaguetatour.com\\\/fr\\\/?s={search_term_string}\"},\"query-input\":{\"@type\":\"PropertyValueSpecification\",\"valueRequired\":true,\"valueName\":\"search_term_string\"}}],\"inLanguage\":\"fr-FR\"},{\"@type\":\"Organization\",\"@id\":\"https:\\\/\\\/lamalaguetatour.com\\\/fr\\\/#organization\",\"name\":\"La Malagueta Tour\",\"url\":\"https:\\\/\\\/lamalaguetatour.com\\\/fr\\\/\",\"logo\":{\"@type\":\"ImageObject\",\"inLanguage\":\"fr-FR\",\"@id\":\"https:\\\/\\\/lamalaguetatour.com\\\/fr\\\/#\\\/schema\\\/logo\\\/image\\\/\",\"url\":\"https:\\\/\\\/lamalaguetatour.com\\\/wp-content\\\/uploads\\\/2024\\\/12\\\/cropped-Logo.webp\",\"contentUrl\":\"https:\\\/\\\/lamalaguetatour.com\\\/wp-content\\\/uploads\\\/2024\\\/12\\\/cropped-Logo.webp\",\"width\":512,\"height\":512,\"caption\":\"La Malagueta Tour\"},\"image\":{\"@id\":\"https:\\\/\\\/lamalaguetatour.com\\\/fr\\\/#\\\/schema\\\/logo\\\/image\\\/\"},\"sameAs\":[\"https:\\\/\\\/www.facebook.com\\\/plazamalaguetatour\\\/\",\"https:\\\/\\\/www.instagram.com\\\/plazamalagueta_tour\\\/\"]}]}<\/script>\n<!-- \/ Yoast SEO plugin. -->","yoast_head_json":{"title":"Visite des Ar\u00e8nes de Malaga et du mus\u00e9e taurin immersif | Plaza de Toros Malaga","description":"D\u00e9couvrez la tradition de la tauromachie avec les ar\u00e8nes et le mus\u00e9e de la tauromachie de Malaga, La Malagueta Tour | R\u00e9servez votre billet ici.","robots":{"index":"noindex","follow":"follow"},"og_locale":"fr_FR","og_type":"article","og_title":"Visite des Ar\u00e8nes de Malaga et du mus\u00e9e taurin immersif | Plaza de Toros Malaga","og_description":"D\u00e9couvrez la tradition de la tauromachie avec les ar\u00e8nes et le mus\u00e9e de la tauromachie de Malaga, La Malagueta Tour | R\u00e9servez votre billet ici.","og_url":"https:\/\/lamalaguetatour.com\/fr\/erreur-404\/","og_site_name":"La Malagueta Tour","article_publisher":"https:\/\/www.facebook.com\/plazamalaguetatour\/","article_modified_time":"2025-07-07T10:02:18+00:00","twitter_card":"summary_large_image","twitter_misc":{"Dur\u00e9e de lecture estim\u00e9e":"2 minutes"},"schema":{"@context":"https:\/\/schema.org","@graph":[{"@type":"WebPage","@id":"https:\/\/lamalaguetatour.com\/fr\/erreur-404\/","url":"https:\/\/lamalaguetatour.com\/fr\/erreur-404\/","name":"Visite des Ar\u00e8nes de Malaga et du mus\u00e9e taurin immersif | Plaza de Toros Malaga","isPartOf":{"@id":"https:\/\/lamalaguetatour.com\/fr\/#website"},"datePublished":"2024-10-08T14:45:05+00:00","dateModified":"2025-07-07T10:02:18+00:00","description":"D\u00e9couvrez la tradition de la tauromachie avec les ar\u00e8nes et le mus\u00e9e de la tauromachie de Malaga, La Malagueta Tour | R\u00e9servez votre billet ici.","breadcrumb":{"@id":"https:\/\/lamalaguetatour.com\/fr\/erreur-404\/#breadcrumb"},"inLanguage":"fr-FR","potentialAction":[{"@type":"ReadAction","target":["https:\/\/lamalaguetatour.com\/fr\/erreur-404\/"]}]},{"@type":"BreadcrumbList","@id":"https:\/\/lamalaguetatour.com\/fr\/erreur-404\/#breadcrumb","itemListElement":[{"@type":"ListItem","position":1,"name":"Portada","item":"https:\/\/lamalaguetatour.com\/fr\/"},{"@type":"ListItem","position":2,"name":"D\u00e9couvrez la Malagueta Tour &#8211; Visite Officielle des Ar\u00e8nes de Malaga"}]},{"@type":"WebSite","@id":"https:\/\/lamalaguetatour.com\/fr\/#website","url":"https:\/\/lamalaguetatour.com\/fr\/","name":"La Malagueta Tour","description":"Tour Plaza de Toros M\u00e1laga","publisher":{"@id":"https:\/\/lamalaguetatour.com\/fr\/#organization"},"potentialAction":[{"@type":"SearchAction","target":{"@type":"EntryPoint","urlTemplate":"https:\/\/lamalaguetatour.com\/fr\/?s={search_term_string}"},"query-input":{"@type":"PropertyValueSpecification","valueRequired":true,"valueName":"search_term_string"}}],"inLanguage":"fr-FR"},{"@type":"Organization","@id":"https:\/\/lamalaguetatour.com\/fr\/#organization","name":"La Malagueta Tour","url":"https:\/\/lamalaguetatour.com\/fr\/","logo":{"@type":"ImageObject","inLanguage":"fr-FR","@id":"https:\/\/lamalaguetatour.com\/fr\/#\/schema\/logo\/image\/","url":"https:\/\/lamalaguetatour.com\/wp-content\/uploads\/2024\/12\/cropped-Logo.webp","contentUrl":"https:\/\/lamalaguetatour.com\/wp-content\/uploads\/2024\/12\/cropped-Logo.webp","width":512,"height":512,"caption":"La Malagueta Tour"},"image":{"@id":"https:\/\/lamalaguetatour.com\/fr\/#\/schema\/logo\/image\/"},"sameAs":["https:\/\/www.facebook.com\/plazamalaguetatour\/","https:\/\/www.instagram.com\/plazamalagueta_tour\/"]}]}},"_links":{"self":[{"href":"https:\/\/lamalaguetatour.com\/fr\/wp-json\/wp\/v2\/pages\/1183","targetHints":{"allow":["GET"]}}],"collection":[{"href":"https:\/\/lamalaguetatour.com\/fr\/wp-json\/wp\/v2\/pages"}],"about":[{"href":"https:\/\/lamalaguetatour.com\/fr\/wp-json\/wp\/v2\/types\/page"}],"author":[{"embeddable":true,"href":"https:\/\/lamalaguetatour.com\/fr\/wp-json\/wp\/v2\/users\/2"}],"replies":[{"embeddable":true,"href":"https:\/\/lamalaguetatour.com\/fr\/wp-json\/wp\/v2\/comments?post=1183"}],"version-history":[{"count":7,"href":"https:\/\/lamalaguetatour.com\/fr\/wp-json\/wp\/v2\/pages\/1183\/revisions"}],"predecessor-version":[{"id":3759,"href":"https:\/\/lamalaguetatour.com\/fr\/wp-json\/wp\/v2\/pages\/1183\/revisions\/3759"}],"wp:attachment":[{"href":"https:\/\/lamalaguetatour.com\/fr\/wp-json\/wp\/v2\/media?parent=1183"}],"curies":[{"name":"wp","href":"https:\/\/api.w.org\/{rel}","templated":true}]}}