{"id":926,"date":"2024-10-04T15:47:23","date_gmt":"2024-10-04T13:47:23","guid":{"rendered":"https:\/\/lamalaguetatour.com\/fahrplan-der-tour\/"},"modified":"2026-03-23T09:32:57","modified_gmt":"2026-03-23T08:32:57","slug":"fahrplan-der-tour","status":"publish","type":"page","link":"https:\/\/lamalaguetatour.com\/de\/fahrplan-der-tour\/","title":{"rendered":"Besuchszeiten"},"content":{"rendered":"<section class=\"l-section wpb_row us_custom_eef79b84 height_large with_shape\"><div class=\"l-section-shape type_custom pos_bottom hor_flip\" style=\"height:40%;\"><svg xmlns=\"http:\/\/www.w3.org\/2000\/svg\" viewBox=\"0 0 64 8\" preserveAspectRatio=\"none\" width=\"100%\" height=\"100%\">\r\n\t<path fill=\"currentColor\" d=\"M64 8 L0 8 L0 0 L64 0 Z\"\/>\r\n<\/svg><\/div><div class=\"l-section-h i-cf\"><div class=\"g-cols vc_row via_grid cols_1 laptops-cols_inherit tablets-cols_inherit mobiles-cols_1 valign_top type_default stacking_default\"><div class=\"wpb_column vc_column_container\"><div class=\"vc_column-inner\"><h1 class=\"w-text us_custom_eb849559\"><span class=\"w-text-h\"><span class=\"w-text-value\">Besuchszeiten<\/span><\/span><\/h1><div class=\"w-separator size_medium\"><\/div><div class=\"g-cols wpb_row us_custom_d3ffd6e9 via_grid cols_2-1 laptops-cols_3-2 tablets-cols_1 mobiles-cols_1 valign_middle type_default stacking_default\" style=\"--columns-gap:0rem;\"><div class=\"wpb_column vc_column_container us_custom_c25dae36\"><div class=\"vc_column-inner\"><div class=\"w-separator us_custom_da7ceeb3 size_small has_font_size with_line width_default thick_1 style_solid color_border align_none with_text with_content\"><div class=\"w-separator-h\"><h6 class=\"w-separator-text\"><span>Besuchstage<\/span><\/h6><\/div><\/div><div class=\"wpb_text_column\"><div class=\"wpb_wrapper\"><p><strong>Wir sind jeden Tag ge\u00f6ffnet.<\/strong><\/p>\n<p><strong>Montag bis Sonntag von 10:00h &#8211; 18:00h (letzter Einlass um 17:00h)<\/strong><\/p>\n<\/div><\/div><div class=\"w-separator us_custom_da7ceeb3 size_small has_font_size with_line width_default thick_1 style_solid color_border align_none with_text with_content\"><div class=\"w-separator-h\"><h6 class=\"w-separator-text\"><span>Schlie\u00dftage<\/span><\/h6><\/div><\/div><div class=\"w-hwrapper valign_top wrap align_none\"><div class=\"w-text us_custom_4b9a8084\"><span class=\"w-text-h\"><span class=\"w-text-value\">25. Dezember<\/span><\/span><\/div><div class=\"w-text us_custom_4b9a8084\"><span class=\"w-text-h\"><span class=\"w-text-value\">1. Januar<\/span><\/span><\/div><\/div><div class=\"w-separator us_custom_da7ceeb3 size_small has_font_size with_line width_default thick_1 style_solid color_border align_none with_text with_content\"><div class=\"w-separator-h\"><h6 class=\"w-separator-text\"><span>Sonder\u00f6ffnungszeiten<\/span><\/h6><\/div><\/div><div class=\"w-hwrapper valign_top wrap align_none\"><div class=\"w-text us_custom_4b9a8084\"><span class=\"w-text-h\"><span class=\"w-text-value\">4. April: Ge\u00f6ffnet bis 15h (Corrida Picassiana)<\/span><\/span><\/div><div class=\"w-text us_custom_4b9a8084\"><span class=\"w-text-h\"><span class=\"w-text-value\">August Messe: Ge\u00f6ffnet bis 16h (Die Termine werden noch festgelegt).<\/span><\/span><\/div><\/div><\/div><\/div><div class=\"wpb_column vc_column_container us_custom_16085f45 has_bg_color\"><div class=\"vc_column-inner\"><div class=\"w-text us_custom_eb849559\"><span class=\"w-text-h\"><span class=\"w-text-value\">Besuchen Sie den Platz<\/span><\/span><\/div><div class=\"w-text us_custom_494b480a has_text_color\"><span class=\"w-text-h\"><span class=\"w-text-value\">Von \u20ac7<\/span><\/span><\/div><div class=\"w-btn-wrapper align_justify\"><a class=\"w-btn us-btn-style_1\" target=\"_blank\" href=\"https:\/\/tickets.lamalaguetatour.com\/de\/\"><span class=\"w-btn-label\">Ticket kaufen<\/span><\/a><\/div><div class=\"w-separator size_custom\" style=\"height:1rem\"><\/div><\/div><\/div><\/div><\/div><\/div><\/div><\/div><\/section><section class=\"l-section wpb_row height_large\"><div class=\"l-section-h i-cf\"><div class=\"g-cols vc_row via_grid cols_1 laptops-cols_inherit tablets-cols_inherit mobiles-cols_1 valign_top type_default stacking_default\"><div class=\"wpb_column vc_column_container\"><div class=\"vc_column-inner\"><div class=\"wpb_text_column\"><div class=\"wpb_wrapper\"><h3>Anmerkungen:<\/h3>\n<ul>\n<li>Aus organisatorischen Gr\u00fcnden kann die Tour ihre Route und ihren Zeitplan \u00e4ndern, wor\u00fcber der Besucher vor dem Zugang informiert wird. Wenn Sie Fragen haben, kontaktieren Sie uns bitte telefonisch unter Tel. info: <span> <\/span><a href=\"tel:34687739032\" target=\"_blank\" rel=\"noopener\">+34 687 73 90 32<\/a><\/li>\n<li>Die Tour durch Las Malagueta ist f\u00fcr Menschen mit Behinderungen und Rollstuhlfahrer zug\u00e4nglich.<\/li>\n<li>Der Ticketschalter ist bis 1 Stunde vor Schlie\u00dfung ge\u00f6ffnet.<\/li>\n<\/ul>\n<\/div><\/div><\/div><\/div><\/div><\/div><\/section>\n","protected":false},"excerpt":{"rendered":"BesuchszeitenBesuchstageWir sind jeden Tag ge\u00f6ffnet. Montag bis Sonntag von 10:00h &#8211; 18:00h (letzter Einlass um 17:00h) Schlie\u00dftage25. Dezember1. JanuarSonder\u00f6ffnungszeiten4. April: Ge\u00f6ffnet bis 15h (Corrida Picassiana)August Messe: Ge\u00f6ffnet bis 16h (Die Termine werden noch festgelegt).Besuchen Sie den PlatzVon \u20ac7Ticket kaufenAnmerkungen: Aus organisatorischen Gr\u00fcnden kann die Tour ihre Route und ihren Zeitplan \u00e4ndern, wor\u00fcber der Besucher vor...","protected":false},"author":2,"featured_media":0,"parent":0,"menu_order":0,"comment_status":"closed","ping_status":"closed","template":"","meta":{"footnotes":""},"class_list":["post-926","page","type-page","status-publish","hentry"],"yoast_head":"<!-- This site is optimized with the Yoast SEO plugin v27.5 - https:\/\/yoast.com\/product\/yoast-seo-wordpress\/ -->\n<title>Besuchszeiten der Stierkampfarena Tour im Malaga<\/title>\n<meta name=\"description\" content=\"Besuchszeiten der Stierkampfarena und immersive Museum von M\u00e1laga. Tage und Schlie\u00dfungen der Tour. Bereiten Sie Ihren Besuch im Voraus vor.\" \/>\n<meta name=\"robots\" content=\"index, follow, max-snippet:-1, max-image-preview:large, max-video-preview:-1\" \/>\n<link rel=\"canonical\" href=\"https:\/\/lamalaguetatour.com\/de\/fahrplan-der-tour\/\" \/>\n<meta property=\"og:locale\" content=\"de_DE\" \/>\n<meta property=\"og:type\" content=\"article\" \/>\n<meta property=\"og:title\" content=\"Besuchszeiten der Stierkampfarena Tour im Malaga\" \/>\n<meta property=\"og:description\" content=\"Besuchszeiten der Stierkampfarena und immersive Museum von M\u00e1laga. Tage und Schlie\u00dfungen der Tour. Bereiten Sie Ihren Besuch im Voraus vor.\" \/>\n<meta property=\"og:url\" content=\"https:\/\/lamalaguetatour.com\/de\/fahrplan-der-tour\/\" \/>\n<meta property=\"og:site_name\" content=\"La Malagueta Tour\" \/>\n<meta property=\"article:publisher\" content=\"https:\/\/www.facebook.com\/plazamalaguetatour\/\" \/>\n<meta property=\"article:modified_time\" content=\"2026-03-23T08:32:57+00:00\" \/>\n<meta name=\"twitter:card\" content=\"summary_large_image\" \/>\n<meta name=\"twitter:label1\" content=\"Gesch\u00e4tzte Lesezeit\" \/>\n\t<meta name=\"twitter:data1\" content=\"1\u00a0Minute\" \/>\n<script type=\"application\/ld+json\" class=\"yoast-schema-graph\">{\"@context\":\"https:\\\/\\\/schema.org\",\"@graph\":[{\"@type\":\"WebPage\",\"@id\":\"https:\\\/\\\/lamalaguetatour.com\\\/de\\\/fahrplan-der-tour\\\/\",\"url\":\"https:\\\/\\\/lamalaguetatour.com\\\/de\\\/fahrplan-der-tour\\\/\",\"name\":\"Besuchszeiten der Stierkampfarena Tour im Malaga\",\"isPartOf\":{\"@id\":\"https:\\\/\\\/lamalaguetatour.com\\\/de\\\/#website\"},\"datePublished\":\"2024-10-04T13:47:23+00:00\",\"dateModified\":\"2026-03-23T08:32:57+00:00\",\"description\":\"Besuchszeiten der Stierkampfarena und immersive Museum von M\u00e1laga. Tage und Schlie\u00dfungen der Tour. Bereiten Sie Ihren Besuch im Voraus vor.\",\"breadcrumb\":{\"@id\":\"https:\\\/\\\/lamalaguetatour.com\\\/de\\\/fahrplan-der-tour\\\/#breadcrumb\"},\"inLanguage\":\"de\",\"potentialAction\":[{\"@type\":\"ReadAction\",\"target\":[\"https:\\\/\\\/lamalaguetatour.com\\\/de\\\/fahrplan-der-tour\\\/\"]}]},{\"@type\":\"BreadcrumbList\",\"@id\":\"https:\\\/\\\/lamalaguetatour.com\\\/de\\\/fahrplan-der-tour\\\/#breadcrumb\",\"itemListElement\":[{\"@type\":\"ListItem\",\"position\":1,\"name\":\"Portada\",\"item\":\"https:\\\/\\\/lamalaguetatour.com\\\/de\\\/\"},{\"@type\":\"ListItem\",\"position\":2,\"name\":\"Besuchszeiten\"}]},{\"@type\":\"WebSite\",\"@id\":\"https:\\\/\\\/lamalaguetatour.com\\\/de\\\/#website\",\"url\":\"https:\\\/\\\/lamalaguetatour.com\\\/de\\\/\",\"name\":\"La Malagueta Tour\",\"description\":\"Tour Plaza de Toros M\u00e1laga\",\"publisher\":{\"@id\":\"https:\\\/\\\/lamalaguetatour.com\\\/de\\\/#organization\"},\"potentialAction\":[{\"@type\":\"SearchAction\",\"target\":{\"@type\":\"EntryPoint\",\"urlTemplate\":\"https:\\\/\\\/lamalaguetatour.com\\\/de\\\/?s={search_term_string}\"},\"query-input\":{\"@type\":\"PropertyValueSpecification\",\"valueRequired\":true,\"valueName\":\"search_term_string\"}}],\"inLanguage\":\"de\"},{\"@type\":\"Organization\",\"@id\":\"https:\\\/\\\/lamalaguetatour.com\\\/de\\\/#organization\",\"name\":\"La Malagueta Tour\",\"url\":\"https:\\\/\\\/lamalaguetatour.com\\\/de\\\/\",\"logo\":{\"@type\":\"ImageObject\",\"inLanguage\":\"de\",\"@id\":\"https:\\\/\\\/lamalaguetatour.com\\\/de\\\/#\\\/schema\\\/logo\\\/image\\\/\",\"url\":\"https:\\\/\\\/lamalaguetatour.com\\\/wp-content\\\/uploads\\\/2024\\\/12\\\/cropped-Logo.webp\",\"contentUrl\":\"https:\\\/\\\/lamalaguetatour.com\\\/wp-content\\\/uploads\\\/2024\\\/12\\\/cropped-Logo.webp\",\"width\":512,\"height\":512,\"caption\":\"La Malagueta Tour\"},\"image\":{\"@id\":\"https:\\\/\\\/lamalaguetatour.com\\\/de\\\/#\\\/schema\\\/logo\\\/image\\\/\"},\"sameAs\":[\"https:\\\/\\\/www.facebook.com\\\/plazamalaguetatour\\\/\",\"https:\\\/\\\/www.instagram.com\\\/plazamalagueta_tour\\\/\"]}]}<\/script>\n<!-- \/ Yoast SEO plugin. -->","yoast_head_json":{"title":"Besuchszeiten der Stierkampfarena Tour im Malaga","description":"Besuchszeiten der Stierkampfarena und immersive Museum von M\u00e1laga. Tage und Schlie\u00dfungen der Tour. Bereiten Sie Ihren Besuch im Voraus vor.","robots":{"index":"index","follow":"follow","max-snippet":"max-snippet:-1","max-image-preview":"max-image-preview:large","max-video-preview":"max-video-preview:-1"},"canonical":"https:\/\/lamalaguetatour.com\/de\/fahrplan-der-tour\/","og_locale":"de_DE","og_type":"article","og_title":"Besuchszeiten der Stierkampfarena Tour im Malaga","og_description":"Besuchszeiten der Stierkampfarena und immersive Museum von M\u00e1laga. Tage und Schlie\u00dfungen der Tour. Bereiten Sie Ihren Besuch im Voraus vor.","og_url":"https:\/\/lamalaguetatour.com\/de\/fahrplan-der-tour\/","og_site_name":"La Malagueta Tour","article_publisher":"https:\/\/www.facebook.com\/plazamalaguetatour\/","article_modified_time":"2026-03-23T08:32:57+00:00","twitter_card":"summary_large_image","twitter_misc":{"Gesch\u00e4tzte Lesezeit":"1\u00a0Minute"},"schema":{"@context":"https:\/\/schema.org","@graph":[{"@type":"WebPage","@id":"https:\/\/lamalaguetatour.com\/de\/fahrplan-der-tour\/","url":"https:\/\/lamalaguetatour.com\/de\/fahrplan-der-tour\/","name":"Besuchszeiten der Stierkampfarena Tour im Malaga","isPartOf":{"@id":"https:\/\/lamalaguetatour.com\/de\/#website"},"datePublished":"2024-10-04T13:47:23+00:00","dateModified":"2026-03-23T08:32:57+00:00","description":"Besuchszeiten der Stierkampfarena und immersive Museum von M\u00e1laga. Tage und Schlie\u00dfungen der Tour. Bereiten Sie Ihren Besuch im Voraus vor.","breadcrumb":{"@id":"https:\/\/lamalaguetatour.com\/de\/fahrplan-der-tour\/#breadcrumb"},"inLanguage":"de","potentialAction":[{"@type":"ReadAction","target":["https:\/\/lamalaguetatour.com\/de\/fahrplan-der-tour\/"]}]},{"@type":"BreadcrumbList","@id":"https:\/\/lamalaguetatour.com\/de\/fahrplan-der-tour\/#breadcrumb","itemListElement":[{"@type":"ListItem","position":1,"name":"Portada","item":"https:\/\/lamalaguetatour.com\/de\/"},{"@type":"ListItem","position":2,"name":"Besuchszeiten"}]},{"@type":"WebSite","@id":"https:\/\/lamalaguetatour.com\/de\/#website","url":"https:\/\/lamalaguetatour.com\/de\/","name":"La Malagueta Tour","description":"Tour Plaza de Toros M\u00e1laga","publisher":{"@id":"https:\/\/lamalaguetatour.com\/de\/#organization"},"potentialAction":[{"@type":"SearchAction","target":{"@type":"EntryPoint","urlTemplate":"https:\/\/lamalaguetatour.com\/de\/?s={search_term_string}"},"query-input":{"@type":"PropertyValueSpecification","valueRequired":true,"valueName":"search_term_string"}}],"inLanguage":"de"},{"@type":"Organization","@id":"https:\/\/lamalaguetatour.com\/de\/#organization","name":"La Malagueta Tour","url":"https:\/\/lamalaguetatour.com\/de\/","logo":{"@type":"ImageObject","inLanguage":"de","@id":"https:\/\/lamalaguetatour.com\/de\/#\/schema\/logo\/image\/","url":"https:\/\/lamalaguetatour.com\/wp-content\/uploads\/2024\/12\/cropped-Logo.webp","contentUrl":"https:\/\/lamalaguetatour.com\/wp-content\/uploads\/2024\/12\/cropped-Logo.webp","width":512,"height":512,"caption":"La Malagueta Tour"},"image":{"@id":"https:\/\/lamalaguetatour.com\/de\/#\/schema\/logo\/image\/"},"sameAs":["https:\/\/www.facebook.com\/plazamalaguetatour\/","https:\/\/www.instagram.com\/plazamalagueta_tour\/"]}]}},"_links":{"self":[{"href":"https:\/\/lamalaguetatour.com\/de\/wp-json\/wp\/v2\/pages\/926","targetHints":{"allow":["GET"]}}],"collection":[{"href":"https:\/\/lamalaguetatour.com\/de\/wp-json\/wp\/v2\/pages"}],"about":[{"href":"https:\/\/lamalaguetatour.com\/de\/wp-json\/wp\/v2\/types\/page"}],"author":[{"embeddable":true,"href":"https:\/\/lamalaguetatour.com\/de\/wp-json\/wp\/v2\/users\/2"}],"replies":[{"embeddable":true,"href":"https:\/\/lamalaguetatour.com\/de\/wp-json\/wp\/v2\/comments?post=926"}],"version-history":[{"count":10,"href":"https:\/\/lamalaguetatour.com\/de\/wp-json\/wp\/v2\/pages\/926\/revisions"}],"predecessor-version":[{"id":5120,"href":"https:\/\/lamalaguetatour.com\/de\/wp-json\/wp\/v2\/pages\/926\/revisions\/5120"}],"wp:attachment":[{"href":"https:\/\/lamalaguetatour.com\/de\/wp-json\/wp\/v2\/media?parent=926"}],"curies":[{"name":"wp","href":"https:\/\/api.w.org\/{rel}","templated":true}]}}