{"id":921,"date":"2024-10-03T15:13:38","date_gmt":"2024-10-03T13:13:38","guid":{"rendered":"https:\/\/lamalaguetatour.com\/rechtlicher-hinweis\/"},"modified":"2024-12-09T12:07:11","modified_gmt":"2024-12-09T11:07:11","slug":"rechtlicher-hinweis","status":"publish","type":"page","link":"https:\/\/lamalaguetatour.com\/de\/rechtlicher-hinweis\/","title":{"rendered":"Rechtlicher Hinweis"},"content":{"rendered":"<section class=\"l-section wpb_row height_large\"><div class=\"l-section-h i-cf\"><div class=\"g-cols vc_row via_grid cols_1 laptops-cols_inherit tablets-cols_inherit mobiles-cols_1 valign_top type_default stacking_default\"><div class=\"wpb_column vc_column_container\"><div class=\"vc_column-inner\"><div class=\"wpb_text_column\"><div class=\"wpb_wrapper\"><h1>RECHTLICHER HINWEIS<\/h1>\n<p>In Erf\u00fcllung der Informationspflicht gem\u00e4\u00df Artikel 10 des Gesetzes 34\/2002 vom 11. Juli \u00fcber die Dienste der Informationsgesellschaft und den elektronischen Handel (LSSICE) informiert Sie der Eigent\u00fcmer der Website \u00fcber Folgendes:<\/p>\n<ul>\n<li style=\"list-style-type: none;\">\n<ul>\n<li>Firmenname: Toroshopping, S.L.<\/li>\n<li>MEHRWERTSTEUER-NUMMER: B92950146<\/li>\n<li>Adresse: Centro Melior Vasari. Urbanizaci\u00f3n La Alzambra, 3, Local 1, 29660 &#8211; Marbella (M\u00e1laga) <\/li>\n<\/ul>\n<\/li>\n<\/ul>\n<p>Eingetragen im Handelsregister von M\u00e1laga in Band 4566, Folio 11, Abschnitt, Seitenzahl MA-98915, Inschrift 1.<\/p>\n<ul>\n<li>Verwaltungsgenehmigung: Verwaltung der Touristenbesuche in der Stierkampfarena von M\u00e1laga und CEIT.<\/li>\n<\/ul>\n<p>Toroshopping, S.L. \u00fcbernimmt im Rahmen der gesetzlichen Bestimmungen keine Haftung f\u00fcr die mangelnde Richtigkeit, Vollst\u00e4ndigkeit, Aktualisierung und Genauigkeit der auf seinen Webseiten enthaltenen Daten oder Informationen. Die Inhalte und Informationen binden Toroshopping, S.L. nicht und stellen auch keine Meinungen, Ratschl\u00e4ge oder Rechtsberatung jeglicher Art dar, da es sich lediglich um einen Service handelt, der zu Informations- und Verbreitungszwecken angeboten wird. Die Internetseiten von Toroshopping, S.L. k\u00f6nnen Links zu anderen Seiten von Dritten enthalten, die Toroshopping, S.L. nicht kontrollieren kann. Daher kann Toroshopping, S.L. keine Verantwortung f\u00fcr die Inhalte \u00fcbernehmen, die auf den Seiten Dritter erscheinen. Die Texte, Bilder, T\u00f6ne, Animationen, Software und der \u00fcbrige Inhalt dieser Website sind das ausschlie\u00dfliche Eigentum von Toroshopping, S.L. oder seiner Lizenzgeber. Jegliche \u00dcbertragung, Verteilung, Weitergabe, Vervielf\u00e4ltigung, Speicherung oder vollst\u00e4ndige oder teilweise \u00f6ffentliche Wiedergabe bedarf der ausdr\u00fccklichen Zustimmung von Toroshopping, S.L.. Um auf einige der von Toroshopping, S.L. \u00fcber die Website angebotenen Dienstleistungen zugreifen zu k\u00f6nnen, m\u00fcssen Sie ebenfalls einige pers\u00f6nliche Daten angeben. In \u00dcbereinstimmung mit den Bestimmungen der Verordnung (EU) 2016\/679 des Europ\u00e4ischen Parlaments und des Rates vom 27. April 2016 zum Schutz nat\u00fcrlicher Personen bei der Verarbeitung personenbezogener Daten und zum freien Datenverkehr informieren wir Sie dar\u00fcber, dass durch das Ausf\u00fcllen dieser Formulare Ihre personenbezogenen Daten in die Dateien von Toroshopping, S.L. aufgenommen und verarbeitet werden, um Ihnen unsere Dienstleistungen anzubieten und Sie \u00fcber Verbesserungen der Website zu informieren. Wir informieren Sie auch dar\u00fcber, dass Sie jederzeit die M\u00f6glichkeit haben, Ihre Rechte auf Zugang, Berichtigung, L\u00f6schung, Widerspruch, Einschr\u00e4nkung und \u00dcbertragbarkeit Ihrer personenbezogenen Daten auszu\u00fcben, und zwar kostenlos per E-Mail an: info@toroshopping.com oder an die Adresse: Centro Melior Vasari. Urbanizaci\u00f3n La Alzambra, 3, Local 1, 29660 &#8211; Marbella (M\u00e1laga).<\/p>\n<\/div><\/div><\/div><\/div><\/div><\/div><\/section>\n","protected":false},"excerpt":{"rendered":"RECHTLICHER HINWEIS In Erf\u00fcllung der Informationspflicht gem\u00e4\u00df Artikel 10 des Gesetzes 34\/2002 vom 11. Juli \u00fcber die Dienste der Informationsgesellschaft und den elektronischen Handel (LSSICE) informiert Sie der Eigent\u00fcmer der Website \u00fcber Folgendes: Firmenname: Toroshopping, S.L. MEHRWERTSTEUER-NUMMER: B92950146 Adresse: Centro Melior Vasari. Urbanizaci\u00f3n La Alzambra, 3, Local 1, 29660 &#8211; Marbella (M\u00e1laga) Eingetragen im Handelsregister...","protected":false},"author":2,"featured_media":0,"parent":0,"menu_order":0,"comment_status":"closed","ping_status":"open","template":"","meta":{"footnotes":""},"class_list":["post-921","page","type-page","status-publish","hentry"],"yoast_head":"<!-- This site is optimized with the Yoast SEO plugin v27.4 - https:\/\/yoast.com\/product\/yoast-seo-wordpress\/ -->\n<title>Rechtlicher Hinweis - La Malagueta Tour<\/title>\n<meta name=\"robots\" content=\"noindex, follow\" \/>\n<meta property=\"og:locale\" content=\"de_DE\" \/>\n<meta property=\"og:type\" content=\"article\" \/>\n<meta property=\"og:title\" content=\"Rechtlicher Hinweis - La Malagueta Tour\" \/>\n<meta property=\"og:url\" content=\"https:\/\/lamalaguetatour.com\/de\/rechtlicher-hinweis\/\" \/>\n<meta property=\"og:site_name\" content=\"La Malagueta Tour\" \/>\n<meta property=\"article:publisher\" content=\"https:\/\/www.facebook.com\/plazamalaguetatour\/\" \/>\n<meta property=\"article:modified_time\" content=\"2024-12-09T11:07:11+00:00\" \/>\n<meta name=\"twitter:card\" content=\"summary_large_image\" \/>\n<meta name=\"twitter:label1\" content=\"Gesch\u00e4tzte Lesezeit\" \/>\n\t<meta name=\"twitter:data1\" content=\"2\u00a0Minuten\" \/>\n<script type=\"application\/ld+json\" class=\"yoast-schema-graph\">{\"@context\":\"https:\\\/\\\/schema.org\",\"@graph\":[{\"@type\":\"WebPage\",\"@id\":\"https:\\\/\\\/lamalaguetatour.com\\\/de\\\/rechtlicher-hinweis\\\/\",\"url\":\"https:\\\/\\\/lamalaguetatour.com\\\/de\\\/rechtlicher-hinweis\\\/\",\"name\":\"Rechtlicher Hinweis - La Malagueta Tour\",\"isPartOf\":{\"@id\":\"https:\\\/\\\/lamalaguetatour.com\\\/de\\\/#website\"},\"datePublished\":\"2024-10-03T13:13:38+00:00\",\"dateModified\":\"2024-12-09T11:07:11+00:00\",\"breadcrumb\":{\"@id\":\"https:\\\/\\\/lamalaguetatour.com\\\/de\\\/rechtlicher-hinweis\\\/#breadcrumb\"},\"inLanguage\":\"de\",\"potentialAction\":[{\"@type\":\"ReadAction\",\"target\":[\"https:\\\/\\\/lamalaguetatour.com\\\/de\\\/rechtlicher-hinweis\\\/\"]}]},{\"@type\":\"BreadcrumbList\",\"@id\":\"https:\\\/\\\/lamalaguetatour.com\\\/de\\\/rechtlicher-hinweis\\\/#breadcrumb\",\"itemListElement\":[{\"@type\":\"ListItem\",\"position\":1,\"name\":\"Portada\",\"item\":\"https:\\\/\\\/lamalaguetatour.com\\\/de\\\/\"},{\"@type\":\"ListItem\",\"position\":2,\"name\":\"Rechtlicher Hinweis\"}]},{\"@type\":\"WebSite\",\"@id\":\"https:\\\/\\\/lamalaguetatour.com\\\/de\\\/#website\",\"url\":\"https:\\\/\\\/lamalaguetatour.com\\\/de\\\/\",\"name\":\"La Malagueta Tour\",\"description\":\"Tour Plaza de Toros M\u00e1laga\",\"publisher\":{\"@id\":\"https:\\\/\\\/lamalaguetatour.com\\\/de\\\/#organization\"},\"potentialAction\":[{\"@type\":\"SearchAction\",\"target\":{\"@type\":\"EntryPoint\",\"urlTemplate\":\"https:\\\/\\\/lamalaguetatour.com\\\/de\\\/?s={search_term_string}\"},\"query-input\":{\"@type\":\"PropertyValueSpecification\",\"valueRequired\":true,\"valueName\":\"search_term_string\"}}],\"inLanguage\":\"de\"},{\"@type\":\"Organization\",\"@id\":\"https:\\\/\\\/lamalaguetatour.com\\\/de\\\/#organization\",\"name\":\"La Malagueta Tour\",\"url\":\"https:\\\/\\\/lamalaguetatour.com\\\/de\\\/\",\"logo\":{\"@type\":\"ImageObject\",\"inLanguage\":\"de\",\"@id\":\"https:\\\/\\\/lamalaguetatour.com\\\/de\\\/#\\\/schema\\\/logo\\\/image\\\/\",\"url\":\"https:\\\/\\\/lamalaguetatour.com\\\/wp-content\\\/uploads\\\/2024\\\/12\\\/cropped-Logo.webp\",\"contentUrl\":\"https:\\\/\\\/lamalaguetatour.com\\\/wp-content\\\/uploads\\\/2024\\\/12\\\/cropped-Logo.webp\",\"width\":512,\"height\":512,\"caption\":\"La Malagueta Tour\"},\"image\":{\"@id\":\"https:\\\/\\\/lamalaguetatour.com\\\/de\\\/#\\\/schema\\\/logo\\\/image\\\/\"},\"sameAs\":[\"https:\\\/\\\/www.facebook.com\\\/plazamalaguetatour\\\/\",\"https:\\\/\\\/www.instagram.com\\\/plazamalagueta_tour\\\/\"]}]}<\/script>\n<!-- \/ Yoast SEO plugin. -->","yoast_head_json":{"title":"Rechtlicher Hinweis - La Malagueta Tour","robots":{"index":"noindex","follow":"follow"},"og_locale":"de_DE","og_type":"article","og_title":"Rechtlicher Hinweis - La Malagueta Tour","og_url":"https:\/\/lamalaguetatour.com\/de\/rechtlicher-hinweis\/","og_site_name":"La Malagueta Tour","article_publisher":"https:\/\/www.facebook.com\/plazamalaguetatour\/","article_modified_time":"2024-12-09T11:07:11+00:00","twitter_card":"summary_large_image","twitter_misc":{"Gesch\u00e4tzte Lesezeit":"2\u00a0Minuten"},"schema":{"@context":"https:\/\/schema.org","@graph":[{"@type":"WebPage","@id":"https:\/\/lamalaguetatour.com\/de\/rechtlicher-hinweis\/","url":"https:\/\/lamalaguetatour.com\/de\/rechtlicher-hinweis\/","name":"Rechtlicher Hinweis - La Malagueta Tour","isPartOf":{"@id":"https:\/\/lamalaguetatour.com\/de\/#website"},"datePublished":"2024-10-03T13:13:38+00:00","dateModified":"2024-12-09T11:07:11+00:00","breadcrumb":{"@id":"https:\/\/lamalaguetatour.com\/de\/rechtlicher-hinweis\/#breadcrumb"},"inLanguage":"de","potentialAction":[{"@type":"ReadAction","target":["https:\/\/lamalaguetatour.com\/de\/rechtlicher-hinweis\/"]}]},{"@type":"BreadcrumbList","@id":"https:\/\/lamalaguetatour.com\/de\/rechtlicher-hinweis\/#breadcrumb","itemListElement":[{"@type":"ListItem","position":1,"name":"Portada","item":"https:\/\/lamalaguetatour.com\/de\/"},{"@type":"ListItem","position":2,"name":"Rechtlicher Hinweis"}]},{"@type":"WebSite","@id":"https:\/\/lamalaguetatour.com\/de\/#website","url":"https:\/\/lamalaguetatour.com\/de\/","name":"La Malagueta Tour","description":"Tour Plaza de Toros M\u00e1laga","publisher":{"@id":"https:\/\/lamalaguetatour.com\/de\/#organization"},"potentialAction":[{"@type":"SearchAction","target":{"@type":"EntryPoint","urlTemplate":"https:\/\/lamalaguetatour.com\/de\/?s={search_term_string}"},"query-input":{"@type":"PropertyValueSpecification","valueRequired":true,"valueName":"search_term_string"}}],"inLanguage":"de"},{"@type":"Organization","@id":"https:\/\/lamalaguetatour.com\/de\/#organization","name":"La Malagueta Tour","url":"https:\/\/lamalaguetatour.com\/de\/","logo":{"@type":"ImageObject","inLanguage":"de","@id":"https:\/\/lamalaguetatour.com\/de\/#\/schema\/logo\/image\/","url":"https:\/\/lamalaguetatour.com\/wp-content\/uploads\/2024\/12\/cropped-Logo.webp","contentUrl":"https:\/\/lamalaguetatour.com\/wp-content\/uploads\/2024\/12\/cropped-Logo.webp","width":512,"height":512,"caption":"La Malagueta Tour"},"image":{"@id":"https:\/\/lamalaguetatour.com\/de\/#\/schema\/logo\/image\/"},"sameAs":["https:\/\/www.facebook.com\/plazamalaguetatour\/","https:\/\/www.instagram.com\/plazamalagueta_tour\/"]}]}},"_links":{"self":[{"href":"https:\/\/lamalaguetatour.com\/de\/wp-json\/wp\/v2\/pages\/921","targetHints":{"allow":["GET"]}}],"collection":[{"href":"https:\/\/lamalaguetatour.com\/de\/wp-json\/wp\/v2\/pages"}],"about":[{"href":"https:\/\/lamalaguetatour.com\/de\/wp-json\/wp\/v2\/types\/page"}],"author":[{"embeddable":true,"href":"https:\/\/lamalaguetatour.com\/de\/wp-json\/wp\/v2\/users\/2"}],"replies":[{"embeddable":true,"href":"https:\/\/lamalaguetatour.com\/de\/wp-json\/wp\/v2\/comments?post=921"}],"version-history":[{"count":2,"href":"https:\/\/lamalaguetatour.com\/de\/wp-json\/wp\/v2\/pages\/921\/revisions"}],"predecessor-version":[{"id":925,"href":"https:\/\/lamalaguetatour.com\/de\/wp-json\/wp\/v2\/pages\/921\/revisions\/925"}],"wp:attachment":[{"href":"https:\/\/lamalaguetatour.com\/de\/wp-json\/wp\/v2\/media?parent=921"}],"curies":[{"name":"wp","href":"https:\/\/api.w.org\/{rel}","templated":true}]}}