{"id":1484,"date":"2024-10-04T16:32:19","date_gmt":"2024-10-04T14:32:19","guid":{"rendered":"https:\/\/lamalaguetatour.com\/fachleute-und-agenturen\/"},"modified":"2025-01-27T15:08:57","modified_gmt":"2025-01-27T14:08:57","slug":"fachleute-und-agenturen","status":"publish","type":"page","link":"https:\/\/lamalaguetatour.com\/de\/fachleute-und-agenturen\/","title":{"rendered":"Fachleute und Agenturen"},"content":{"rendered":"<section class=\"l-section wpb_row us_custom_5372a688 height_large\"><div class=\"l-section-h i-cf\"><div class=\"g-cols vc_row via_grid cols_2 laptops-cols_inherit tablets-cols_1 mobiles-cols_1 valign_middle type_default stacking_default\" style=\"--columns-gap:4vw;\"><div class=\"wpb_column vc_column_container us_custom_bdbb4a49\"><div class=\"vc_column-inner\"><div class=\"wpb_text_column us_custom_933613eb\"><div class=\"wpb_wrapper\"><h1>Tourismusfachleute und Agenturen<\/h1>\n<p>Bieten Sie unsere Dienste an und erhalten Sie Sonderkonditionen<\/p>\n<\/div><\/div><div class=\"w-separator size_small\"><\/div><div class=\"w-btn-wrapper align_none\"><a class=\"w-btn us-btn-style_1\" target=\"_blank\" href=\"https:\/\/seller.clorian.com\/register\"><span class=\"w-btn-label\">Registrieren Sie sich<\/span><\/a><\/div><\/div><\/div><div class=\"wpb_column vc_column_container\"><div class=\"vc_column-inner\"><div class=\"w-image us_custom_f7999c5b has_ratio align_center\"><div class=\"w-image-h\"><div style=\"padding-bottom:100%\"><\/div><img decoding=\"async\" width=\"800\" height=\"800\" src=\"https:\/\/lamalaguetatour.com\/wp-content\/uploads\/2024\/11\/Tendidos.webp\" class=\"attachment-large size-large\" alt=\"Stierkampfarena liegend\" loading=\"lazy\" \/><\/div><\/div><\/div><\/div><\/div><\/div><\/section><section class=\"l-section wpb_row height_large\"><div class=\"l-section-h i-cf\"><div class=\"g-cols vc_row via_grid cols_1 laptops-cols_inherit tablets-cols_inherit mobiles-cols_1 valign_top type_default stacking_default\"><div class=\"wpb_column vc_column_container\"><div class=\"vc_column-inner\"><div class=\"wpb_text_column us_custom_99dce4f6\"><div class=\"wpb_wrapper\"><h2 style=\"text-align: center;\">Vorteile, ein Lieferant zu werden<\/h2>\n<\/div><\/div><div class=\"w-separator size_large\"><\/div><div class=\"g-cols wpb_row via_grid cols_3 laptops-cols_inherit tablets-cols_inherit mobiles-cols_1 valign_top type_default stacking_default\" style=\"--columns-gap:1.5rem;\"><div class=\"wpb_column vc_column_container us_custom_d8743621 has_text_color has_bg_color\"><div class=\"vc_column-inner\"><div class=\"w-iconbox iconpos_top style_default color_primary align_left no_text no_title\"><div class=\"w-iconbox-icon\" style=\"font-size:80px;\"><i class=\"fas fa-usd-circle\"><\/i><\/div><div class=\"w-iconbox-meta\"><\/div><\/div><div class=\"w-separator size_small\"><\/div><div class=\"wpb_text_column us_custom_81a92080\"><div class=\"wpb_wrapper\"><h3>Verkaufsprovisionen<\/h3>\n<p>Erhalten Sie Sonderkonditionen f\u00fcr jeden Verkauf, den Sie \u00fcber Ihr Unternehmen generieren. Je mehr Kunden Sie anwerben, desto mehr Provision!<\/p>\n<\/div><\/div><\/div><\/div><div class=\"wpb_column vc_column_container us_custom_d8743621 has_text_color has_bg_color\"><div class=\"vc_column-inner\"><div class=\"w-iconbox iconpos_top style_default color_primary align_left no_text no_title\"><div class=\"w-iconbox-icon\" style=\"font-size:80px;\"><i class=\"fas fa-check-circle\"><\/i><\/div><div class=\"w-iconbox-meta\"><\/div><\/div><div class=\"w-separator size_small\"><\/div><div class=\"wpb_text_column us_custom_81a92080\"><div class=\"wpb_wrapper\"><h3>Einfaches Buchen<\/h3>\n<p>Alle Buchungen werden \u00fcber die Clorian-Anwendung vorgenommen.<br \/>\nVerwalten Sie Termine, Dienste und Zeitpl\u00e4ne schnell und einfach.<\/p>\n<\/div><\/div><\/div><\/div><div class=\"wpb_column vc_column_container us_custom_d8743621 has_text_color has_bg_color\"><div class=\"vc_column-inner\"><div class=\"w-iconbox iconpos_top style_default color_primary align_left no_text no_title\"><div class=\"w-iconbox-icon\" style=\"font-size:80px;\"><i class=\"fas fa-smile-wink\"><\/i><\/div><div class=\"w-iconbox-meta\"><\/div><\/div><div class=\"w-separator size_small\"><\/div><div class=\"wpb_text_column us_custom_81a92080\"><div class=\"wpb_wrapper\"><h3>100%ige Zufriedenheit<\/h3>\n<p>Bieten Sie Ihren Kunden eine hochwertige Tour, die Kundenzufriedenheit und Weiterempfehlung garantiert.<\/p>\n<\/div><\/div><\/div><\/div><\/div><\/div><\/div><\/div><\/div><\/section><section class=\"l-section wpb_row us_custom_c70c97eb height_large\"><div class=\"l-section-h i-cf\"><div class=\"g-cols vc_row via_grid cols_1-3 laptops-cols_inherit tablets-cols_1 mobiles-cols_1 valign_top type_default stacking_default\"><div class=\"wpb_column vc_column_container\"><div class=\"vc_column-inner\"><h2 class=\"w-text\"><span class=\"w-text-h\"><span class=\"w-text-value\">Wie registriere ich mich als Lieferant?<\/span><\/span><\/h2><div class=\"w-separator size_medium\"><\/div><div class=\"w-btn-wrapper align_none\"><a class=\"w-btn us-btn-style_1\" target=\"_blank\" href=\"https:\/\/seller.clorian.com\/register\"><span class=\"w-btn-label\">Registrieren Sie sich<\/span><\/a><\/div><\/div><\/div><div class=\"wpb_column vc_column_container\"><div class=\"vc_column-inner\"><div class=\"g-cols wpb_row via_grid cols_2 laptops-cols_1 tablets-cols_inherit mobiles-cols_1 valign_top type_default stacking_default\" style=\"--columns-gap:3rem;\"><div class=\"wpb_column vc_column_container\"><div class=\"vc_column-inner\"><div class=\"w-text us_custom_b82c4d9f has_text_color\"><span class=\"w-text-h\"><span class=\"w-text-value\">01<\/span><\/span><\/div><div class=\"wpb_text_column\"><div class=\"wpb_wrapper\"><h4>Registrieren Sie sich<\/h4>\n<p><span class=\"OYPEnA text-decoration-none text-strikethrough-none\">Registrieren Sie Ihr Unternehmen unter <a href=\"http:\/\/seller.clorian.com\/register\">seller.clorian.com\/register<\/a><\/span><\/p>\n<\/div><\/div><\/div><\/div><div class=\"wpb_column vc_column_container\"><div class=\"vc_column-inner\"><div class=\"w-text us_custom_b82c4d9f has_text_color\"><span class=\"w-text-h\"><span class=\"w-text-value\">02<\/span><\/span><\/div><div class=\"wpb_text_column\"><div class=\"wpb_wrapper\"><h4>Zugriff auf das Panel<\/h4>\n<p>Loggen Sie sich in Ihr Konto ein und finden Sie uns unter allen Anbietern.<\/p>\n<\/div><\/div><\/div><\/div><div class=\"wpb_column vc_column_container\"><div class=\"vc_column-inner\"><div class=\"w-text us_custom_b82c4d9f has_text_color\"><span class=\"w-text-h\"><span class=\"w-text-value\">03<\/span><\/span><\/div><div class=\"wpb_text_column\"><div class=\"wpb_wrapper\"><h4>Zugang zur Tour anfordern<\/h4>\n<p>Bewerben Sie sich als Lieferant f\u00fcr die Stierkampfarena von M\u00e1laga.<\/p>\n<\/div><\/div><\/div><\/div><div class=\"wpb_column vc_column_container\"><div class=\"vc_column-inner\"><div class=\"w-text us_custom_b82c4d9f has_text_color\"><span class=\"w-text-h\"><span class=\"w-text-value\">04<\/span><\/span><\/div><div class=\"wpb_text_column\"><div class=\"wpb_wrapper\"><h4>Wir akzeptieren Ihre Bewerbung<\/h4>\n<p>Sie k\u00f6nnen jetzt Tickets buchen und automatisch Provisionen verdienen!<\/p>\n<\/div><\/div><\/div><\/div><\/div><\/div><\/div><\/div><\/div><\/section><section class=\"l-section wpb_row height_large\"><div class=\"l-section-h i-cf\"><div class=\"g-cols vc_row via_grid cols_1 laptops-cols_inherit tablets-cols_inherit mobiles-cols_1 valign_top type_default stacking_default\"><div class=\"wpb_column vc_column_container\"><div class=\"vc_column-inner\"><div class=\"wpb_text_column us_custom_2e9da019\"><div class=\"wpb_wrapper\"><h2 style=\"text-align: center;\">Zus\u00e4tzliche Dienstleistungen f\u00fcr Agenturen<\/h2>\n<\/div><\/div><div class=\"w-separator size_huge\"><\/div><div class=\"g-cols wpb_row via_grid cols_2 laptops-cols_inherit tablets-cols_inherit mobiles-cols_1 valign_middle type_default reversed stacking_default\" style=\"--columns-gap:4vw;\"><div class=\"wpb_column vc_column_container\"><div class=\"vc_column-inner\"><div class=\"w-image us_custom_04570ec2 style_shadow-2 has_ratio align_none\"><div class=\"w-image-h\"><div style=\"padding-bottom:75%\"><\/div><div class=\"w-image-shadow\" style=\"background-image:url(https:\/\/lamalaguetatour.com\/wp-content\/uploads\/2025\/01\/Captura-de-pantalla-2025-01-27-a-las-15.06.02-1024x629.png);\"><\/div><img decoding=\"async\" width=\"1024\" height=\"629\" src=\"https:\/\/lamalaguetatour.com\/wp-content\/uploads\/2025\/01\/Captura-de-pantalla-2025-01-27-a-las-15.06.02-1024x629.png\" class=\"attachment-large size-large\" alt=\"\" loading=\"lazy\" \/><\/div><\/div><\/div><\/div><div class=\"wpb_column vc_column_container\"><div class=\"vc_column-inner\"><div class=\"wpb_text_column us_custom_d98eb4eb\"><div class=\"wpb_wrapper\"><h3><strong>Stierkampf-Vorf\u00fchrung<\/strong><\/h3>\n<p>Im Rahmen des Besuchs k\u00f6nnen wir eine Stierkampfvorf\u00fchrung der Sch\u00fcler der Stierkampfschule von M\u00e1laga organisieren.<\/p>\n<\/div><\/div><\/div><\/div><\/div><div class=\"w-separator size_large\"><\/div><div class=\"g-cols wpb_row via_grid cols_2 laptops-cols_inherit tablets-cols_inherit mobiles-cols_1 valign_middle type_default stacking_default\" style=\"--columns-gap:4vw;\"><div class=\"wpb_column vc_column_container\"><div class=\"vc_column-inner\"><div class=\"wpb_text_column us_custom_d98eb4eb\"><div class=\"wpb_wrapper\"><h3><strong>Besuche von Viehzuchtbetrieben<\/strong><\/h3>\n<p>Eine 360\u00ba Tour<\/p>\n<p>Nach dem Besuch der Stierkampfarena k\u00f6nnen Sie eine Bustour zu einer der wichtigsten Rinderfarmen Spaniens unternehmen, die 30 Minuten von M\u00e1laga entfernt liegt, damit Sie die Welt des Stierkampfes im Detail kennenlernen k\u00f6nnen.<\/p>\n<\/div><\/div><\/div><\/div><div class=\"wpb_column vc_column_container\"><div class=\"vc_column-inner\"><div class=\"w-image us_custom_04570ec2 style_shadow-2 has_ratio align_none\"><div class=\"w-image-h\"><div style=\"padding-bottom:75%\"><\/div><div class=\"w-image-shadow\" style=\"background-image:url(https:\/\/lamalaguetatour.com\/wp-content\/uploads\/2025\/01\/Captura-de-pantalla-2025-01-27-a-las-15.07.48-1024x627.png);\"><\/div><img decoding=\"async\" width=\"1024\" height=\"627\" src=\"https:\/\/lamalaguetatour.com\/wp-content\/uploads\/2025\/01\/Captura-de-pantalla-2025-01-27-a-las-15.07.48-1024x627.png\" class=\"attachment-large size-large\" alt=\"\" loading=\"lazy\" \/><\/div><\/div><\/div><\/div><\/div><\/div><\/div><\/div><\/div><\/section><section class=\"l-section wpb_row height_large\"><div class=\"l-section-h i-cf\"><div class=\"g-cols vc_row via_grid cols_2 laptops-cols_1 tablets-cols_inherit mobiles-cols_1 valign_top type_default stacking_default\"><div class=\"wpb_column vc_column_container type_sticky\"><div class=\"vc_column-inner\"><h2 class=\"w-text us_custom_d98eb4eb\"><span class=\"w-text-h\"><span class=\"w-text-value\">Sind Sie bereit, zusammenzuarbeiten?<\/span><\/span><\/h2><\/div><\/div><div class=\"wpb_column vc_column_container\"><div class=\"vc_column-inner\"><div class=\"g-cols wpb_row via_grid cols_2 laptops-cols_inherit tablets-cols_inherit mobiles-cols_1 valign_top type_default stacking_default\" style=\"--columns-gap:3rem;\"><div class=\"wpb_column vc_column_container\"><div class=\"vc_column-inner\"><div class=\"w-counter color_heading align_none animation_none\" data-duration=\"2\" style=\"--w-counter-duration: 2s;\"><div class=\"w-counter-value\" aria-label=\"215\"><span class=\"w-counter-value-part final\" aria-hidden=\"true\">215<\/span><span class=\"w-counter-value-part hidden type_text\" aria-hidden=\"true\" data-final><\/span><span class=\"w-counter-value-part hidden type_number\" aria-hidden=\"true\" data-final=\"215\">0<\/span><span class=\"w-counter-value-part hidden type_text\" aria-hidden=\"true\" data-final><\/span><\/div><h6 class=\"w-counter-title\" style=\"margin-top:0.4rem;\">Registrierte Lieferanten<\/h6><\/div><\/div><\/div><div class=\"wpb_column vc_column_container\"><div class=\"vc_column-inner\"><div class=\"w-counter color_heading align_none animation_none\" data-duration=\"2\" style=\"--w-counter-duration: 2s;\"><div class=\"w-counter-value\" aria-label=\"12\"><span class=\"w-counter-value-part final\" aria-hidden=\"true\">12<\/span><span class=\"w-counter-value-part hidden type_text\" aria-hidden=\"true\" data-final><\/span><span class=\"w-counter-value-part hidden type_number\" aria-hidden=\"true\" data-final=\"12\">0<\/span><span class=\"w-counter-value-part hidden type_text\" aria-hidden=\"true\" data-final><\/span><\/div><h6 class=\"w-counter-title\" style=\"margin-top:0.4rem;\">Jahre im Sektor<\/h6><\/div><\/div><\/div><\/div><\/div><\/div><\/div><\/div><\/section><section class=\"l-section wpb_row height_auto width_full color_alternate\"><div class=\"l-section-h i-cf\"><div class=\"g-cols vc_row via_grid cols_2 laptops-cols_inherit tablets-cols_inherit mobiles-cols_1 valign_middle type_boxes reversed stacking_default\" style=\"--columns-gap:0rem;\"><div class=\"wpb_column vc_column_container us_custom_65226a90 hide_on_mobiles has_bg_color\"><div class=\"vc_column-inner\"><\/div><\/div><div class=\"wpb_column vc_column_container us_custom_dc787efe\"><div class=\"vc_column-inner\"><div class=\"wpb_text_column\"><div class=\"wpb_wrapper\"><h2>Kontakt mit uns<\/h2>\n<p>Haben Sie Zweifel?<br \/>\nWir helfen Ihnen dabei, ein Lieferant zu werden. <\/p>\n<\/div><\/div><div class=\"w-separator size_medium\"><\/div><h3 class=\"w-text\"><a href=\"tel:+34 687 739 032\" class=\"w-text-h\"><span class=\"w-text-value\">+34 687 739 032<\/span><\/a><\/h3><h3 class=\"w-text\"><a href=\"mailto:\/\/info@lamalaguetatour.com\" class=\"w-text-h\"><span class=\"w-text-value\">info@lamalaguetatour.com<\/span><\/a><\/h3><\/div><\/div><\/div><\/div><\/section>\n","protected":false},"excerpt":{"rendered":"Tourismusfachleute und Agenturen Bieten Sie unsere Dienste an und erhalten Sie Sonderkonditionen Registrieren Sie sichVorteile, ein Lieferant zu werden Verkaufsprovisionen Erhalten Sie Sonderkonditionen f\u00fcr jeden Verkauf, den Sie \u00fcber Ihr Unternehmen generieren. Je mehr Kunden Sie anwerben, desto mehr Provision! Einfaches Buchen Alle Buchungen werden \u00fcber die Clorian-Anwendung vorgenommen. Verwalten Sie Termine, Dienste und Zeitpl\u00e4ne...","protected":false},"author":2,"featured_media":0,"parent":0,"menu_order":0,"comment_status":"closed","ping_status":"closed","template":"","meta":{"footnotes":""},"class_list":["post-1484","page","type-page","status-publish","hentry"],"yoast_head":"<!-- This site is optimized with the Yoast SEO plugin v27.3 - https:\/\/yoast.com\/product\/yoast-seo-wordpress\/ -->\n<title>Fachleute und Agenturen : Stierkampfarena Tour M\u00e1laga<\/title>\n<meta name=\"description\" content=\"M\u00f6chten Sie mit der Malagueta-Tour zusammenarbeiten? Melden Sie sich bei unserem Portal an und verdienen Sie Provisionen f\u00fcr jeden Verkauf, den Sie t\u00e4tigen.\" \/>\n<meta name=\"robots\" content=\"index, follow, max-snippet:-1, max-image-preview:large, max-video-preview:-1\" \/>\n<link rel=\"canonical\" href=\"https:\/\/lamalaguetatour.com\/de\/fachleute-und-agenturen\/\" \/>\n<meta property=\"og:locale\" content=\"de_DE\" \/>\n<meta property=\"og:type\" content=\"article\" \/>\n<meta property=\"og:title\" content=\"Fachleute und Agenturen : Stierkampfarena Tour M\u00e1laga\" \/>\n<meta property=\"og:description\" content=\"M\u00f6chten Sie mit der Malagueta-Tour zusammenarbeiten? Melden Sie sich bei unserem Portal an und verdienen Sie Provisionen f\u00fcr jeden Verkauf, den Sie t\u00e4tigen.\" \/>\n<meta property=\"og:url\" content=\"https:\/\/lamalaguetatour.com\/de\/fachleute-und-agenturen\/\" \/>\n<meta property=\"og:site_name\" content=\"La Malagueta Tour\" \/>\n<meta property=\"article:modified_time\" content=\"2025-01-27T14:08:57+00:00\" \/>\n<meta name=\"twitter:card\" content=\"summary_large_image\" \/>\n<meta name=\"twitter:label1\" content=\"Gesch\u00e4tzte Lesezeit\" \/>\n\t<meta name=\"twitter:data1\" content=\"7\u00a0Minuten\" \/>\n<script type=\"application\/ld+json\" class=\"yoast-schema-graph\">{\"@context\":\"https:\\\/\\\/schema.org\",\"@graph\":[{\"@type\":\"WebPage\",\"@id\":\"https:\\\/\\\/lamalaguetatour.com\\\/de\\\/fachleute-und-agenturen\\\/\",\"url\":\"https:\\\/\\\/lamalaguetatour.com\\\/de\\\/fachleute-und-agenturen\\\/\",\"name\":\"Fachleute und Agenturen : Stierkampfarena Tour M\u00e1laga\",\"isPartOf\":{\"@id\":\"https:\\\/\\\/lamalaguetatour.com\\\/de\\\/#website\"},\"datePublished\":\"2024-10-04T14:32:19+00:00\",\"dateModified\":\"2025-01-27T14:08:57+00:00\",\"description\":\"M\u00f6chten Sie mit der Malagueta-Tour zusammenarbeiten? Melden Sie sich bei unserem Portal an und verdienen Sie Provisionen f\u00fcr jeden Verkauf, den Sie t\u00e4tigen.\",\"breadcrumb\":{\"@id\":\"https:\\\/\\\/lamalaguetatour.com\\\/de\\\/fachleute-und-agenturen\\\/#breadcrumb\"},\"inLanguage\":\"de\",\"potentialAction\":[{\"@type\":\"ReadAction\",\"target\":[\"https:\\\/\\\/lamalaguetatour.com\\\/de\\\/fachleute-und-agenturen\\\/\"]}]},{\"@type\":\"BreadcrumbList\",\"@id\":\"https:\\\/\\\/lamalaguetatour.com\\\/de\\\/fachleute-und-agenturen\\\/#breadcrumb\",\"itemListElement\":[{\"@type\":\"ListItem\",\"position\":1,\"name\":\"Portada\",\"item\":\"https:\\\/\\\/lamalaguetatour.com\\\/de\\\/\"},{\"@type\":\"ListItem\",\"position\":2,\"name\":\"Fachleute und Agenturen\"}]},{\"@type\":\"WebSite\",\"@id\":\"https:\\\/\\\/lamalaguetatour.com\\\/de\\\/#website\",\"url\":\"https:\\\/\\\/lamalaguetatour.com\\\/de\\\/\",\"name\":\"La Malagueta Tour\",\"description\":\"Tour Plaza de Toros M\u00e1laga\",\"potentialAction\":[{\"@type\":\"SearchAction\",\"target\":{\"@type\":\"EntryPoint\",\"urlTemplate\":\"https:\\\/\\\/lamalaguetatour.com\\\/de\\\/?s={search_term_string}\"},\"query-input\":{\"@type\":\"PropertyValueSpecification\",\"valueRequired\":true,\"valueName\":\"search_term_string\"}}],\"inLanguage\":\"de\"}]}<\/script>\n<!-- \/ Yoast SEO plugin. -->","yoast_head_json":{"title":"Fachleute und Agenturen : Stierkampfarena Tour M\u00e1laga","description":"M\u00f6chten Sie mit der Malagueta-Tour zusammenarbeiten? Melden Sie sich bei unserem Portal an und verdienen Sie Provisionen f\u00fcr jeden Verkauf, den Sie t\u00e4tigen.","robots":{"index":"index","follow":"follow","max-snippet":"max-snippet:-1","max-image-preview":"max-image-preview:large","max-video-preview":"max-video-preview:-1"},"canonical":"https:\/\/lamalaguetatour.com\/de\/fachleute-und-agenturen\/","og_locale":"de_DE","og_type":"article","og_title":"Fachleute und Agenturen : Stierkampfarena Tour M\u00e1laga","og_description":"M\u00f6chten Sie mit der Malagueta-Tour zusammenarbeiten? Melden Sie sich bei unserem Portal an und verdienen Sie Provisionen f\u00fcr jeden Verkauf, den Sie t\u00e4tigen.","og_url":"https:\/\/lamalaguetatour.com\/de\/fachleute-und-agenturen\/","og_site_name":"La Malagueta Tour","article_modified_time":"2025-01-27T14:08:57+00:00","twitter_card":"summary_large_image","twitter_misc":{"Gesch\u00e4tzte Lesezeit":"7\u00a0Minuten"},"schema":{"@context":"https:\/\/schema.org","@graph":[{"@type":"WebPage","@id":"https:\/\/lamalaguetatour.com\/de\/fachleute-und-agenturen\/","url":"https:\/\/lamalaguetatour.com\/de\/fachleute-und-agenturen\/","name":"Fachleute und Agenturen : Stierkampfarena Tour M\u00e1laga","isPartOf":{"@id":"https:\/\/lamalaguetatour.com\/de\/#website"},"datePublished":"2024-10-04T14:32:19+00:00","dateModified":"2025-01-27T14:08:57+00:00","description":"M\u00f6chten Sie mit der Malagueta-Tour zusammenarbeiten? Melden Sie sich bei unserem Portal an und verdienen Sie Provisionen f\u00fcr jeden Verkauf, den Sie t\u00e4tigen.","breadcrumb":{"@id":"https:\/\/lamalaguetatour.com\/de\/fachleute-und-agenturen\/#breadcrumb"},"inLanguage":"de","potentialAction":[{"@type":"ReadAction","target":["https:\/\/lamalaguetatour.com\/de\/fachleute-und-agenturen\/"]}]},{"@type":"BreadcrumbList","@id":"https:\/\/lamalaguetatour.com\/de\/fachleute-und-agenturen\/#breadcrumb","itemListElement":[{"@type":"ListItem","position":1,"name":"Portada","item":"https:\/\/lamalaguetatour.com\/de\/"},{"@type":"ListItem","position":2,"name":"Fachleute und Agenturen"}]},{"@type":"WebSite","@id":"https:\/\/lamalaguetatour.com\/de\/#website","url":"https:\/\/lamalaguetatour.com\/de\/","name":"La Malagueta Tour","description":"Tour Plaza de Toros M\u00e1laga","potentialAction":[{"@type":"SearchAction","target":{"@type":"EntryPoint","urlTemplate":"https:\/\/lamalaguetatour.com\/de\/?s={search_term_string}"},"query-input":{"@type":"PropertyValueSpecification","valueRequired":true,"valueName":"search_term_string"}}],"inLanguage":"de"}]}},"_links":{"self":[{"href":"https:\/\/lamalaguetatour.com\/de\/wp-json\/wp\/v2\/pages\/1484","targetHints":{"allow":["GET"]}}],"collection":[{"href":"https:\/\/lamalaguetatour.com\/de\/wp-json\/wp\/v2\/pages"}],"about":[{"href":"https:\/\/lamalaguetatour.com\/de\/wp-json\/wp\/v2\/types\/page"}],"author":[{"embeddable":true,"href":"https:\/\/lamalaguetatour.com\/de\/wp-json\/wp\/v2\/users\/2"}],"replies":[{"embeddable":true,"href":"https:\/\/lamalaguetatour.com\/de\/wp-json\/wp\/v2\/comments?post=1484"}],"version-history":[{"count":6,"href":"https:\/\/lamalaguetatour.com\/de\/wp-json\/wp\/v2\/pages\/1484\/revisions"}],"predecessor-version":[{"id":2022,"href":"https:\/\/lamalaguetatour.com\/de\/wp-json\/wp\/v2\/pages\/1484\/revisions\/2022"}],"wp:attachment":[{"href":"https:\/\/lamalaguetatour.com\/de\/wp-json\/wp\/v2\/media?parent=1484"}],"curies":[{"name":"wp","href":"https:\/\/api.w.org\/{rel}","templated":true}]}}